{"id":118618,"date":"2023-03-13T23:42:14","date_gmt":"2023-03-13T22:42:14","guid":{"rendered":"https:\/\/faro-gruppe.de\/?page_id=118618"},"modified":"2023-08-11T22:05:01","modified_gmt":"2023-08-11T20:05:01","slug":"food-specials-2","status":"publish","type":"page","link":"https:\/\/faro-gruppe.de\/en\/locations\/white-spreelounge\/kundenbereich\/catering\/speisenauswahl-alt\/tischbuffets\/","title":{"rendered":"Table buffets"},"content":{"rendered":"<div data-elementor-type=\"wp-page\" data-elementor-id=\"118618\" class=\"elementor elementor-118618\" data-elementor-settings=\"{&quot;ha_cmc_init_switcher&quot;:&quot;no&quot;}\" data-elementor-post-type=\"page\">\n\t\t\t\t\t\t<section class=\"elementor-section elementor-top-section elementor-element elementor-element-9c09c64 elementor-section-height-min-height elementor-section-boxed elementor-section-height-default elementor-section-items-middle\" data-id=\"9c09c64\" data-element_type=\"section\" data-e-type=\"section\" data-settings=\"{&quot;background_background&quot;:&quot;classic&quot;,&quot;background_image&quot;:{&quot;url&quot;:&quot;https:\\\/\\\/faro-gruppe.de\\\/wp-content\\\/uploads\\\/2023\\\/03\\\/2019-11-17-Spreespeicher-Tag-der-offenen-Kuche-Berlin-076-scaled.jpg&quot;,&quot;id&quot;:118764,&quot;size&quot;:&quot;&quot;,&quot;alt&quot;:&quot;&quot;,&quot;source&quot;:&quot;library&quot;},&quot;parallax_background_enable&quot;:&quot;yes&quot;,&quot;parallax_background_speed&quot;:{&quot;unit&quot;:&quot;px&quot;,&quot;size&quot;:1,&quot;sizes&quot;:[]},&quot;background_image_tablet&quot;:{&quot;url&quot;:&quot;&quot;,&quot;id&quot;:&quot;&quot;,&quot;size&quot;:&quot;&quot;},&quot;background_image_mobile&quot;:{&quot;url&quot;:&quot;&quot;,&quot;id&quot;:&quot;&quot;,&quot;size&quot;:&quot;&quot;},&quot;parallax_background_speed_tablet&quot;:{&quot;unit&quot;:&quot;px&quot;,&quot;size&quot;:&quot;&quot;,&quot;sizes&quot;:[]},&quot;parallax_background_speed_mobile&quot;:{&quot;unit&quot;:&quot;px&quot;,&quot;size&quot;:&quot;&quot;,&quot;sizes&quot;:[]},&quot;parallax_background_direction&quot;:&quot;down&quot;,&quot;_ha_eqh_enable&quot;:false}\">\n\t\t\t\t\t\t\t<div class=\"elementor-background-overlay\"><\/div>\n\t\t\t\t\t\t\t<div class=\"elementor-container elementor-column-gap-default\">\n\t\t\t\t\t<div class=\"elementor-column elementor-col-100 elementor-top-column elementor-element elementor-element-402f9ed8\" data-id=\"402f9ed8\" data-element_type=\"column\" data-e-type=\"column\">\n\t\t\t<div class=\"elementor-widget-wrap elementor-element-populated\">\n\t\t\t\t\t\t<div class=\"elementor-element elementor-element-409b0f2 elementor-widget elementor-widget-theme-post-title elementor-page-title elementor-widget-heading\" data-id=\"409b0f2\" data-element_type=\"widget\" data-e-type=\"widget\" data-widget_type=\"theme-post-title.default\">\n\t\t\t\t<div class=\"elementor-widget-container\">\n\t\t\t\t\t<h1 class=\"elementor-heading-title elementor-size-default\">Table buffets<\/h1>\t\t\t\t<\/div>\n\t\t\t\t<\/div>\n\t\t\t\t\t<\/div>\n\t\t<\/div>\n\t\t\t\t\t<\/div>\n\t\t<\/section>\n\t\t\t\t<section class=\"elementor-section elementor-top-section elementor-element elementor-element-0c1034f elementor-section-boxed elementor-section-height-default elementor-section-height-default\" data-id=\"0c1034f\" data-element_type=\"section\" data-e-type=\"section\" data-settings=\"{&quot;_ha_eqh_enable&quot;:false}\">\n\t\t\t\t\t\t<div class=\"elementor-container elementor-column-gap-default\">\n\t\t\t\t\t<div class=\"elementor-column elementor-col-100 elementor-top-column elementor-element elementor-element-7e9ef8f\" data-id=\"7e9ef8f\" data-element_type=\"column\" data-e-type=\"column\">\n\t\t\t<div class=\"elementor-widget-wrap elementor-element-populated\">\n\t\t\t\t\t\t<div class=\"elementor-element elementor-element-aca26bb elementor-widget elementor-widget-ha-breadcrumbs happy-addon ha-breadcrumbs happy-addon-pro\" data-id=\"aca26bb\" data-element_type=\"widget\" data-e-type=\"widget\" data-widget_type=\"ha-breadcrumbs.default\">\n\t\t\t\t<div class=\"elementor-widget-container\">\n\t\t\t\t\t<ul class=\"ha-breadcrumbs\"><li class=\"ha-breadcrumbs-item ha-breadcrumbs-start\"><a href=\"https:\/\/faro-gruppe.de\/en\/\" rel=\"home\"><span class=\"ha-breadcrumbs-text\"><span class=\"ha-breadcrumbs-home-icon\"><span class=\"fas fa-home\" aria-hidden=\"true\"><\/span><\/span>Homepage<\/span><\/a><\/li><\/ul>\t\t\t\t<\/div>\n\t\t\t\t<\/div>\n\t\t\t\t\t<\/div>\n\t\t<\/div>\n\t\t\t\t\t<\/div>\n\t\t<\/section>\n\t\t\t\t<section class=\"elementor-section elementor-top-section elementor-element elementor-element-deee300 elementor-section-boxed elementor-section-height-default elementor-section-height-default\" data-id=\"deee300\" data-element_type=\"section\" data-e-type=\"section\" data-settings=\"{&quot;_ha_eqh_enable&quot;:false}\">\n\t\t\t\t\t\t<div class=\"elementor-container elementor-column-gap-default\">\n\t\t\t\t\t<div class=\"elementor-column elementor-col-33 elementor-top-column elementor-element elementor-element-d28c66d\" data-id=\"d28c66d\" data-element_type=\"column\" data-e-type=\"column\">\n\t\t\t<div class=\"elementor-widget-wrap elementor-element-populated\">\n\t\t\t\t\t\t<div class=\"elementor-element elementor-element-281954a elementor-widget elementor-widget-image\" data-id=\"281954a\" data-element_type=\"widget\" data-e-type=\"widget\" data-widget_type=\"image.default\">\n\t\t\t\t<div class=\"elementor-widget-container\">\n\t\t\t\t\t\t\t\t\t\t\t\t\t\t\t<img fetchpriority=\"high\" decoding=\"async\" width=\"768\" height=\"576\" src=\"https:\/\/faro-gruppe.de\/wp-content\/uploads\/2023\/03\/2019-11-17-Spreespeicher-Tag-der-offenen-Kueche-Berlin-078-768x576.jpg\" class=\"attachment-medium_4by3 size-medium_4by3 wp-image-118719\" alt=\"\" \/>\t\t\t\t\t\t\t\t\t\t\t\t\t\t\t<\/div>\n\t\t\t\t<\/div>\n\t\t\t\t\t<\/div>\n\t\t<\/div>\n\t\t\t\t<div class=\"elementor-column elementor-col-33 elementor-top-column elementor-element elementor-element-a5f54d6\" data-id=\"a5f54d6\" data-element_type=\"column\" data-e-type=\"column\">\n\t\t\t<div class=\"elementor-widget-wrap elementor-element-populated\">\n\t\t\t\t\t\t<div class=\"elementor-element elementor-element-01b0591 elementor-widget elementor-widget-image\" data-id=\"01b0591\" data-element_type=\"widget\" data-e-type=\"widget\" data-widget_type=\"image.default\">\n\t\t\t\t<div class=\"elementor-widget-container\">\n\t\t\t\t\t\t\t\t\t\t\t\t\t\t\t<img decoding=\"async\" width=\"768\" height=\"576\" src=\"https:\/\/faro-gruppe.de\/wp-content\/uploads\/2023\/03\/2019-11-17-Spreespeicher-Tag-der-offenen-Kueche-Berlin-075-scaled-e1678797808554-768x576.jpg\" class=\"attachment-medium_4by3 size-medium_4by3 wp-image-118670\" alt=\"Table buffet\" \/>\t\t\t\t\t\t\t\t\t\t\t\t\t\t\t<\/div>\n\t\t\t\t<\/div>\n\t\t\t\t\t<\/div>\n\t\t<\/div>\n\t\t\t\t<div class=\"elementor-column elementor-col-33 elementor-top-column elementor-element elementor-element-bbe7601\" data-id=\"bbe7601\" data-element_type=\"column\" data-e-type=\"column\">\n\t\t\t<div class=\"elementor-widget-wrap elementor-element-populated\">\n\t\t\t\t\t\t<div class=\"elementor-element elementor-element-d067c30 elementor-widget elementor-widget-image\" data-id=\"d067c30\" data-element_type=\"widget\" data-e-type=\"widget\" data-widget_type=\"image.default\">\n\t\t\t\t<div class=\"elementor-widget-container\">\n\t\t\t\t\t\t\t\t\t\t\t\t\t\t\t<img decoding=\"async\" width=\"768\" height=\"576\" src=\"https:\/\/faro-gruppe.de\/wp-content\/uploads\/2023\/03\/2019-11-17-Spreespeicher-Tag-der-offenen-Kueche-Berlin-218-768x576.jpg\" class=\"attachment-medium_4by3 size-medium_4by3 wp-image-118718\" alt=\"\" \/>\t\t\t\t\t\t\t\t\t\t\t\t\t\t\t<\/div>\n\t\t\t\t<\/div>\n\t\t\t\t\t<\/div>\n\t\t<\/div>\n\t\t\t\t\t<\/div>\n\t\t<\/section>\n\t\t\t\t<section class=\"elementor-section elementor-top-section elementor-element elementor-element-46974e5 elementor-section-boxed elementor-section-height-default elementor-section-height-default\" data-id=\"46974e5\" data-element_type=\"section\" data-e-type=\"section\" data-settings=\"{&quot;_ha_eqh_enable&quot;:false}\">\n\t\t\t\t\t\t<div class=\"elementor-container elementor-column-gap-default\">\n\t\t\t\t\t<div class=\"elementor-column elementor-col-100 elementor-top-column elementor-element elementor-element-ee76733\" data-id=\"ee76733\" data-element_type=\"column\" data-e-type=\"column\">\n\t\t\t<div class=\"elementor-widget-wrap elementor-element-populated\">\n\t\t\t\t\t\t<div class=\"elementor-element elementor-element-3439fff elementor-widget elementor-widget-heading\" data-id=\"3439fff\" data-element_type=\"widget\" data-e-type=\"widget\" data-widget_type=\"heading.default\">\n\t\t\t\t<div class=\"elementor-widget-container\">\n\t\t\t\t\t<h2 class=\"elementor-heading-title elementor-size-default\">Table buffet wood<\/h2>\t\t\t\t<\/div>\n\t\t\t\t<\/div>\n\t\t\t\t<div class=\"elementor-element elementor-element-ff3e51f elementor-widget-divider--view-line elementor-widget elementor-widget-divider\" data-id=\"ff3e51f\" data-element_type=\"widget\" data-e-type=\"widget\" data-widget_type=\"divider.default\">\n\t\t\t\t<div class=\"elementor-widget-container\">\n\t\t\t\t\t\t\t<div class=\"elementor-divider\">\n\t\t\t<span class=\"elementor-divider-separator\">\n\t\t\t\t\t\t<\/span>\n\t\t<\/div>\n\t\t\t\t\t\t<\/div>\n\t\t\t\t<\/div>\n\t\t\t\t<div class=\"elementor-element elementor-element-579b2d6 elementor-widget elementor-widget-text-editor\" data-id=\"579b2d6\" data-element_type=\"widget\" data-e-type=\"widget\" data-widget_type=\"text-editor.default\">\n\t\t\t\t<div class=\"elementor-widget-container\">\n\t\t\t\t\t\t\t\t\t<p style=\"text-align: center;\">Would you like a different food presentation for your guests? No problem. <br>Appetisers and desserts can be served with our exclusive oak table buffets.&nbsp;<br><span style=\"color: var( --e-global-color-text ); font-family: var( --e-global-typography-text-font-family ), Sans-serif; font-size: 1rem; font-weight: var( --e-global-typography-text-font-weight );\">directly on the guest tables - your guests can access and enjoy directly. <br>The dishes are determined by your choice of food.<br><\/span>(5,00\u20ac per person)<\/p>\t\t\t\t\t\t\t\t<\/div>\n\t\t\t\t<\/div>\n\t\t\t\t<div class=\"elementor-element elementor-element-ca73f17 elementor-widget elementor-widget-image\" data-id=\"ca73f17\" data-element_type=\"widget\" data-e-type=\"widget\" data-widget_type=\"image.default\">\n\t\t\t\t<div class=\"elementor-widget-container\">\n\t\t\t\t\t\t\t\t\t\t\t\t\t\t\t<img loading=\"lazy\" decoding=\"async\" width=\"2560\" height=\"1707\" src=\"https:\/\/faro-gruppe.de\/wp-content\/uploads\/2023\/03\/2019-11-17-Spreespeicher-Tag-der-offenen-Kuche-Berlin-076-scaled.jpg\" class=\"attachment-full size-full wp-image-118764\" alt=\"\" srcset=\"https:\/\/faro-gruppe.de\/wp-content\/uploads\/2023\/03\/2019-11-17-Spreespeicher-Tag-der-offenen-Kuche-Berlin-076-scaled.jpg 2560w, https:\/\/faro-gruppe.de\/wp-content\/uploads\/2023\/03\/2019-11-17-Spreespeicher-Tag-der-offenen-Kuche-Berlin-076-768x512.jpg 768w, https:\/\/faro-gruppe.de\/wp-content\/uploads\/2023\/03\/2019-11-17-Spreespeicher-Tag-der-offenen-Kuche-Berlin-076-1280x853.jpg 1280w, https:\/\/faro-gruppe.de\/wp-content\/uploads\/2023\/03\/2019-11-17-Spreespeicher-Tag-der-offenen-Kuche-Berlin-076-18x12.jpg 18w, https:\/\/faro-gruppe.de\/wp-content\/uploads\/2023\/03\/2019-11-17-Spreespeicher-Tag-der-offenen-Kuche-Berlin-076-300x200.jpg 300w\" sizes=\"(max-width: 2560px) 100vw, 2560px\" \/>\t\t\t\t\t\t\t\t\t\t\t\t\t\t\t<\/div>\n\t\t\t\t<\/div>\n\t\t\t\t\t<\/div>\n\t\t<\/div>\n\t\t\t\t\t<\/div>\n\t\t<\/section>\n\t\t\t\t<section class=\"elementor-section elementor-top-section elementor-element elementor-element-dbc01da elementor-section-boxed elementor-section-height-default elementor-section-height-default\" data-id=\"dbc01da\" data-element_type=\"section\" data-e-type=\"section\" data-settings=\"{&quot;_ha_eqh_enable&quot;:false}\">\n\t\t\t\t\t\t<div class=\"elementor-container elementor-column-gap-default\">\n\t\t\t\t\t<div class=\"elementor-column elementor-col-100 elementor-top-column elementor-element elementor-element-39840739\" data-id=\"39840739\" data-element_type=\"column\" data-e-type=\"column\">\n\t\t\t<div class=\"elementor-widget-wrap elementor-element-populated\">\n\t\t\t\t\t\t<div class=\"elementor-element elementor-element-6c056235 ee-button-group-halign-right ee-button-group-gap-default elementor-widget elementor-widget-button-group\" data-id=\"6c056235\" data-element_type=\"widget\" data-e-type=\"widget\" data-settings=\"{&quot;trigger&quot;:&quot;mouseenter&quot;,&quot;trigger_tablet&quot;:&quot;click_target&quot;,&quot;trigger_mobile&quot;:&quot;click_target&quot;,&quot;_hide&quot;:&quot;mouseleave&quot;,&quot;_hide_tablet&quot;:&quot;click_out&quot;,&quot;_hide_mobile&quot;:&quot;click_out&quot;,&quot;position&quot;:&quot;bottom&quot;,&quot;delay_in&quot;:{&quot;unit&quot;:&quot;px&quot;,&quot;size&quot;:&quot;&quot;,&quot;sizes&quot;:[]},&quot;delay_out&quot;:{&quot;unit&quot;:&quot;px&quot;,&quot;size&quot;:&quot;&quot;,&quot;sizes&quot;:[]},&quot;duration&quot;:{&quot;unit&quot;:&quot;px&quot;,&quot;size&quot;:&quot;&quot;,&quot;sizes&quot;:[]}}\" data-widget_type=\"button-group.default\">\n\t\t\t\t<div class=\"elementor-widget-container\">\n\t\t\t\t\t<ul class=\"ee-button-group\"><li class=\"ee-button-gap elementor-repeater-item-f8cc528\">\n\t\t\t\t\t<a class=\"ee-button-wrapper\">\n\n\t\t\t\t\t\t<span class=\"ee-button ee-size-sm\" data-label=\"vegan\">\n\t\t\t\t\t\t\t<span class=\"ee-button-content-wrapper\"><span class=\"ee-button-icon ee-icon ee-icon-support--svg ee-icon--left\"><svg xmlns=\"http:\/\/www.w3.org\/2000\/svg\" viewbox=\"0 0 50 50\"><path d=\"M34,17.05a19.22,19.22,0,0,1-1.91,2.61A19.59,19.59,0,0,1,25.5,24.3c-2.28,1.06-4.64,1.92-6.94,2.95A29.2,29.2,0,0,0,10,32.86L9.79,33a10.73,10.73,0,0,1-1-3A12.3,12.3,0,0,1,15.05,17.4a31.45,31.45,0,0,1,7.89-2.75,74.17,74.17,0,0,0,7.31-1.79,12.82,12.82,0,0,0,6.34-4.3c.24-.3.28-.07.37.09a22.8,22.8,0,0,1,2.47,6.87,21.93,21.93,0,0,1-2.25,14.73,16.91,16.91,0,0,1-12.09,8.82,17.6,17.6,0,0,1-8.62-.23A10.93,10.93,0,0,1,14,37.77c-.26-.16-.39-.1-.58.09a19,19,0,0,0-3.16,4.4c-.39.7-.75,1.43-1.13,2.15-.08.15-.11.28-.35.21a4.88,4.88,0,0,1-2.54-1.78,1,1,0,0,1,0-1.22A31.93,31.93,0,0,1,18.42,30c2-1.08,4-2.1,6-3.18a23.74,23.74,0,0,0,6.25-4.65A19.52,19.52,0,0,0,34,17.34a.28.28,0,0,0,0-.29\"><\/path><\/svg><\/span><span class=\"ee-button-text\">\n\t\t\t\t\t\t\t\t\tvegan\t\t\t\t\t\t\t\t<\/span>\n\n\t\t\t\t\t\t\t\t\n\t\t\t\t\t\t\t<\/span>\n\t\t\t\t\t\t<\/span>\n\n\t\t\t\t\t<\/a>\n\t\t\t\t<\/li><li class=\"ee-button-gap elementor-repeater-item-5ee953c\">\n\t\t\t\t\t<a class=\"ee-button-wrapper\">\n\n\t\t\t\t\t\t<span class=\"ee-button ee-size-sm\" data-label=\"vegetarisch\">\n\t\t\t\t\t\t\t<span class=\"ee-button-content-wrapper\"><span class=\"ee-button-icon ee-icon ee-icon-support--svg ee-icon--left\"><svg xmlns=\"http:\/\/www.w3.org\/2000\/svg\" viewbox=\"0 0 50 50\"><path d=\"M33.12,17.66a16.66,16.66,0,0,1-1.58,2.16,16.2,16.2,0,0,1-5.47,3.86c-1.88.88-3.85,1.6-5.75,2.45a24.17,24.17,0,0,0-7.15,4.66l-.13.1a8.62,8.62,0,0,1-.84-2.54A10.21,10.21,0,0,1,17.4,18,25.72,25.72,0,0,1,24,15.67c2-.47,4.09-.82,6.07-1.49a10.74,10.74,0,0,0,5.27-3.57c.19-.25.23-.06.3.08a18.45,18.45,0,0,1,2,5.7,18.24,18.24,0,0,1-1.86,12.23,14.07,14.07,0,0,1-10,7.32,14.59,14.59,0,0,1-7.16-.19,9,9,0,0,1-2.06-.89.33.33,0,0,0-.48.07,16,16,0,0,0-2.62,3.66c-.33.58-.63,1.19-.94,1.78-.06.13-.09.24-.29.18a4,4,0,0,1-2.11-1.48.81.81,0,0,1,0-1A26.53,26.53,0,0,1,20.2,28.4c1.66-.89,3.34-1.74,5-2.64a19.83,19.83,0,0,0,5.19-3.86,16,16,0,0,0,2.71-4,.23.23,0,0,0,0-.24M49.57,25A24.57,24.57,0,1,0,25,49.57,24.6,24.6,0,0,0,49.57,25Zm-2,0A22.57,22.57,0,1,1,25,2.43,22.6,22.6,0,0,1,47.57,25Z\"><\/path><\/svg><\/span><span class=\"ee-button-text\">\n\t\t\t\t\t\t\t\t\tvegetarian\t\t\t\t\t\t\t\t<\/span>\n\n\t\t\t\t\t\t\t\t\n\t\t\t\t\t\t\t<\/span>\n\t\t\t\t\t\t<\/span>\n\n\t\t\t\t\t<\/a>\n\t\t\t\t<\/li><\/ul>\n\t\t\t\t\t\t<\/div>\n\t\t\t\t<\/div>\n\t\t\t\t\t<\/div>\n\t\t<\/div>\n\t\t\t\t\t<\/div>\n\t\t<\/section>\n\t\t\t\t<section class=\"elementor-section elementor-top-section elementor-element elementor-element-60443b8 elementor-section-boxed elementor-section-height-default elementor-section-height-default\" data-id=\"60443b8\" data-element_type=\"section\" data-e-type=\"section\" data-settings=\"{&quot;_ha_eqh_enable&quot;:false}\">\n\t\t\t\t\t\t<div class=\"elementor-container elementor-column-gap-default\">\n\t\t\t\t\t<div class=\"elementor-column elementor-col-100 elementor-top-column elementor-element elementor-element-9f5d3b7\" data-id=\"9f5d3b7\" data-element_type=\"column\" data-e-type=\"column\">\n\t\t\t<div class=\"elementor-widget-wrap elementor-element-populated\">\n\t\t\t\t\t\t<div class=\"elementor-element elementor-element-b6ccf70 elementor-widget elementor-widget-text-editor\" data-id=\"b6ccf70\" data-element_type=\"widget\" data-e-type=\"widget\" data-widget_type=\"text-editor.default\">\n\t\t\t\t<div class=\"elementor-widget-container\">\n\t\t\t\t\t\t\t\t\t<p><strong>Hint:<\/strong> <em>Prices are subject to change at short notice. As we do not wish to reduce our quality standards in the event of unforeseeable price increases for energy, goods or personnel, the above price may be subject to percentage price adjustments. We endeavour to avoid these adjustments as far as possible.<\/em><\/p>\t\t\t\t\t\t\t\t<\/div>\n\t\t\t\t<\/div>\n\t\t\t\t\t<\/div>\n\t\t<\/div>\n\t\t\t\t\t<\/div>\n\t\t<\/section>\n\t\t\t\t<\/div>","protected":false},"excerpt":{"rendered":"<p>Startseite Tischbuffet Holz Sie w\u00fcnschen mal eine andere Speisenpr\u00e4sentation f\u00fcr Ihre G\u00e4ste? Kein Problem. Vorspeisen und Desserts&nbsp;lassen sich mit unseren exklusiven Tischbuffets aus Eichenholz&nbsp;direkt auf den G\u00e4stetischen pr\u00e4sentieren &#8211; Ihre G\u00e4ste k\u00f6nnen direkt zugreifen und genie\u00dfen. Die Speisen bestimmen sich durch Ihre Speisenauswahl.(5,00\u20ac p. Person ) vegan vegetarisch Hinweis: Kurzfristige Preisanpassungen vorbehalten. Da wir im [&hellip;]\u2026<\/p>\n","protected":false},"author":9,"featured_media":1737,"parent":110109,"menu_order":94,"comment_status":"closed","ping_status":"closed","template":"","meta":{"footnotes":""},"class_list":["post-118618","page","type-page","status-publish","has-post-thumbnail","hentry"],"_links":{"self":[{"href":"https:\/\/faro-gruppe.de\/en\/wp-json\/wp\/v2\/pages\/118618","targetHints":{"allow":["GET"]}}],"collection":[{"href":"https:\/\/faro-gruppe.de\/en\/wp-json\/wp\/v2\/pages"}],"about":[{"href":"https:\/\/faro-gruppe.de\/en\/wp-json\/wp\/v2\/types\/page"}],"author":[{"embeddable":true,"href":"https:\/\/faro-gruppe.de\/en\/wp-json\/wp\/v2\/users\/9"}],"replies":[{"embeddable":true,"href":"https:\/\/faro-gruppe.de\/en\/wp-json\/wp\/v2\/comments?post=118618"}],"version-history":[{"count":10,"href":"https:\/\/faro-gruppe.de\/en\/wp-json\/wp\/v2\/pages\/118618\/revisions"}],"predecessor-version":[{"id":127429,"href":"https:\/\/faro-gruppe.de\/en\/wp-json\/wp\/v2\/pages\/118618\/revisions\/127429"}],"up":[{"embeddable":true,"href":"https:\/\/faro-gruppe.de\/en\/wp-json\/wp\/v2\/pages\/110109"}],"wp:featuredmedia":[{"embeddable":true,"href":"https:\/\/faro-gruppe.de\/en\/wp-json\/wp\/v2\/media\/1737"}],"wp:attachment":[{"href":"https:\/\/faro-gruppe.de\/en\/wp-json\/wp\/v2\/media?parent=118618"}],"curies":[{"name":"wp","href":"https:\/\/api.w.org\/{rel}","templated":true}]}}