{"id":120541,"date":"2023-04-13T23:01:49","date_gmt":"2023-04-13T21:01:49","guid":{"rendered":"https:\/\/faro-gruppe.de\/?page_id=120541"},"modified":"2023-04-18T12:18:15","modified_gmt":"2023-04-18T10:18:15","slug":"equipment-catalogue","status":"publish","type":"page","link":"https:\/\/faro-gruppe.de\/en\/frequenzliste\/","title":{"rendered":"Frequency list"},"content":{"rendered":"<div data-elementor-type=\"wp-page\" data-elementor-id=\"120541\" class=\"elementor elementor-120541\" data-elementor-settings=\"{&quot;ha_cmc_init_switcher&quot;:&quot;no&quot;}\" data-elementor-post-type=\"page\">\n\t\t\t\t\t\t<section class=\"elementor-section elementor-top-section elementor-element elementor-element-587520e elementor-section-height-min-height elementor-section-boxed elementor-section-height-default elementor-section-items-middle\" data-id=\"587520e\" data-element_type=\"section\" data-e-type=\"section\" data-settings=\"{&quot;background_background&quot;:&quot;classic&quot;,&quot;background_image&quot;:{&quot;url&quot;:&quot;https:\\\/\\\/faro-gruppe.de\\\/wp-content\\\/uploads\\\/2021\\\/10\\\/mischpult-technik.jpg&quot;,&quot;id&quot;:12502,&quot;size&quot;:&quot;&quot;,&quot;alt&quot;:&quot;&quot;,&quot;source&quot;:&quot;library&quot;},&quot;parallax_background_enable&quot;:&quot;yes&quot;,&quot;parallax_background_speed&quot;:{&quot;unit&quot;:&quot;px&quot;,&quot;size&quot;:1,&quot;sizes&quot;:[]},&quot;background_image_tablet&quot;:{&quot;url&quot;:&quot;&quot;,&quot;id&quot;:&quot;&quot;,&quot;size&quot;:&quot;&quot;},&quot;background_image_mobile&quot;:{&quot;url&quot;:&quot;&quot;,&quot;id&quot;:&quot;&quot;,&quot;size&quot;:&quot;&quot;},&quot;parallax_background_speed_tablet&quot;:{&quot;unit&quot;:&quot;px&quot;,&quot;size&quot;:&quot;&quot;,&quot;sizes&quot;:[]},&quot;parallax_background_speed_mobile&quot;:{&quot;unit&quot;:&quot;px&quot;,&quot;size&quot;:&quot;&quot;,&quot;sizes&quot;:[]},&quot;parallax_background_direction&quot;:&quot;down&quot;,&quot;_ha_eqh_enable&quot;:false}\">\n\t\t\t\t\t\t\t<div class=\"elementor-background-overlay\"><\/div>\n\t\t\t\t\t\t\t<div class=\"elementor-container elementor-column-gap-default\">\n\t\t\t\t\t<div class=\"elementor-column elementor-col-100 elementor-top-column elementor-element elementor-element-279ed96e\" data-id=\"279ed96e\" data-element_type=\"column\" data-e-type=\"column\">\n\t\t\t<div class=\"elementor-widget-wrap elementor-element-populated\">\n\t\t\t\t\t\t<div class=\"elementor-element elementor-element-f1dc833 elementor-widget elementor-widget-heading\" data-id=\"f1dc833\" data-element_type=\"widget\" data-e-type=\"widget\" data-widget_type=\"heading.default\">\n\t\t\t\t<div class=\"elementor-widget-container\">\n\t\t\t\t\t<h1 class=\"elementor-heading-title elementor-size-default\">Frequencies <\/h1>\t\t\t\t<\/div>\n\t\t\t\t<\/div>\n\t\t\t\t\t<\/div>\n\t\t<\/div>\n\t\t\t\t\t<\/div>\n\t\t<\/section>\n\t\t\t\t<section class=\"elementor-section elementor-top-section elementor-element elementor-element-d3863ab elementor-section-boxed elementor-section-height-default elementor-section-height-default\" data-id=\"d3863ab\" data-element_type=\"section\" data-e-type=\"section\" data-settings=\"{&quot;_ha_eqh_enable&quot;:false}\">\n\t\t\t\t\t\t<div class=\"elementor-container elementor-column-gap-default\">\n\t\t\t\t\t<div class=\"elementor-column elementor-col-100 elementor-top-column elementor-element elementor-element-4b202bd\" data-id=\"4b202bd\" data-element_type=\"column\" data-e-type=\"column\">\n\t\t\t<div class=\"elementor-widget-wrap elementor-element-populated\">\n\t\t\t\t\t\t<div class=\"elementor-element elementor-element-aa3d8bb elementor-widget elementor-widget-ha-breadcrumbs happy-addon ha-breadcrumbs happy-addon-pro\" data-id=\"aa3d8bb\" data-element_type=\"widget\" data-e-type=\"widget\" data-widget_type=\"ha-breadcrumbs.default\">\n\t\t\t\t<div class=\"elementor-widget-container\">\n\t\t\t\t\t<ul class=\"ha-breadcrumbs\"><li class=\"ha-breadcrumbs-item ha-breadcrumbs-start\"><a href=\"https:\/\/faro-gruppe.de\/en\/\" rel=\"home\"><span class=\"ha-breadcrumbs-text\"><span class=\"ha-breadcrumbs-home-icon\"><span class=\"fas fa-home\" aria-hidden=\"true\"><\/span><\/span>Homepage<\/span><\/a><\/li><\/ul>\t\t\t\t<\/div>\n\t\t\t\t<\/div>\n\t\t\t\t\t<\/div>\n\t\t<\/div>\n\t\t\t\t\t<\/div>\n\t\t<\/section>\n\t\t\t\t<section class=\"elementor-section elementor-top-section elementor-element elementor-element-cdacbd3 elementor-section-boxed elementor-section-height-default elementor-section-height-default\" data-id=\"cdacbd3\" data-element_type=\"section\" data-e-type=\"section\" data-settings=\"{&quot;_ha_eqh_enable&quot;:false}\">\n\t\t\t\t\t\t<div class=\"elementor-container elementor-column-gap-default\">\n\t\t\t\t\t<div class=\"elementor-column elementor-col-100 elementor-top-column elementor-element elementor-element-74e9af0\" data-id=\"74e9af0\" data-element_type=\"column\" data-e-type=\"column\">\n\t\t\t<div class=\"elementor-widget-wrap elementor-element-populated\">\n\t\t\t\t\t\t<div class=\"elementor-element elementor-element-63dc1d0 elementor-widget elementor-widget-text-editor\" data-id=\"63dc1d0\" data-element_type=\"widget\" data-e-type=\"widget\" data-widget_type=\"text-editor.default\">\n\t\t\t\t<div class=\"elementor-widget-container\">\n\t\t\t\t\t\t\t\t\t<p style=\"text-align: center;\" data-pm-slice=\"1 1 []\"><strong>Dear customers, speakers, bands, DJs and technicians,<\/strong><\/p><p style=\"text-align: center;\">Here we list our current radio frequencies.<\/p><p style=\"text-align: center;\">We ask you to avoid this frequency range completely so that there is no interference in our operating processes. External radio systems must be selected in such a way that they do not interfere with our radio frequencies.<\/p><p style=\"text-align: center;\">In any case, we reserve the right to immediately put out of operation any equipment brought in by the customer.<\/p><p style=\"text-align: center;\">Alternatively, you are welcome to hire our wireless microphones to ensure that everything runs smoothly.<\/p><p style=\"text-align: center;\">Thank you very much for your understanding.<\/p>\t\t\t\t\t\t\t\t<\/div>\n\t\t\t\t<\/div>\n\t\t\t\t\t<\/div>\n\t\t<\/div>\n\t\t\t\t\t<\/div>\n\t\t<\/section>\n\t\t\t\t<section class=\"elementor-section elementor-top-section elementor-element elementor-element-ffb2fe8 elementor-section-boxed elementor-section-height-default elementor-section-height-default\" data-id=\"ffb2fe8\" data-element_type=\"section\" data-e-type=\"section\" data-settings=\"{&quot;_ha_eqh_enable&quot;:false}\">\n\t\t\t\t\t\t<div class=\"elementor-container elementor-column-gap-default\">\n\t\t\t\t\t<div class=\"elementor-column elementor-col-100 elementor-top-column elementor-element elementor-element-284dbb5\" data-id=\"284dbb5\" data-element_type=\"column\" data-e-type=\"column\">\n\t\t\t<div class=\"elementor-widget-wrap elementor-element-populated\">\n\t\t\t\t\t\t<div class=\"elementor-element elementor-element-c19ba02 elementor-widget elementor-widget-heading\" data-id=\"c19ba02\" data-element_type=\"widget\" data-e-type=\"widget\" data-widget_type=\"heading.default\">\n\t\t\t\t<div class=\"elementor-widget-container\">\n\t\t\t\t\t<h2 class=\"elementor-heading-title elementor-size-default\">Frequency list<\/h2>\t\t\t\t<\/div>\n\t\t\t\t<\/div>\n\t\t\t\t<div class=\"elementor-element elementor-element-0ba33dc elementor-widget-divider--view-line elementor-widget elementor-widget-divider\" data-id=\"0ba33dc\" data-element_type=\"widget\" data-e-type=\"widget\" data-widget_type=\"divider.default\">\n\t\t\t\t<div class=\"elementor-widget-container\">\n\t\t\t\t\t\t\t<div class=\"elementor-divider\">\n\t\t\t<span class=\"elementor-divider-separator\">\n\t\t\t\t\t\t<\/span>\n\t\t<\/div>\n\t\t\t\t\t\t<\/div>\n\t\t\t\t<\/div>\n\t\t\t\t<section class=\"elementor-section elementor-inner-section elementor-element elementor-element-4328efb elementor-section-boxed elementor-section-height-default elementor-section-height-default\" data-id=\"4328efb\" data-element_type=\"section\" data-e-type=\"section\" data-settings=\"{&quot;_ha_eqh_enable&quot;:false}\">\n\t\t\t\t\t\t<div class=\"elementor-container elementor-column-gap-default\">\n\t\t\t\t\t<div class=\"elementor-column elementor-col-33 elementor-inner-column elementor-element elementor-element-0ff362f\" data-id=\"0ff362f\" data-element_type=\"column\" data-e-type=\"column\">\n\t\t\t<div class=\"elementor-widget-wrap elementor-element-populated\">\n\t\t\t\t\t\t<div class=\"elementor-element elementor-element-ee3282d elementor-widget elementor-widget-text-editor\" data-id=\"ee3282d\" data-element_type=\"widget\" data-e-type=\"widget\" data-widget_type=\"text-editor.default\">\n\t\t\t\t<div class=\"elementor-widget-container\">\n\t\t\t\t\t\t\t\t\t<p style=\"text-align: center;\" data-pm-slice=\"1 1 []\">536.950 MHz | SSE-030-MRX-01<\/p><p style=\"text-align: center;\">539.025 MHz | SSE-030-MRX-02<\/p><p style=\"text-align: center;\">541.175 MHz | SSE-CYG-MRX-01<\/p><p style=\"text-align: center;\">544.600 MHz | SSE-CYG-MRX-02<\/p><p style=\"text-align: center;\">548.250 MHz | SSE-2SQ-MRX-01<\/p><p style=\"text-align: center;\">548.875 MHz | SSE-2SQ-MRX-02<\/p><p style=\"text-align: center;\">560.000 MHz | FAR-MOB-MRX-01<\/p><p style=\"text-align: center;\">561.400 MHz | FAR-MOB-MRX-02<\/p>\t\t\t\t\t\t\t\t<\/div>\n\t\t\t\t<\/div>\n\t\t\t\t\t<\/div>\n\t\t<\/div>\n\t\t\t\t<div class=\"elementor-column elementor-col-33 elementor-inner-column elementor-element elementor-element-435e36b\" data-id=\"435e36b\" data-element_type=\"column\" data-e-type=\"column\">\n\t\t\t<div class=\"elementor-widget-wrap elementor-element-populated\">\n\t\t\t\t\t\t<div class=\"elementor-element elementor-element-a15deae elementor-widget elementor-widget-text-editor\" data-id=\"a15deae\" data-element_type=\"widget\" data-e-type=\"widget\" data-widget_type=\"text-editor.default\">\n\t\t\t\t<div class=\"elementor-widget-container\">\n\t\t\t\t\t\t\t\t\t<p style=\"text-align: center;\">563.750 MHz | FAR-MOB-MRX-03<\/p><p style=\"text-align: center;\">564.550 MHz | FAR-MOB-MRX-04<\/p><p style=\"text-align: center;\">565.775 MHz | FAR-MOB-MRX-05<\/p><p style=\"text-align: center;\">576.875 MHz | FAR-MOB-MRX-06<\/p><p style=\"text-align: center;\">579.650 MHz | FAR-MOB-MRX-07<\/p><p style=\"text-align: center;\">581.525 MHz | FAR-MOB-MRX-08<\/p><p style=\"text-align: center;\">582.800 MHz | FAR-MOB-MRX-09<\/p>\t\t\t\t\t\t\t\t<\/div>\n\t\t\t\t<\/div>\n\t\t\t\t\t<\/div>\n\t\t<\/div>\n\t\t\t\t<div class=\"elementor-column elementor-col-33 elementor-inner-column elementor-element elementor-element-0e30a6b\" data-id=\"0e30a6b\" data-element_type=\"column\" data-e-type=\"column\">\n\t\t\t<div class=\"elementor-widget-wrap elementor-element-populated\">\n\t\t\t\t\t\t<div class=\"elementor-element elementor-element-8de3a9a elementor-widget elementor-widget-text-editor\" data-id=\"8de3a9a\" data-element_type=\"widget\" data-e-type=\"widget\" data-widget_type=\"text-editor.default\">\n\t\t\t\t<div class=\"elementor-widget-container\">\n\t\t\t\t\t\t\t\t\t<p style=\"text-align: center;\" data-pm-slice=\"1 1 []\"><span style=\"color: var( --e-global-color-text ); font-family: var( --e-global-typography-text-font-family ), Sans-serif; font-size: 1rem; font-weight: var( --e-global-typography-text-font-weight );\">583.525 MHz | FAR-MOB-MRX-10<\/span><\/p><p style=\"text-align: center;\">583.875 MHz | FAR-MOB-MRX-11<\/p><p style=\"text-align: center;\">586.875 MHz | FAR-MOB-MRX-12<\/p><p style=\"text-align: center;\">587.275 MHz | FAR-MOB-MRX-13<\/p><p style=\"text-align: center;\">589.600 MHz | FAR-MOB-MRX-14<\/p><p style=\"text-align: center;\">591.500 MHz | FAR-MOB-MRX-15<\/p><p style=\"text-align: center;\">596.950 MHz | FAR-MOB-MRX-16<\/p>\t\t\t\t\t\t\t\t<\/div>\n\t\t\t\t<\/div>\n\t\t\t\t\t<\/div>\n\t\t<\/div>\n\t\t\t\t\t<\/div>\n\t\t<\/section>\n\t\t\t\t\t<\/div>\n\t\t<\/div>\n\t\t\t\t\t<\/div>\n\t\t<\/section>\n\t\t\t\t<\/div>","protected":false},"excerpt":{"rendered":"<p>Frequenzen Startseite Werte Kunden, Redner, Bands, DJs und Techniker, hier listen wir unsere aktuellen Funkfrequenzen. Wir bitten darum, diesen Frequenzbereich komplett zu meiden, damit keine St\u00f6rungen in unseren Betriebsabl\u00e4ufen entstehen. Es sind hausfremde Funksysteme so auszuw\u00e4hlen, dass diese unsere Funkfrequenzen nicht st\u00f6ren. Wir behalten uns in jedem Fall vor, st\u00f6rende kundenseitig selbsteingebrachte Ger\u00e4te unverz\u00fcglich au\u00dfer [&hellip;]\u2026<\/p>\n","protected":false},"author":9,"featured_media":2548,"parent":0,"menu_order":68,"comment_status":"closed","ping_status":"closed","template":"","meta":{"footnotes":""},"class_list":["post-120541","page","type-page","status-publish","has-post-thumbnail","hentry"],"_links":{"self":[{"href":"https:\/\/faro-gruppe.de\/en\/wp-json\/wp\/v2\/pages\/120541","targetHints":{"allow":["GET"]}}],"collection":[{"href":"https:\/\/faro-gruppe.de\/en\/wp-json\/wp\/v2\/pages"}],"about":[{"href":"https:\/\/faro-gruppe.de\/en\/wp-json\/wp\/v2\/types\/page"}],"author":[{"embeddable":true,"href":"https:\/\/faro-gruppe.de\/en\/wp-json\/wp\/v2\/users\/9"}],"replies":[{"embeddable":true,"href":"https:\/\/faro-gruppe.de\/en\/wp-json\/wp\/v2\/comments?post=120541"}],"version-history":[{"count":10,"href":"https:\/\/faro-gruppe.de\/en\/wp-json\/wp\/v2\/pages\/120541\/revisions"}],"predecessor-version":[{"id":120777,"href":"https:\/\/faro-gruppe.de\/en\/wp-json\/wp\/v2\/pages\/120541\/revisions\/120777"}],"wp:featuredmedia":[{"embeddable":true,"href":"https:\/\/faro-gruppe.de\/en\/wp-json\/wp\/v2\/media\/2548"}],"wp:attachment":[{"href":"https:\/\/faro-gruppe.de\/en\/wp-json\/wp\/v2\/media?parent=120541"}],"curies":[{"name":"wp","href":"https:\/\/api.w.org\/{rel}","templated":true}]}}