{"id":121491,"date":"2023-04-25T21:00:06","date_gmt":"2023-04-25T19:00:06","guid":{"rendered":"https:\/\/faro-gruppe.de\/?page_id=121491"},"modified":"2023-04-25T23:37:33","modified_gmt":"2023-04-25T21:37:33","slug":"photo-booths","status":"publish","type":"page","link":"https:\/\/faro-gruppe.de\/en\/locations\/spreespeicher\/kundenbereich\/fotoautomaten\/","title":{"rendered":"Photo booths"},"content":{"rendered":"<div data-elementor-type=\"wp-page\" data-elementor-id=\"121491\" class=\"elementor elementor-121491\" data-elementor-settings=\"{&quot;ha_cmc_init_switcher&quot;:&quot;no&quot;}\" data-elementor-post-type=\"page\">\n\t\t\t\t\t\t<section class=\"elementor-section elementor-top-section elementor-element elementor-element-44837c7f elementor-section-height-min-height elementor-section-boxed elementor-section-height-default elementor-section-items-middle\" data-id=\"44837c7f\" data-element_type=\"section\" data-e-type=\"section\" data-settings=\"{&quot;background_background&quot;:&quot;classic&quot;,&quot;background_image&quot;:{&quot;url&quot;:&quot;https:\\\/\\\/faro-gruppe.de\\\/wp-content\\\/uploads\\\/2021\\\/05\\\/Fotoautomat-scaled.jpg&quot;,&quot;id&quot;:4738,&quot;size&quot;:&quot;&quot;,&quot;alt&quot;:&quot;&quot;,&quot;source&quot;:&quot;library&quot;},&quot;parallax_background_enable&quot;:&quot;yes&quot;,&quot;parallax_background_speed&quot;:{&quot;unit&quot;:&quot;px&quot;,&quot;size&quot;:1,&quot;sizes&quot;:[]},&quot;background_image_tablet&quot;:{&quot;url&quot;:&quot;&quot;,&quot;id&quot;:&quot;&quot;,&quot;size&quot;:&quot;&quot;},&quot;background_image_mobile&quot;:{&quot;url&quot;:&quot;&quot;,&quot;id&quot;:&quot;&quot;,&quot;size&quot;:&quot;&quot;},&quot;parallax_background_speed_tablet&quot;:{&quot;unit&quot;:&quot;px&quot;,&quot;size&quot;:&quot;&quot;,&quot;sizes&quot;:[]},&quot;parallax_background_speed_mobile&quot;:{&quot;unit&quot;:&quot;px&quot;,&quot;size&quot;:&quot;&quot;,&quot;sizes&quot;:[]},&quot;parallax_background_direction&quot;:&quot;down&quot;,&quot;_ha_eqh_enable&quot;:false}\">\n\t\t\t\t\t\t\t<div class=\"elementor-background-overlay\"><\/div>\n\t\t\t\t\t\t\t<div class=\"elementor-container elementor-column-gap-default\">\n\t\t\t\t\t<div class=\"elementor-column elementor-col-100 elementor-top-column elementor-element elementor-element-ec5e4c4\" data-id=\"ec5e4c4\" data-element_type=\"column\" data-e-type=\"column\">\n\t\t\t<div class=\"elementor-widget-wrap elementor-element-populated\">\n\t\t\t\t\t\t<div class=\"elementor-element elementor-element-70bb9f30 elementor-widget elementor-widget-heading\" data-id=\"70bb9f30\" data-element_type=\"widget\" data-e-type=\"widget\" data-widget_type=\"heading.default\">\n\t\t\t\t<div class=\"elementor-widget-container\">\n\t\t\t\t\t<h1 class=\"elementor-heading-title elementor-size-default\">Photo booths<\/h1>\t\t\t\t<\/div>\n\t\t\t\t<\/div>\n\t\t\t\t\t<\/div>\n\t\t<\/div>\n\t\t\t\t\t<\/div>\n\t\t<\/section>\n\t\t\t\t<section class=\"elementor-section elementor-top-section elementor-element elementor-element-2ce43560 elementor-section-boxed elementor-section-height-default elementor-section-height-default\" data-id=\"2ce43560\" data-element_type=\"section\" data-e-type=\"section\" data-settings=\"{&quot;_ha_eqh_enable&quot;:false}\">\n\t\t\t\t\t\t<div class=\"elementor-container elementor-column-gap-default\">\n\t\t\t\t\t<div class=\"elementor-column elementor-col-100 elementor-top-column elementor-element elementor-element-3a1aa100\" data-id=\"3a1aa100\" data-element_type=\"column\" data-e-type=\"column\">\n\t\t\t<div class=\"elementor-widget-wrap elementor-element-populated\">\n\t\t\t\t\t\t<div class=\"elementor-element elementor-element-2f70330 ee-breadcrumbs-align-center elementor-widget elementor-widget-ee-breadcrumbs\" data-id=\"2f70330\" data-element_type=\"widget\" data-e-type=\"widget\" data-widget_type=\"ee-breadcrumbs.default\">\n\t\t\t\t<div class=\"elementor-widget-container\">\n\t\t\t\t\t<ul class=\"ee-breadcrumbs\" itemscope=\"\" itemtype=\"http:\/\/schema.org\/BreadcrumbList\"><\/ul>\t\t\t\t<\/div>\n\t\t\t\t<\/div>\n\t\t\t\t\t<\/div>\n\t\t<\/div>\n\t\t\t\t\t<\/div>\n\t\t<\/section>\n\t\t\t\t<section class=\"elementor-section elementor-top-section elementor-element elementor-element-1599e0a5 elementor-section-boxed elementor-section-height-default elementor-section-height-default\" data-id=\"1599e0a5\" data-element_type=\"section\" data-e-type=\"section\" data-settings=\"{&quot;_ha_eqh_enable&quot;:false}\">\n\t\t\t\t\t\t<div class=\"elementor-container elementor-column-gap-default\">\n\t\t\t\t\t<div class=\"elementor-column elementor-col-100 elementor-top-column elementor-element elementor-element-3dc615ac\" data-id=\"3dc615ac\" data-element_type=\"column\" data-e-type=\"column\">\n\t\t\t<div class=\"elementor-widget-wrap elementor-element-populated\">\n\t\t\t\t\t\t<section class=\"elementor-section elementor-inner-section elementor-element elementor-element-54059305 elementor-section-boxed elementor-section-height-default elementor-section-height-default\" data-id=\"54059305\" data-element_type=\"section\" data-e-type=\"section\" data-settings=\"{&quot;_ha_eqh_enable&quot;:false}\">\n\t\t\t\t\t\t<div class=\"elementor-container elementor-column-gap-default\">\n\t\t\t\t\t<div class=\"elementor-column elementor-col-100 elementor-inner-column elementor-element elementor-element-456e9cff\" data-id=\"456e9cff\" data-element_type=\"column\" data-e-type=\"column\">\n\t\t\t<div class=\"elementor-widget-wrap elementor-element-populated\">\n\t\t\t\t\t\t<div class=\"elementor-element elementor-element-c49fe80 elementor-widget elementor-widget-heading\" data-id=\"c49fe80\" data-element_type=\"widget\" data-e-type=\"widget\" data-widget_type=\"heading.default\">\n\t\t\t\t<div class=\"elementor-widget-container\">\n\t\t\t\t\t<h3 class=\"elementor-heading-title elementor-size-default\">Instant fun from the photo box <\/h3>\t\t\t\t<\/div>\n\t\t\t\t<\/div>\n\t\t\t\t<div class=\"elementor-element elementor-element-eec6bb3 elementor-widget elementor-widget-heading\" data-id=\"eec6bb3\" data-element_type=\"widget\" data-e-type=\"widget\" data-widget_type=\"heading.default\">\n\t\t\t\t<div class=\"elementor-widget-container\">\n\t\t\t\t\t<h2 class=\"elementor-heading-title elementor-size-default\">Our photo booth is a must-have for your next event<\/h2>\t\t\t\t<\/div>\n\t\t\t\t<\/div>\n\t\t\t\t<div class=\"elementor-element elementor-element-7a224b0c elementor-widget elementor-widget-heading\" data-id=\"7a224b0c\" data-element_type=\"widget\" data-e-type=\"widget\" data-widget_type=\"heading.default\">\n\t\t\t\t<div class=\"elementor-widget-container\">\n\t\t\t\t\t<h3 class=\"elementor-heading-title elementor-size-default\">Unforgettable memories for your guests from your event<\/h3>\t\t\t\t<\/div>\n\t\t\t\t<\/div>\n\t\t\t\t<div class=\"elementor-element elementor-element-358bffe0 elementor-widget-divider--view-line elementor-widget elementor-widget-divider\" data-id=\"358bffe0\" data-element_type=\"widget\" data-e-type=\"widget\" data-widget_type=\"divider.default\">\n\t\t\t\t<div class=\"elementor-widget-container\">\n\t\t\t\t\t\t\t<div class=\"elementor-divider\">\n\t\t\t<span class=\"elementor-divider-separator\">\n\t\t\t\t\t\t<\/span>\n\t\t<\/div>\n\t\t\t\t\t\t<\/div>\n\t\t\t\t<\/div>\n\t\t\t\t\t<\/div>\n\t\t<\/div>\n\t\t\t\t\t<\/div>\n\t\t<\/section>\n\t\t\t\t\t<\/div>\n\t\t<\/div>\n\t\t\t\t\t<\/div>\n\t\t<\/section>\n\t\t\t\t<section class=\"elementor-section elementor-top-section elementor-element elementor-element-2c917d2 elementor-section-boxed elementor-section-height-default elementor-section-height-default\" data-id=\"2c917d2\" data-element_type=\"section\" data-e-type=\"section\" data-settings=\"{&quot;_ha_eqh_enable&quot;:false}\">\n\t\t\t\t\t\t<div class=\"elementor-container elementor-column-gap-default\">\n\t\t\t\t\t<div class=\"elementor-column elementor-col-50 elementor-top-column elementor-element elementor-element-3abccc8\" data-id=\"3abccc8\" data-element_type=\"column\" data-e-type=\"column\">\n\t\t\t<div class=\"elementor-widget-wrap elementor-element-populated\">\n\t\t\t\t\t\t<div class=\"elementor-element elementor-element-724fb82 elementor-widget elementor-widget-image\" data-id=\"724fb82\" data-element_type=\"widget\" data-e-type=\"widget\" data-widget_type=\"image.default\">\n\t\t\t\t<div class=\"elementor-widget-container\">\n\t\t\t\t\t\t\t\t\t\t\t\t\t\t\t<img fetchpriority=\"high\" decoding=\"async\" width=\"750\" height=\"750\" src=\"https:\/\/faro-gruppe.de\/wp-content\/uploads\/2023\/04\/knips-o-mat-fotoautomat-abendveranstaltung.jpg\" class=\"attachment-large size-large wp-image-121494\" alt=\"\" srcset=\"https:\/\/faro-gruppe.de\/wp-content\/uploads\/2023\/04\/knips-o-mat-fotoautomat-abendveranstaltung.jpg 750w, https:\/\/faro-gruppe.de\/wp-content\/uploads\/2023\/04\/knips-o-mat-fotoautomat-abendveranstaltung-300x300.jpg 300w, https:\/\/faro-gruppe.de\/wp-content\/uploads\/2023\/04\/knips-o-mat-fotoautomat-abendveranstaltung-12x12.jpg 12w\" sizes=\"(max-width: 750px) 100vw, 750px\" \/>\t\t\t\t\t\t\t\t\t\t\t\t\t\t\t<\/div>\n\t\t\t\t<\/div>\n\t\t\t\t\t<\/div>\n\t\t<\/div>\n\t\t\t\t<div class=\"elementor-column elementor-col-50 elementor-top-column elementor-element elementor-element-a664873\" data-id=\"a664873\" data-element_type=\"column\" data-e-type=\"column\">\n\t\t\t<div class=\"elementor-widget-wrap elementor-element-populated\">\n\t\t\t\t\t\t<div class=\"elementor-element elementor-element-2b84beb elementor-widget elementor-widget-text-editor\" data-id=\"2b84beb\" data-element_type=\"widget\" data-e-type=\"widget\" data-widget_type=\"text-editor.default\">\n\t\t\t\t<div class=\"elementor-widget-container\">\n\t\t\t\t\t\t\t\t\t<p><strong>Our photo booths -\u00a0<\/strong><span style=\"font-weight: bolder; color: var( --e-global-color-text );\">Just the right thing for every event<\/span><\/p>\t\t\t\t\t\t\t\t<\/div>\n\t\t\t\t<\/div>\n\t\t\t\t<div class=\"elementor-element elementor-element-814cb91 elementor-widget elementor-widget-text-editor\" data-id=\"814cb91\" data-element_type=\"widget\" data-e-type=\"widget\" data-widget_type=\"text-editor.default\">\n\t\t\t\t<div class=\"elementor-widget-container\">\n\t\t\t\t\t\t\t\t\t<p>Our exclusive photo booth combines childhood memories with modern photo technology thanks to its closed cabin. Unlike conventional models, the booth of our photo box can be accessed from both sides. This means that more people can fit into the photos, even if they just stick their heads into the booth.<\/p>\t\t\t\t\t\t\t\t<\/div>\n\t\t\t\t<\/div>\n\t\t\t\t<div class=\"elementor-element elementor-element-4a8b942 elementor-widget elementor-widget-text-editor\" data-id=\"4a8b942\" data-element_type=\"widget\" data-e-type=\"widget\" data-widget_type=\"text-editor.default\">\n\t\t\t\t<div class=\"elementor-widget-container\">\n\t\t\t\t\t\t\t\t\t<p><strong>Advantages:<\/strong><\/p>\t\t\t\t\t\t\t\t<\/div>\n\t\t\t\t<\/div>\n\t\t\t\t<div class=\"elementor-element elementor-element-c662999 elementor-widget elementor-widget-text-editor\" data-id=\"c662999\" data-element_type=\"widget\" data-e-type=\"widget\" data-widget_type=\"text-editor.default\">\n\t\t\t\t<div class=\"elementor-widget-container\">\n\t\t\t\t\t\t\t\t\t<ul style=\"margin-top: 0cm;\" type=\"disc\"><li class=\"MsoNormal\">Group photos with up to 5 people<\/li><li class=\"MsoNormal\">\"Privacy\" for funny photos behind the curtain<\/li><li class=\"MsoNormal\">Instant print of photos (up to 400 prints)<\/li><li class=\"MsoNormal\">SLR camera<\/li><li class=\"MsoNormal\">Highspeed photo printer<\/li><li class=\"MsoNormal\">Studio flash<\/li><li class=\"MsoNormal\">Exterior surfaces can be customised at extra cost<\/li><\/ul>\t\t\t\t\t\t\t\t<\/div>\n\t\t\t\t<\/div>\n\t\t\t\t<div class=\"elementor-element elementor-element-52b90b1 elementor-widget elementor-widget-text-editor\" data-id=\"52b90b1\" data-element_type=\"widget\" data-e-type=\"widget\" data-widget_type=\"text-editor.default\">\n\t\t\t\t<div class=\"elementor-widget-container\">\n\t\t\t\t\t\t\t\t\t<p><strong>Price: 587,39 \u20ac net<\/strong><\/p>\t\t\t\t\t\t\t\t<\/div>\n\t\t\t\t<\/div>\n\t\t\t\t\t<\/div>\n\t\t<\/div>\n\t\t\t\t\t<\/div>\n\t\t<\/section>\n\t\t\t\t<section class=\"elementor-section elementor-top-section elementor-element elementor-element-7005e88 elementor-section-boxed elementor-section-height-default elementor-section-height-default\" data-id=\"7005e88\" data-element_type=\"section\" data-e-type=\"section\" data-settings=\"{&quot;_ha_eqh_enable&quot;:false}\">\n\t\t\t\t\t\t<div class=\"elementor-container elementor-column-gap-default\">\n\t\t\t\t\t<div class=\"elementor-column elementor-col-100 elementor-top-column elementor-element elementor-element-0e782d0\" data-id=\"0e782d0\" data-element_type=\"column\" data-e-type=\"column\">\n\t\t\t<div class=\"elementor-widget-wrap elementor-element-populated\">\n\t\t\t\t\t\t<div class=\"elementor-element elementor-element-eaf4091 elementor-widget elementor-widget-heading\" data-id=\"eaf4091\" data-element_type=\"widget\" data-e-type=\"widget\" data-widget_type=\"heading.default\">\n\t\t\t\t<div class=\"elementor-widget-container\">\n\t\t\t\t\t<h2 class=\"elementor-heading-title elementor-size-default\">Impressions<\/h2>\t\t\t\t<\/div>\n\t\t\t\t<\/div>\n\t\t\t\t<div class=\"elementor-element elementor-element-c8625fe elementor-widget-divider--view-line elementor-widget elementor-widget-divider\" data-id=\"c8625fe\" data-element_type=\"widget\" data-e-type=\"widget\" data-widget_type=\"divider.default\">\n\t\t\t\t<div class=\"elementor-widget-container\">\n\t\t\t\t\t\t\t<div class=\"elementor-divider\">\n\t\t\t<span class=\"elementor-divider-separator\">\n\t\t\t\t\t\t<\/span>\n\t\t<\/div>\n\t\t\t\t\t\t<\/div>\n\t\t\t\t<\/div>\n\t\t\t\t\t<\/div>\n\t\t<\/div>\n\t\t\t\t\t<\/div>\n\t\t<\/section>\n\t\t\t\t<section class=\"elementor-section elementor-top-section elementor-element elementor-element-20dfe91 elementor-section-boxed elementor-section-height-default elementor-section-height-default\" data-id=\"20dfe91\" data-element_type=\"section\" data-e-type=\"section\" data-settings=\"{&quot;_ha_eqh_enable&quot;:false}\">\n\t\t\t\t\t\t<div class=\"elementor-container elementor-column-gap-default\">\n\t\t\t\t\t<div class=\"elementor-column elementor-col-100 elementor-top-column elementor-element elementor-element-ce445ea\" data-id=\"ce445ea\" data-element_type=\"column\" data-e-type=\"column\">\n\t\t\t<div class=\"elementor-widget-wrap elementor-element-populated\">\n\t\t\t\t\t\t<div class=\"elementor-element elementor-element-8002c8b elementor-widget elementor-widget-gallery\" data-id=\"8002c8b\" data-element_type=\"widget\" data-e-type=\"widget\" data-settings=\"{&quot;gallery_layout&quot;:&quot;masonry&quot;,&quot;columns&quot;:2,&quot;lazyload&quot;:&quot;yes&quot;,&quot;columns_tablet&quot;:2,&quot;columns_mobile&quot;:1,&quot;gap&quot;:{&quot;unit&quot;:&quot;px&quot;,&quot;size&quot;:10,&quot;sizes&quot;:[]},&quot;gap_tablet&quot;:{&quot;unit&quot;:&quot;px&quot;,&quot;size&quot;:10,&quot;sizes&quot;:[]},&quot;gap_mobile&quot;:{&quot;unit&quot;:&quot;px&quot;,&quot;size&quot;:10,&quot;sizes&quot;:[]},&quot;link_to&quot;:&quot;file&quot;,&quot;overlay_background&quot;:&quot;yes&quot;,&quot;content_hover_animation&quot;:&quot;fade-in&quot;}\" data-widget_type=\"gallery.default\">\n\t\t\t\t<div class=\"elementor-widget-container\">\n\t\t\t\t\t\t\t<div class=\"elementor-gallery__container\">\n\t\t\t\t\t\t\t<a class=\"e-gallery-item elementor-gallery-item elementor-animated-content\" href=\"https:\/\/faro-gruppe.de\/wp-content\/uploads\/2023\/04\/knips-o-mat-fotoautomat-hochzeit-2.jpg\" data-elementor-open-lightbox=\"yes\" data-elementor-lightbox-slideshow=\"8002c8b\" data-elementor-lightbox-title=\"knips-o-mat-fotoautomat-hochzeit\" data-e-action-hash=\"#elementor-action%3Aaction%3Dlightbox%26settings%3DeyJpZCI6MTIxNDk5LCJ1cmwiOiJodHRwczpcL1wvZmFyby1ncnVwcGUuZGVcL3dwLWNvbnRlbnRcL3VwbG9hZHNcLzIwMjNcLzA0XC9rbmlwcy1vLW1hdC1mb3RvYXV0b21hdC1ob2NoemVpdC0yLmpwZyIsInNsaWRlc2hvdyI6IjgwMDJjOGIifQ%3D%3D\">\n\t\t\t\t\t<div class=\"e-gallery-image elementor-gallery-item__image\" data-thumbnail=\"https:\/\/faro-gruppe.de\/wp-content\/uploads\/2023\/04\/knips-o-mat-fotoautomat-hochzeit-2.jpg\" data-width=\"800\" data-height=\"527\" aria-label=\"\" role=\"img\" ><\/div>\n\t\t\t\t\t\t\t\t\t\t\t<div class=\"elementor-gallery-item__overlay\"><\/div>\n\t\t\t\t\t\t\t\t\t\t\t\t\t\t<\/a>\n\t\t\t\t\t\t\t<a class=\"e-gallery-item elementor-gallery-item elementor-animated-content\" href=\"https:\/\/faro-gruppe.de\/wp-content\/uploads\/2023\/04\/knips-o-mat-fotoautomat-firmenevent-2.jpg\" data-elementor-open-lightbox=\"yes\" data-elementor-lightbox-slideshow=\"8002c8b\" data-elementor-lightbox-title=\"knips-o-mat-fotoautomat-firmenevent\" data-e-action-hash=\"#elementor-action%3Aaction%3Dlightbox%26settings%3DeyJpZCI6MTIxNTAwLCJ1cmwiOiJodHRwczpcL1wvZmFyby1ncnVwcGUuZGVcL3dwLWNvbnRlbnRcL3VwbG9hZHNcLzIwMjNcLzA0XC9rbmlwcy1vLW1hdC1mb3RvYXV0b21hdC1maXJtZW5ldmVudC0yLmpwZyIsInNsaWRlc2hvdyI6IjgwMDJjOGIifQ%3D%3D\">\n\t\t\t\t\t<div class=\"e-gallery-image elementor-gallery-item__image\" data-thumbnail=\"https:\/\/faro-gruppe.de\/wp-content\/uploads\/2023\/04\/knips-o-mat-fotoautomat-firmenevent-2.jpg\" data-width=\"800\" data-height=\"600\" aria-label=\"\" role=\"img\" ><\/div>\n\t\t\t\t\t\t\t\t\t\t\t<div class=\"elementor-gallery-item__overlay\"><\/div>\n\t\t\t\t\t\t\t\t\t\t\t\t\t\t<\/a>\n\t\t\t\t\t\t\t<a class=\"e-gallery-item elementor-gallery-item elementor-animated-content\" href=\"https:\/\/faro-gruppe.de\/wp-content\/uploads\/2021\/05\/Fotoautomat-mit-branding.jpg\" data-elementor-open-lightbox=\"yes\" data-elementor-lightbox-slideshow=\"8002c8b\" data-elementor-lightbox-title=\"Fotoautomat mit branding\" data-e-action-hash=\"#elementor-action%3Aaction%3Dlightbox%26settings%3DeyJpZCI6NDczNywidXJsIjoiaHR0cHM6XC9cL2Zhcm8tZ3J1cHBlLmRlXC93cC1jb250ZW50XC91cGxvYWRzXC8yMDIxXC8wNVwvRm90b2F1dG9tYXQtbWl0LWJyYW5kaW5nLmpwZyIsInNsaWRlc2hvdyI6IjgwMDJjOGIifQ%3D%3D\">\n\t\t\t\t\t<div class=\"e-gallery-image elementor-gallery-item__image\" data-thumbnail=\"https:\/\/faro-gruppe.de\/wp-content\/uploads\/2021\/05\/Fotoautomat-mit-branding-1280x854.jpg\" data-width=\"800\" data-height=\"534\" aria-label=\"\" role=\"img\" ><\/div>\n\t\t\t\t\t\t\t\t\t\t\t<div class=\"elementor-gallery-item__overlay\"><\/div>\n\t\t\t\t\t\t\t\t\t\t\t\t\t\t<\/a>\n\t\t\t\t\t\t\t<a class=\"e-gallery-item elementor-gallery-item elementor-animated-content\" href=\"https:\/\/faro-gruppe.de\/wp-content\/uploads\/2021\/05\/Fotoautomat-auf-Event.jpg\" data-elementor-open-lightbox=\"yes\" data-elementor-lightbox-slideshow=\"8002c8b\" data-elementor-lightbox-title=\"Fotoautomat auf Event\" data-e-action-hash=\"#elementor-action%3Aaction%3Dlightbox%26settings%3DeyJpZCI6NDczNiwidXJsIjoiaHR0cHM6XC9cL2Zhcm8tZ3J1cHBlLmRlXC93cC1jb250ZW50XC91cGxvYWRzXC8yMDIxXC8wNVwvRm90b2F1dG9tYXQtYXVmLUV2ZW50LmpwZyIsInNsaWRlc2hvdyI6IjgwMDJjOGIifQ%3D%3D\">\n\t\t\t\t\t<div class=\"e-gallery-image elementor-gallery-item__image\" data-thumbnail=\"https:\/\/faro-gruppe.de\/wp-content\/uploads\/2021\/05\/Fotoautomat-auf-Event-1280x955.jpg\" data-width=\"800\" data-height=\"597\" aria-label=\"\" role=\"img\" ><\/div>\n\t\t\t\t\t\t\t\t\t\t\t<div class=\"elementor-gallery-item__overlay\"><\/div>\n\t\t\t\t\t\t\t\t\t\t\t\t\t\t<\/a>\n\t\t\t\t\t\t\t<a class=\"e-gallery-item elementor-gallery-item elementor-animated-content\" href=\"https:\/\/faro-gruppe.de\/wp-content\/uploads\/2023\/04\/www.knips-o-mat.de-fotoautomat-knips-o-mat-fotoautomat-zusatzrequisiten-firmenevent-1024x768-1.jpg\" data-elementor-open-lightbox=\"yes\" data-elementor-lightbox-slideshow=\"8002c8b\" data-elementor-lightbox-title=\"www.knips-o-mat.de-fotoautomat-knips-o-mat-fotoautomat-zusatzrequisiten-firmenevent-1024x768\" data-e-action-hash=\"#elementor-action%3Aaction%3Dlightbox%26settings%3DeyJpZCI6MTIxNTAxLCJ1cmwiOiJodHRwczpcL1wvZmFyby1ncnVwcGUuZGVcL3dwLWNvbnRlbnRcL3VwbG9hZHNcLzIwMjNcLzA0XC93d3cua25pcHMtby1tYXQuZGUtZm90b2F1dG9tYXQta25pcHMtby1tYXQtZm90b2F1dG9tYXQtenVzYXR6cmVxdWlzaXRlbi1maXJtZW5ldmVudC0xMDI0eDc2OC0xLmpwZyIsInNsaWRlc2hvdyI6IjgwMDJjOGIifQ%3D%3D\">\n\t\t\t\t\t<div class=\"e-gallery-image elementor-gallery-item__image\" data-thumbnail=\"https:\/\/faro-gruppe.de\/wp-content\/uploads\/2023\/04\/www.knips-o-mat.de-fotoautomat-knips-o-mat-fotoautomat-zusatzrequisiten-firmenevent-1024x768-1.jpg\" data-width=\"800\" data-height=\"600\" aria-label=\"\" role=\"img\" ><\/div>\n\t\t\t\t\t\t\t\t\t\t\t<div class=\"elementor-gallery-item__overlay\"><\/div>\n\t\t\t\t\t\t\t\t\t\t\t\t\t\t<\/a>\n\t\t\t\t\t\t\t<a class=\"e-gallery-item elementor-gallery-item elementor-animated-content\" href=\"https:\/\/faro-gruppe.de\/wp-content\/uploads\/2023\/04\/www.knips-o-mat.de-fotoautomat-knips-o-mat-fotoautomat-branding-ebay-750x750-1.jpg\" data-elementor-open-lightbox=\"yes\" data-elementor-lightbox-slideshow=\"8002c8b\" data-elementor-lightbox-title=\"www.knips-o-mat.de-fotoautomat-knips-o-mat-fotoautomat-branding-ebay-750x750\" data-e-action-hash=\"#elementor-action%3Aaction%3Dlightbox%26settings%3DeyJpZCI6MTIxNTAyLCJ1cmwiOiJodHRwczpcL1wvZmFyby1ncnVwcGUuZGVcL3dwLWNvbnRlbnRcL3VwbG9hZHNcLzIwMjNcLzA0XC93d3cua25pcHMtby1tYXQuZGUtZm90b2F1dG9tYXQta25pcHMtby1tYXQtZm90b2F1dG9tYXQtYnJhbmRpbmctZWJheS03NTB4NzUwLTEuanBnIiwic2xpZGVzaG93IjoiODAwMmM4YiJ9\">\n\t\t\t\t\t<div class=\"e-gallery-image elementor-gallery-item__image\" data-thumbnail=\"https:\/\/faro-gruppe.de\/wp-content\/uploads\/2023\/04\/www.knips-o-mat.de-fotoautomat-knips-o-mat-fotoautomat-branding-ebay-750x750-1.jpg\" data-width=\"750\" data-height=\"750\" aria-label=\"\" role=\"img\" ><\/div>\n\t\t\t\t\t\t\t\t\t\t\t<div class=\"elementor-gallery-item__overlay\"><\/div>\n\t\t\t\t\t\t\t\t\t\t\t\t\t\t<\/a>\n\t\t\t\t\t\t\t<a class=\"e-gallery-item elementor-gallery-item elementor-animated-content\" href=\"https:\/\/faro-gruppe.de\/wp-content\/uploads\/2023\/04\/www.knips-o-mat.de-fotoautomat-knips-o-mat-fotoautomat-firmenevent-1024x768-1.jpg\" data-elementor-open-lightbox=\"yes\" data-elementor-lightbox-slideshow=\"8002c8b\" data-elementor-lightbox-title=\"www.knips-o-mat.de-fotoautomat-knips-o-mat-fotoautomat-firmenevent-1024x768\" data-e-action-hash=\"#elementor-action%3Aaction%3Dlightbox%26settings%3DeyJpZCI6MTIxNTAzLCJ1cmwiOiJodHRwczpcL1wvZmFyby1ncnVwcGUuZGVcL3dwLWNvbnRlbnRcL3VwbG9hZHNcLzIwMjNcLzA0XC93d3cua25pcHMtby1tYXQuZGUtZm90b2F1dG9tYXQta25pcHMtby1tYXQtZm90b2F1dG9tYXQtZmlybWVuZXZlbnQtMTAyNHg3NjgtMS5qcGciLCJzbGlkZXNob3ciOiI4MDAyYzhiIn0%3D\">\n\t\t\t\t\t<div class=\"e-gallery-image elementor-gallery-item__image\" data-thumbnail=\"https:\/\/faro-gruppe.de\/wp-content\/uploads\/2023\/04\/www.knips-o-mat.de-fotoautomat-knips-o-mat-fotoautomat-firmenevent-1024x768-1.jpg\" data-width=\"800\" data-height=\"600\" aria-label=\"\" role=\"img\" ><\/div>\n\t\t\t\t\t\t\t\t\t\t\t<div class=\"elementor-gallery-item__overlay\"><\/div>\n\t\t\t\t\t\t\t\t\t\t\t\t\t\t<\/a>\n\t\t\t\t\t\t\t<a class=\"e-gallery-item elementor-gallery-item elementor-animated-content\" href=\"https:\/\/faro-gruppe.de\/wp-content\/uploads\/2023\/04\/www.knips-o-mat.de-knips-o-mat-fotoautomat-liebeskind-1024x768-1.jpg\" data-elementor-open-lightbox=\"yes\" data-elementor-lightbox-slideshow=\"8002c8b\" data-elementor-lightbox-title=\"www.knips-o-mat.de-knips-o-mat-fotoautomat-liebeskind-1024x768\" data-e-action-hash=\"#elementor-action%3Aaction%3Dlightbox%26settings%3DeyJpZCI6MTIxNTA0LCJ1cmwiOiJodHRwczpcL1wvZmFyby1ncnVwcGUuZGVcL3dwLWNvbnRlbnRcL3VwbG9hZHNcLzIwMjNcLzA0XC93d3cua25pcHMtby1tYXQuZGUta25pcHMtby1tYXQtZm90b2F1dG9tYXQtbGllYmVza2luZC0xMDI0eDc2OC0xLmpwZyIsInNsaWRlc2hvdyI6IjgwMDJjOGIifQ%3D%3D\">\n\t\t\t\t\t<div class=\"e-gallery-image elementor-gallery-item__image\" data-thumbnail=\"https:\/\/faro-gruppe.de\/wp-content\/uploads\/2023\/04\/www.knips-o-mat.de-knips-o-mat-fotoautomat-liebeskind-1024x768-1.jpg\" data-width=\"800\" data-height=\"600\" aria-label=\"\" role=\"img\" ><\/div>\n\t\t\t\t\t\t\t\t\t\t\t<div class=\"elementor-gallery-item__overlay\"><\/div>\n\t\t\t\t\t\t\t\t\t\t\t\t\t\t<\/a>\n\t\t\t\t\t\t\t<a class=\"e-gallery-item elementor-gallery-item elementor-animated-content\" href=\"https:\/\/faro-gruppe.de\/wp-content\/uploads\/2023\/04\/www.knips-o-mat.de-fotoautomat-knips-o-mat-fotoautomat-firmenevent-2-750x750-1.jpg\" data-elementor-open-lightbox=\"yes\" data-elementor-lightbox-slideshow=\"8002c8b\" data-elementor-lightbox-title=\"www.knips-o-mat.de-fotoautomat-knips-o-mat-fotoautomat-firmenevent-2-750x750\" data-e-action-hash=\"#elementor-action%3Aaction%3Dlightbox%26settings%3DeyJpZCI6MTIxNTA1LCJ1cmwiOiJodHRwczpcL1wvZmFyby1ncnVwcGUuZGVcL3dwLWNvbnRlbnRcL3VwbG9hZHNcLzIwMjNcLzA0XC93d3cua25pcHMtby1tYXQuZGUtZm90b2F1dG9tYXQta25pcHMtby1tYXQtZm90b2F1dG9tYXQtZmlybWVuZXZlbnQtMi03NTB4NzUwLTEuanBnIiwic2xpZGVzaG93IjoiODAwMmM4YiJ9\">\n\t\t\t\t\t<div class=\"e-gallery-image elementor-gallery-item__image\" data-thumbnail=\"https:\/\/faro-gruppe.de\/wp-content\/uploads\/2023\/04\/www.knips-o-mat.de-fotoautomat-knips-o-mat-fotoautomat-firmenevent-2-750x750-1.jpg\" data-width=\"750\" data-height=\"750\" aria-label=\"\" role=\"img\" ><\/div>\n\t\t\t\t\t\t\t\t\t\t\t<div class=\"elementor-gallery-item__overlay\"><\/div>\n\t\t\t\t\t\t\t\t\t\t\t\t\t\t<\/a>\n\t\t\t\t\t<\/div>\n\t\t\t\t\t<\/div>\n\t\t\t\t<\/div>\n\t\t\t\t\t<\/div>\n\t\t<\/div>\n\t\t\t\t\t<\/div>\n\t\t<\/section>\n\t\t\t\t<\/div>","protected":false},"excerpt":{"rendered":"<p>Fotoautomaten Instantfun aus der Fotobox Unser Fotoautomat ist ein Must-Have f\u00fcr Ihre n\u00e4chste Veranstaltung Unvergessliche Erinnerungen f\u00fcr Ihre G\u00e4ste von Ihrem Event Unsere Fotoautomaten &#8211;\u00a0Genau das richtige f\u00fcr jedes Event Unser exklusiver Fotoautomat verbindet aufgrund der geschlossenen Kabine Kindheitserinnerungen mit moderner Fototechnik. Anders als bei herko\u0308mmlichen Modellen ist die Kabine unserer Fotobox von beiden Seiten [&hellip;]\u2026<\/p>\n","protected":false},"author":9,"featured_media":0,"parent":1204,"menu_order":5,"comment_status":"closed","ping_status":"closed","template":"","meta":{"footnotes":""},"class_list":["post-121491","page","type-page","status-publish","hentry"],"_links":{"self":[{"href":"https:\/\/faro-gruppe.de\/en\/wp-json\/wp\/v2\/pages\/121491","targetHints":{"allow":["GET"]}}],"collection":[{"href":"https:\/\/faro-gruppe.de\/en\/wp-json\/wp\/v2\/pages"}],"about":[{"href":"https:\/\/faro-gruppe.de\/en\/wp-json\/wp\/v2\/types\/page"}],"author":[{"embeddable":true,"href":"https:\/\/faro-gruppe.de\/en\/wp-json\/wp\/v2\/users\/9"}],"replies":[{"embeddable":true,"href":"https:\/\/faro-gruppe.de\/en\/wp-json\/wp\/v2\/comments?post=121491"}],"version-history":[{"count":10,"href":"https:\/\/faro-gruppe.de\/en\/wp-json\/wp\/v2\/pages\/121491\/revisions"}],"predecessor-version":[{"id":121538,"href":"https:\/\/faro-gruppe.de\/en\/wp-json\/wp\/v2\/pages\/121491\/revisions\/121538"}],"up":[{"embeddable":true,"href":"https:\/\/faro-gruppe.de\/en\/wp-json\/wp\/v2\/pages\/1204"}],"wp:attachment":[{"href":"https:\/\/faro-gruppe.de\/en\/wp-json\/wp\/v2\/media?parent=121491"}],"curies":[{"name":"wp","href":"https:\/\/api.w.org\/{rel}","templated":true}]}}