{"id":125820,"date":"2023-06-27T17:07:04","date_gmt":"2023-06-27T15:07:04","guid":{"rendered":"https:\/\/faro-gruppe.de\/?page_id=125820"},"modified":"2023-12-09T22:02:20","modified_gmt":"2023-12-09T21:02:20","slug":"logbook-2","status":"publish","type":"page","link":"https:\/\/faro-gruppe.de\/en\/personal\/schichtabsage\/","title":{"rendered":"Shift cancellation"},"content":{"rendered":"\t\t<div data-elementor-type=\"wp-page\" data-elementor-id=\"125820\" class=\"elementor elementor-125820\" data-elementor-settings=\"{&quot;ha_cmc_init_switcher&quot;:&quot;no&quot;}\" data-elementor-post-type=\"page\">\n\t\t\t\t\t\t<section class=\"elementor-section elementor-top-section elementor-element elementor-element-b650594 elementor-section-height-min-height elementor-section-boxed elementor-section-height-default elementor-section-items-middle\" data-id=\"b650594\" data-element_type=\"section\" data-e-type=\"section\" data-settings=\"{&quot;background_background&quot;:&quot;classic&quot;,&quot;background_image&quot;:{&quot;url&quot;:&quot;https:\\\/\\\/faro-gruppe.de\\\/wp-content\\\/uploads\\\/2022\\\/08\\\/Informationen-an-die-Personalabteilung.jpg&quot;,&quot;id&quot;:93919,&quot;size&quot;:&quot;&quot;,&quot;alt&quot;:&quot;&quot;,&quot;source&quot;:&quot;library&quot;},&quot;parallax_background_enable&quot;:&quot;yes&quot;,&quot;parallax_background_speed&quot;:{&quot;unit&quot;:&quot;px&quot;,&quot;size&quot;:1,&quot;sizes&quot;:[]},&quot;background_image_tablet&quot;:{&quot;url&quot;:&quot;&quot;,&quot;id&quot;:&quot;&quot;,&quot;size&quot;:&quot;&quot;},&quot;background_image_mobile&quot;:{&quot;url&quot;:&quot;&quot;,&quot;id&quot;:&quot;&quot;,&quot;size&quot;:&quot;&quot;},&quot;parallax_background_speed_tablet&quot;:{&quot;unit&quot;:&quot;px&quot;,&quot;size&quot;:&quot;&quot;,&quot;sizes&quot;:[]},&quot;parallax_background_speed_mobile&quot;:{&quot;unit&quot;:&quot;px&quot;,&quot;size&quot;:&quot;&quot;,&quot;sizes&quot;:[]},&quot;parallax_background_direction&quot;:&quot;down&quot;,&quot;_ha_eqh_enable&quot;:false}\">\n\t\t\t\t\t\t\t<div class=\"elementor-background-overlay\"><\/div>\n\t\t\t\t\t\t\t<div class=\"elementor-container elementor-column-gap-default\">\n\t\t\t\t\t<div class=\"elementor-column elementor-col-100 elementor-top-column elementor-element elementor-element-51444904\" data-id=\"51444904\" data-element_type=\"column\" data-e-type=\"column\">\n\t\t\t<div class=\"elementor-widget-wrap elementor-element-populated\">\n\t\t\t\t\t\t<div class=\"elementor-element elementor-element-1718b019 elementor-widget elementor-widget-heading\" data-id=\"1718b019\" data-element_type=\"widget\" data-e-type=\"widget\" data-widget_type=\"heading.default\">\n\t\t\t\t<div class=\"elementor-widget-container\">\n\t\t\t\t\t<h1 class=\"elementor-heading-title elementor-size-default\">SCHICHTABSAGEN<\/h1>\t\t\t\t<\/div>\n\t\t\t\t<\/div>\n\t\t\t\t\t<\/div>\n\t\t<\/div>\n\t\t\t\t\t<\/div>\n\t\t<\/section>\n\t\t\t\t<section class=\"elementor-section elementor-top-section elementor-element elementor-element-b5ab43f elementor-section-boxed elementor-section-height-default elementor-section-height-default\" data-id=\"b5ab43f\" data-element_type=\"section\" data-e-type=\"section\" data-settings=\"{&quot;_ha_eqh_enable&quot;:false}\">\n\t\t\t\t\t\t<div class=\"elementor-container elementor-column-gap-default\">\n\t\t\t\t\t<div class=\"elementor-column elementor-col-100 elementor-top-column elementor-element elementor-element-d450bae\" data-id=\"d450bae\" data-element_type=\"column\" data-e-type=\"column\">\n\t\t\t<div class=\"elementor-widget-wrap elementor-element-populated\">\n\t\t\t\t\t\t<div class=\"elementor-element elementor-element-9405f03 elementor-widget elementor-widget-heading\" data-id=\"9405f03\" data-element_type=\"widget\" data-e-type=\"widget\" data-widget_type=\"heading.default\">\n\t\t\t\t<div class=\"elementor-widget-container\">\n\t\t\t\t\t<h3 class=\"elementor-heading-title elementor-size-default\">Auf dieser Seite kannst du uns mitteilen, wenn du eine bereits zugesagte Schicht absagen m\u00f6chtest.\u00a0<\/h3>\t\t\t\t<\/div>\n\t\t\t\t<\/div>\n\t\t\t\t<div class=\"elementor-element elementor-element-9e58d40 elementor-widget-divider--view-line elementor-widget elementor-widget-divider\" data-id=\"9e58d40\" data-element_type=\"widget\" data-e-type=\"widget\" data-widget_type=\"divider.default\">\n\t\t\t\t<div class=\"elementor-widget-container\">\n\t\t\t\t\t\t\t<div class=\"elementor-divider\">\n\t\t\t<span class=\"elementor-divider-separator\">\n\t\t\t\t\t\t<\/span>\n\t\t<\/div>\n\t\t\t\t\t\t<\/div>\n\t\t\t\t<\/div>\n\t\t\t\t<div class=\"elementor-element elementor-element-f7140fa elementor-widget elementor-widget-text-editor\" data-id=\"f7140fa\" data-element_type=\"widget\" data-e-type=\"widget\" data-widget_type=\"text-editor.default\">\n\t\t\t\t<div class=\"elementor-widget-container\">\n\t\t\t\t\t\t\t\t\t<p style=\"text-align: center;\"><span style=\"color: var( --e-global-color-text ); font-family: var( --e-global-typography-text-font-family ), Sans-serif; font-size: 1rem; font-weight: var( --e-global-typography-text-font-weight );\">Musst du <\/span><strong style=\"color: var( --e-global-color-text ); font-family: var( --e-global-typography-text-font-family ), Sans-serif; font-size: 1rem;\">kurzfristig <\/strong><span style=\"color: var( --e-global-color-text ); font-family: var( --e-global-typography-text-font-family ), Sans-serif; font-size: 1rem; font-weight: var( --e-global-typography-text-font-weight );\">absagen, ist das <\/span><strong style=\"color: var( --e-global-color-text ); font-family: var( --e-global-typography-text-font-family ), Sans-serif; font-size: 1rem;\">nur aus gesundheitlichen Gr\u00fcnden<\/strong><span style=\"color: var( --e-global-color-text ); font-family: var( --e-global-typography-text-font-family ), Sans-serif; font-size: 1rem; font-weight: var( --e-global-typography-text-font-weight );\"> m\u00f6glich, denn wir m\u00fcssen&nbsp;<\/span><span style=\"color: var( --e-global-color-text ); font-family: var( --e-global-typography-text-font-family ), Sans-serif; font-size: 1rem; font-weight: var( --e-global-typography-text-font-weight );\">das Servicepersonal f\u00fcr unsere Veranstaltungen verl\u00e4sslich planen k\u00f6nnen.<\/span><\/p>\t\t\t\t\t\t\t\t<\/div>\n\t\t\t\t<\/div>\n\t\t\t\t<div class=\"elementor-element elementor-element-85bdd7a elementor-widget elementor-widget-spacer\" data-id=\"85bdd7a\" data-element_type=\"widget\" data-e-type=\"widget\" data-widget_type=\"spacer.default\">\n\t\t\t\t<div class=\"elementor-widget-container\">\n\t\t\t\t\t\t\t<div class=\"elementor-spacer\">\n\t\t\t<div class=\"elementor-spacer-inner\"><\/div>\n\t\t<\/div>\n\t\t\t\t\t\t<\/div>\n\t\t\t\t<\/div>\n\t\t\t\t<div class=\"elementor-element elementor-element-b21f4fa elementor-widget elementor-widget-wp-widget-frm_show_form\" data-id=\"b21f4fa\" data-element_type=\"widget\" data-e-type=\"widget\" data-widget_type=\"wp-widget-frm_show_form.default\">\n\t\t\t\t<div class=\"elementor-widget-container\">\n\t\t\t\t\t<div class=\"frm_form_widget\"><link rel='stylesheet' id='formidable-css' href='https:\/\/faro-gruppe.de\/wp-content\/plugins\/formidable\/css\/formidableforms.css?ver=2191005' media='all' \/>\n<div class=\"frm_forms  with_frm_style frm_style_formidable-style\" id=\"frm_form_170_container\" >\n<form enctype=\"multipart\/form-data\" method=\"post\" class=\"frm-show-form  frm_pro_form \" id=\"form_n1aanv2x2\" >\n<div class=\"frm_form_fields \">\n<fieldset>\n<legend class=\"frm_hidden\">Schichtabsagen<\/legend>\r\n\r\n<div class=\"frm_fields_container\">\n<input type=\"hidden\" name=\"frm_action\" value=\"create\" \/>\n<input type=\"hidden\" name=\"form_id\" value=\"170\" \/>\n<input type=\"hidden\" name=\"frm_hide_fields_170\" id=\"frm_hide_fields_170\" value=\"\" \/>\n<input type=\"hidden\" name=\"form_key\" value=\"n1aanv2x2\" \/>\n<input type=\"hidden\" name=\"item_meta[0]\" value=\"\" \/>\n<input type=\"hidden\" id=\"frm_submit_entry_170\" name=\"frm_submit_entry_170\" value=\"b52655bdde\" \/><input type=\"hidden\" name=\"_wp_http_referer\" value=\"\/en\/wp-json\/wp\/v2\/pages\/125820\" \/><div id=\"frm_field_16504_container\" class=\"frm_form_field form-field  frm_required_field frm_top_container frm12 frm_first frm_third\">\r\n    <label for=\"field_6k38rr3e0bf38df5e2\" class=\"frm_primary_label\">Dein Name\r\n        <span class=\"frm_required\">*<\/span>\r\n    <\/label>\r\n    <input  type=\"text\" id=\"field_6k38rr3e0bf38df5e2\" name=\"item_meta[16504]\" value=\"\"  autocomplete=\"name\"  data-reqmsg=\"Dieses Feld darf nicht leer sein.\" aria-required=\"true\" data-invmsg=\"Vorname Serviceleiter ist ung\u00fcltig\" aria-invalid=\"false\"   \/>\r\n    \r\n    \r\n<\/div>\n<div id=\"frm_field_16991_container\" class=\"frm_form_field form-field  frm_required_field frm_top_container frm12 frm_first frm_third\">\r\n    <label for=\"field_snixo\" id=\"field_snixo_label\" class=\"frm_primary_label\">Deine E-Mail Adresse\r\n        <span class=\"frm_required\" aria-hidden=\"true\">*<\/span>\r\n    <\/label>\r\n    <input type=\"email\" id=\"field_snixo\" name=\"item_meta[16991]\" value=\"\"  data-reqmsg=\"Dieses Feld darf nicht leer sein.\" aria-required=\"true\" data-invmsg=\"E-Mail ist ung\u00fcltig\" aria-invalid=\"false\"  \/>\r\n    \r\n    \r\n<\/div>\n<div id=\"frm_field_16998_container\" class=\"frm_form_field form-field  frm_required_field frm_top_container frm12 frm_first vertical_radio\">\r\n    <div  id=\"field_p1gpq_label\" class=\"frm_primary_label\">F\u00fcr welchen Standort m\u00f6chtest du absagen?\r\n        <span class=\"frm_required\" aria-hidden=\"true\">*<\/span>\r\n    <\/div>\r\n    <div class=\"frm_opt_container\" aria-labelledby=\"field_p1gpq_label\" role=\"group\">\t\t<div class=\"frm_checkbox\" id=\"frm_checkbox_16998-0\">\t\t\t<label  for=\"field_p1gpq-0\">\n\t\t\t<input type=\"checkbox\" name=\"item_meta[16998][]\" id=\"field_p1gpq-0\" value=\"Spreespeicher\"  data-reqmsg=\"Dieses Feld darf nicht leer sein.\" data-invmsg=\"F\u00fcr welchen Standort m\u00f6chtest du absagen? is invalid\"   aria-required=\"true\"  \/> Spreespeicher<\/label><\/div>\n\t\t<div class=\"frm_checkbox\" id=\"frm_checkbox_16998-1\">\t\t\t<label  for=\"field_p1gpq-1\">\n\t\t\t<input type=\"checkbox\" name=\"item_meta[16998][]\" id=\"field_p1gpq-1\" value=\"White Spreelounge\"  data-reqmsg=\"Dieses Feld darf nicht leer sein.\" data-invmsg=\"F\u00fcr welchen Standort m\u00f6chtest du absagen? is invalid\"   \/> White Spreelounge<\/label><\/div>\n\t\t<div class=\"frm_checkbox\" id=\"frm_checkbox_16998-2\">\t\t\t<label  for=\"field_p1gpq-2\">\n\t\t\t<input type=\"checkbox\" name=\"item_meta[16998][]\" id=\"field_p1gpq-2\" value=\"RIVO Spreeterrassen\"  data-reqmsg=\"Dieses Feld darf nicht leer sein.\" data-invmsg=\"F\u00fcr welchen Standort m\u00f6chtest du absagen? is invalid\"   \/> RIVO Spreeterrassen<\/label><\/div>\n\t\t<div class=\"frm_checkbox\" id=\"frm_checkbox_16998-3\">\t\t\t<label  for=\"field_p1gpq-3\">\n\t\t\t<input type=\"checkbox\" name=\"item_meta[16998][]\" id=\"field_p1gpq-3\" value=\"Weihnachtsmarkt\"  data-reqmsg=\"Dieses Feld darf nicht leer sein.\" data-invmsg=\"F\u00fcr welchen Standort m\u00f6chtest du absagen? is invalid\"   \/> Weihnachtsmarkt<\/label><\/div>\n<\/div>\r\n    <div class=\"frm_description\" id=\"frm_desc_field_p1gpq\">Wenn du an mehreren Standorten eingeteilt bist, musst du diese alle ausw\u00e4hlen.<\/div>\r\n    \r\n<\/div>\n<div id=\"frm_field_16999_container\" class=\"frm_form_field form-field  frm_required_field frm_top_container vertical_radio\">\r\n    <div  id=\"field_7s3u3_label\" class=\"frm_primary_label\">F\u00fcr welchen Zeitraum ist deine Schichtabsage?\r\n        <span class=\"frm_required\" aria-hidden=\"true\">*<\/span>\r\n    <\/div>\r\n    <div class=\"frm_opt_container\" aria-labelledby=\"field_7s3u3_label\" role=\"radiogroup\" aria-required=\"true\">\t\t<div class=\"frm_radio\" id=\"frm_radio_16999-0\">\t\t\t<label  for=\"field_7s3u3-0\">\n\t\t\t\t\t<input type=\"radio\" name=\"item_meta[16999]\" id=\"field_7s3u3-0\" value=\"kurzfristige\"\n\t\t data-reqmsg=\"Dieses Feld darf nicht leer sein.\" data-invmsg=\"F\u00fcr welchen Zeitraum ist deine Schichtabsage? is invalid\"   \/> Kurzfristig: in den n\u00e4chsten 10 Tagen<\/label><\/div>\n\t\t<div class=\"frm_radio\" id=\"frm_radio_16999-1\">\t\t\t<label  for=\"field_7s3u3-1\">\n\t\t\t\t\t<input type=\"radio\" name=\"item_meta[16999]\" id=\"field_7s3u3-1\" value=\"langfristige\"\n\t\t data-reqmsg=\"Dieses Feld darf nicht leer sein.\" data-invmsg=\"F\u00fcr welchen Zeitraum ist deine Schichtabsage? is invalid\"   \/> Langfristig: in mehr als 10 Tagen<\/label><\/div>\n<\/div>\r\n    \r\n    \r\n<\/div>\n<div id=\"frm_field_16997_container\" class=\"frm_form_field form-field  frm_top_container vertical_radio frm_other_container\">\r\n    <div  id=\"field_w2c3o_label\" class=\"frm_primary_label\">F\u00fcr welchen Tag musst du kurzfristig Schichten absagen?\r\n        <span class=\"frm_required\" aria-hidden=\"true\"><\/span>\r\n    <\/div>\r\n    <div class=\"frm_opt_container\" aria-labelledby=\"field_w2c3o_label\" role=\"group\">\t\t<div class=\"frm_checkbox\" id=\"frm_checkbox_16997-0\">\t\t\t<label  for=\"field_w2c3o-0\">\n\t\t\t<input type=\"checkbox\" name=\"item_meta[16997][]\" id=\"field_w2c3o-0\" value=\"Heute\"  data-invmsg=\"F\u00fcr welchen Tag musst du kurzfristig Schichten absagen? is invalid\"   \/> Heute<\/label><\/div>\n\t\t<div class=\"frm_checkbox\" id=\"frm_checkbox_16997-1\">\t\t\t<label  for=\"field_w2c3o-1\">\n\t\t\t<input type=\"checkbox\" name=\"item_meta[16997][]\" id=\"field_w2c3o-1\" value=\"Morgen\"  data-invmsg=\"F\u00fcr welchen Tag musst du kurzfristig Schichten absagen? is invalid\"   \/> Morgen<\/label><\/div>\n\t\t<div class=\"frm_checkbox\" id=\"frm_checkbox_16997-2\">\t\t\t<label  for=\"field_w2c3o-2\">\n\t\t\t<input type=\"checkbox\" name=\"item_meta[16997][]\" id=\"field_w2c3o-2\" value=\"\u00dcbermorgen\"  data-invmsg=\"F\u00fcr welchen Tag musst du kurzfristig Schichten absagen? is invalid\"   \/> \u00dcbermorgen<\/label><\/div>\n\t\t<div class=\"frm_checkbox\" id=\"frm_checkbox_16997-other_7\">\t\t\t<label  for=\"field_w2c3o-other_7\">\n\t\t\t<input type=\"checkbox\" name=\"item_meta[16997][other_7]\" id=\"field_w2c3o-other_7\" value=\"Andere\/Sonstige\/Freitext\"  data-invmsg=\"F\u00fcr welchen Tag musst du kurzfristig Schichten absagen? is invalid\"   \/> Andere\/Sonstige\/Freitext<\/label><label for=\"field_w2c3o-other_7-otext\" class=\"frm_screen_reader frm_hidden\">Andere\/Sonstige\/Freitext<\/label><input type=\"text\" id=\"field_w2c3o-other_7-otext\" class=\"frm_other_input frm_pos_none\"  name=\"item_meta[other][16997][other_7]\" value=\"\" \/><\/div>\n<\/div>\r\n    \r\n    \r\n<\/div>\n<div id=\"frm_field_17003_container\" class=\"frm_form_field form-field  frm_top_container\">\r\n    <label for=\"field_j21or\" id=\"field_j21or_label\" class=\"frm_primary_label\">Welche langfristige Schicht willst du absagen?\r\n        <span class=\"frm_required\" aria-hidden=\"true\"><\/span>\r\n    <\/label>\r\n    <input  type=\"text\" id=\"field_j21or\" name=\"item_meta[17003]\" value=\"\"  data-invmsg=\"Text ist ung\u00fcltig\" aria-invalid=\"false\"   \/>\r\n    \r\n    \r\n<\/div>\n<div id=\"frm_field_16993_container\" class=\"frm_form_field form-field  frm_required_field frm_top_container vertical_radio frm_other_container\">\r\n    <div  id=\"field_xki2p_label\" class=\"frm_primary_label\">Was ist der Grund deiner Absage?\r\n        <span class=\"frm_required\" aria-hidden=\"true\">*<\/span>\r\n    <\/div>\r\n    <div class=\"frm_opt_container\" aria-labelledby=\"field_xki2p_label\" role=\"radiogroup\" aria-required=\"true\">\t\t<div class=\"frm_radio\" id=\"frm_radio_16993-0\">\t\t\t<label  for=\"field_xki2p-0\">\n\t\t\t\t\t<input type=\"radio\" name=\"item_meta[16993]\" id=\"field_xki2p-0\" value=\"Krankheit\"\n\t\t data-reqmsg=\"Dieses Feld darf nicht leer sein.\" data-invmsg=\"Was ist der Grund deiner Absage? is invalid\"   \/> Krankheit<\/label><\/div>\n\t\t<div class=\"frm_radio\" id=\"frm_radio_16993-other_2\">\t\t\t<label  for=\"field_xki2p-other_2\">\n\t\t\t\t\t<input type=\"radio\" name=\"item_meta[16993]\" id=\"field_xki2p-other_2\" value=\"Sonstiges\"\n\t\t data-reqmsg=\"Dieses Feld darf nicht leer sein.\" data-invmsg=\"Was ist der Grund deiner Absage? is invalid\"   \/> Sonstiges<\/label><label for=\"field_xki2p-other_2-otext\" class=\"frm_screen_reader frm_hidden\">Sonstiges<\/label><input type=\"text\" id=\"field_xki2p-other_2-otext\" class=\"frm_other_input frm_pos_none\"  name=\"item_meta[other][16993]\" value=\"\" \/><\/div>\n<\/div>\r\n    \r\n    \r\n<\/div>\n<div id=\"frm_field_16996_container\" class=\"frm_form_field form-field  frm_required_field frm_top_container vertical_radio frm_other_container\">\r\n    <div  id=\"field_crbsy_label\" class=\"frm_primary_label\">Den Krankenschein oder Bescheinigung\r\n        <span class=\"frm_required\" aria-hidden=\"true\">*<\/span>\r\n    <\/div>\r\n    <div class=\"frm_opt_container\" aria-labelledby=\"field_crbsy_label\" role=\"radiogroup\" aria-required=\"true\">\t\t<div class=\"frm_radio\" id=\"frm_radio_16996-0\">\t\t\t<label  for=\"field_crbsy-0\">\n\t\t\t\t\t<input type=\"radio\" name=\"item_meta[16996]\" id=\"field_crbsy-0\" value=\"Lade ich direkt hoch\"\n\t\t data-reqmsg=\"Dieses Feld darf nicht leer sein.\" data-invmsg=\"Den Krankenschein oder Bescheinigung is invalid\"   \/> Lade ich direkt hoch<\/label><\/div>\n\t\t<div class=\"frm_radio\" id=\"frm_radio_16996-1\">\t\t\t<label  for=\"field_crbsy-1\">\n\t\t\t\t\t<input type=\"radio\" name=\"item_meta[16996]\" id=\"field_crbsy-1\" value=\"Werde ich nachreichen\"\n\t\t data-reqmsg=\"Dieses Feld darf nicht leer sein.\" data-invmsg=\"Den Krankenschein oder Bescheinigung is invalid\"   \/> Werde ich nachreichen<\/label><\/div>\n\t\t<div class=\"frm_radio\" id=\"frm_radio_16996-other_2\">\t\t\t<label  for=\"field_crbsy-other_2\">\n\t\t\t\t\t<input type=\"radio\" name=\"item_meta[16996]\" id=\"field_crbsy-other_2\" value=\"Sonstiges\"\n\t\t data-reqmsg=\"Dieses Feld darf nicht leer sein.\" data-invmsg=\"Den Krankenschein oder Bescheinigung is invalid\"   \/> Sonstiges<\/label><label for=\"field_crbsy-other_2-otext\" class=\"frm_screen_reader frm_hidden\">Sonstiges<\/label><input type=\"text\" id=\"field_crbsy-other_2-otext\" class=\"frm_other_input frm_pos_none\"  name=\"item_meta[other][16996]\" value=\"\" \/><\/div>\n<\/div>\r\n    \r\n    \r\n<\/div>\n<div id=\"frm_field_16605_container\" class=\"frm_form_field form-field  frm_top_container\">\r\n    <label for=\"field_k2hwv2\" id=\"field_k2hwv2_label\" class=\"frm_primary_label\">Datei-Upload\r\n        <span class=\"frm_required\" aria-hidden=\"true\"><\/span>\r\n    <\/label>\r\n    <input type=\"hidden\"  data-invmsg=\"Datei-Upload ist ung\u00fcltig\" aria-invalid=\"false\"   name=\"item_meta[16605]\"  value=\"\" data-frmfile=\"16605\" \/>\n\n<div class=\"frm_dropzone frm_single_upload frm_clearfix\" id=\"file16605_dropzone\" role=\"group\" >\n\t<div class=\"fallback\">\n\t\t<input type=\"file\" name=\"file16605\" id=\"field_k2hwv2\"\n\t\t\t data-invmsg=\"Datei-Upload ist ung\u00fcltig\" aria-invalid=\"false\"  \t\t\t\/>\n\t\t\t\t<div class=\"frm_clearfix \"><\/div>\n\t<\/div>\n\t<div class=\"dz-message needsclick\">\n\t\t\t\t<svg  viewBox=\"0 0 18 18\" class=\"frmsvg frm-svg-icon\">\n\t<path viewBox=\"0 0 18 18\" fill-rule=\"evenodd\" clip-rule=\"evenodd\" d=\"M8.2 4v8a.8.8 0 001.5 0V4l2.1 2.2A.7.7 0 1013 5L9.5 1.7a.7.7 0 00-1.1 0L5.1 5.2a.8.8 0 001 1l2.1-2zm7.6 4.3c.4 0 .7.3.7.7v6.8c0 .4-.3.7-.8.7H2.3a.8.8 0 01-.8-.8V9A.8.8 0 013 9v6h12V9c0-.4.3-.8.8-.8z\"><\/path>\n<\/svg>\t\t<span class=\"frm_upload_text\"><button type=\"button\" aria-label=\"Datei-Upload. Zum Hochladen Datei hier ablegen oder auf den Button klicken.. Maximum file size: 516MB\">Zum Hochladen Datei hier ablegen oder auf den Button klicken.<\/button><\/span>\n\t\t<span class=\"frm_compact_text\"><button type=\"button\" aria-label=\"Datei-Upload. Datei w\u00e4hlen. Maximum file size: 516MB\">Datei w\u00e4hlen<\/button><\/span>\n\t\t<div class=\"frm_small_text\">\n\t\t\t<p>Maximum file size: 516MB<\/p>\n\t\t<\/div>\n\t<\/div>\n<\/div>\n\t\r\n    \r\n    \r\n<\/div>\n\t<input type=\"hidden\" name=\"item_key\" value=\"\" \/>\n\t\t\t<div id=\"frm_field_17301_container\">\n\t\t\t<label for=\"field_rr1zo\" >\n\t\t\t\tIf you are human, leave this field blank.\t\t\t<\/label>\n\t\t\t<input  id=\"field_rr1zo\" type=\"text\" class=\"frm_form_field form-field frm_verify\" name=\"item_meta[17301]\" value=\"\"  \/>\n\t\t<\/div>\n\t\t<input name=\"frm_state\" type=\"hidden\" value=\"AGSLyrCb3bBE34iIkd6mieei2VGDJYezNx3Cs7Y73ziYPFA6gSNC4WCeruImlNZ+\" \/><input type=\"submit\" value=\"Senden\"  class=\"frm_final_submit\" formnovalidate=\"formnovalidate\" \/><\/div>\n<\/fieldset>\n<\/div>\n\n<\/form>\n<\/div>\n<\/div>\t\t\t\t<\/div>\n\t\t\t\t<\/div>\n\t\t\t\t\t<\/div>\n\t\t<\/div>\n\t\t\t\t\t<\/div>\n\t\t<\/section>\n\t\t\t\t<\/div>\n\t\t","protected":false},"excerpt":{"rendered":"<p>SCHICHTABSAGEN Auf dieser Seite kannst du uns mitteilen, wenn du eine bereits zugesagte Schicht absagen m\u00f6chtest.\u00a0 Musst du kurzfristig absagen, ist das nur aus gesundheitlichen Gr\u00fcnden m\u00f6glich, denn wir m\u00fcssen&nbsp;das Servicepersonal f\u00fcr unsere Veranstaltungen verl\u00e4sslich planen k\u00f6nnen.<\/p>","protected":false},"author":9,"featured_media":6964,"parent":131708,"menu_order":144,"comment_status":"closed","ping_status":"closed","template":"","meta":{"footnotes":""},"class_list":["post-125820","page","type-page","status-publish","has-post-thumbnail","hentry"],"_links":{"self":[{"href":"https:\/\/faro-gruppe.de\/en\/wp-json\/wp\/v2\/pages\/125820","targetHints":{"allow":["GET"]}}],"collection":[{"href":"https:\/\/faro-gruppe.de\/en\/wp-json\/wp\/v2\/pages"}],"about":[{"href":"https:\/\/faro-gruppe.de\/en\/wp-json\/wp\/v2\/types\/page"}],"author":[{"embeddable":true,"href":"https:\/\/faro-gruppe.de\/en\/wp-json\/wp\/v2\/users\/9"}],"replies":[{"embeddable":true,"href":"https:\/\/faro-gruppe.de\/en\/wp-json\/wp\/v2\/comments?post=125820"}],"version-history":[{"count":10,"href":"https:\/\/faro-gruppe.de\/en\/wp-json\/wp\/v2\/pages\/125820\/revisions"}],"predecessor-version":[{"id":131942,"href":"https:\/\/faro-gruppe.de\/en\/wp-json\/wp\/v2\/pages\/125820\/revisions\/131942"}],"up":[{"embeddable":true,"href":"https:\/\/faro-gruppe.de\/en\/wp-json\/wp\/v2\/pages\/131708"}],"wp:featuredmedia":[{"embeddable":true,"href":"https:\/\/faro-gruppe.de\/en\/wp-json\/wp\/v2\/media\/6964"}],"wp:attachment":[{"href":"https:\/\/faro-gruppe.de\/en\/wp-json\/wp\/v2\/media?parent=125820"}],"curies":[{"name":"wp","href":"https:\/\/api.w.org\/{rel}","templated":true}]}}