{"id":14218,"date":"2021-11-11T11:37:30","date_gmt":"2021-11-11T10:37:30","guid":{"rendered":"https:\/\/faro-gruppe.de\/?page_id=14218"},"modified":"2025-03-03T20:25:01","modified_gmt":"2025-03-03T19:25:01","slug":"events","status":"publish","type":"page","link":"https:\/\/faro-gruppe.de\/en\/termine\/veranstaltungen\/","title":{"rendered":"Appointment overview"},"content":{"rendered":"<div data-elementor-type=\"wp-page\" data-elementor-id=\"14218\" class=\"elementor elementor-14218\" data-elementor-settings=\"{&quot;ha_cmc_init_switcher&quot;:&quot;no&quot;}\" data-elementor-post-type=\"page\">\n\t\t\t\t\t\t<section class=\"elementor-section elementor-top-section elementor-element elementor-element-587520e elementor-section-height-min-height elementor-section-boxed elementor-section-height-default elementor-section-items-middle\" data-id=\"587520e\" data-element_type=\"section\" data-e-type=\"section\" data-settings=\"{&quot;background_background&quot;:&quot;classic&quot;,&quot;background_image&quot;:{&quot;url&quot;:&quot;https:\\\/\\\/faro-gruppe.de\\\/wp-content\\\/uploads\\\/2021\\\/09\\\/20210901_RIVO_SPREETERASSEN_LOCATION_BERLIN_OFFENBLENDE-MB_178-scaled.jpg&quot;,&quot;id&quot;:12064,&quot;size&quot;:&quot;&quot;,&quot;alt&quot;:&quot;&quot;,&quot;source&quot;:&quot;library&quot;},&quot;parallax_background_enable&quot;:&quot;yes&quot;,&quot;parallax_background_speed&quot;:{&quot;unit&quot;:&quot;px&quot;,&quot;size&quot;:1,&quot;sizes&quot;:[]},&quot;background_image_tablet&quot;:{&quot;url&quot;:&quot;&quot;,&quot;id&quot;:&quot;&quot;,&quot;size&quot;:&quot;&quot;},&quot;background_image_mobile&quot;:{&quot;url&quot;:&quot;&quot;,&quot;id&quot;:&quot;&quot;,&quot;size&quot;:&quot;&quot;},&quot;parallax_background_speed_tablet&quot;:{&quot;unit&quot;:&quot;px&quot;,&quot;size&quot;:&quot;&quot;,&quot;sizes&quot;:[]},&quot;parallax_background_speed_mobile&quot;:{&quot;unit&quot;:&quot;px&quot;,&quot;size&quot;:&quot;&quot;,&quot;sizes&quot;:[]},&quot;parallax_background_direction&quot;:&quot;down&quot;,&quot;_ha_eqh_enable&quot;:false}\">\n\t\t\t\t\t\t\t<div class=\"elementor-background-overlay\"><\/div>\n\t\t\t\t\t\t\t<div class=\"elementor-container elementor-column-gap-default\">\n\t\t\t\t\t<div class=\"elementor-column elementor-col-100 elementor-top-column elementor-element elementor-element-279ed96e\" data-id=\"279ed96e\" data-element_type=\"column\" data-e-type=\"column\">\n\t\t\t<div class=\"elementor-widget-wrap elementor-element-populated\">\n\t\t\t\t\t\t<div class=\"elementor-element elementor-element-1526e279 elementor-widget elementor-widget-theme-post-title elementor-page-title elementor-widget-heading\" data-id=\"1526e279\" data-element_type=\"widget\" data-e-type=\"widget\" data-widget_type=\"theme-post-title.default\">\n\t\t\t\t<div class=\"elementor-widget-container\">\n\t\t\t\t\t<h1 class=\"elementor-heading-title elementor-size-default\">Appointment overview<\/h1>\t\t\t\t<\/div>\n\t\t\t\t<\/div>\n\t\t\t\t\t<\/div>\n\t\t<\/div>\n\t\t\t\t\t<\/div>\n\t\t<\/section>\n\t\t\t\t<section class=\"elementor-section elementor-top-section elementor-element elementor-element-d4c3ae2 elementor-section-boxed elementor-section-height-default elementor-section-height-default\" data-id=\"d4c3ae2\" data-element_type=\"section\" data-e-type=\"section\" data-settings=\"{&quot;_ha_eqh_enable&quot;:false}\">\n\t\t\t\t\t\t<div class=\"elementor-container elementor-column-gap-default\">\n\t\t\t\t\t<div class=\"elementor-column elementor-col-100 elementor-top-column elementor-element elementor-element-b4f2933\" data-id=\"b4f2933\" data-element_type=\"column\" data-e-type=\"column\">\n\t\t\t<div class=\"elementor-widget-wrap elementor-element-populated\">\n\t\t\t\t\t\t<div class=\"elementor-element elementor-element-49b45ce elementor-widget elementor-widget-heading\" data-id=\"49b45ce\" data-element_type=\"widget\" data-e-type=\"widget\" data-widget_type=\"heading.default\">\n\t\t\t\t<div class=\"elementor-widget-container\">\n\t\t\t\t\t<h2 class=\"elementor-heading-title elementor-size-default\">Room availability<\/h2>\t\t\t\t<\/div>\n\t\t\t\t<\/div>\n\t\t\t\t<div class=\"elementor-element elementor-element-fc0f584 elementor-widget-divider--view-line elementor-widget elementor-widget-divider\" data-id=\"fc0f584\" data-element_type=\"widget\" data-e-type=\"widget\" data-widget_type=\"divider.default\">\n\t\t\t\t<div class=\"elementor-widget-container\">\n\t\t\t\t\t\t\t<div class=\"elementor-divider\">\n\t\t\t<span class=\"elementor-divider-separator\">\n\t\t\t\t\t\t<\/span>\n\t\t<\/div>\n\t\t\t\t\t\t<\/div>\n\t\t\t\t<\/div>\n\t\t\t\t<div class=\"elementor-element elementor-element-63dc1d0 elementor-widget elementor-widget-text-editor\" data-id=\"63dc1d0\" data-element_type=\"widget\" data-e-type=\"widget\" data-widget_type=\"text-editor.default\">\n\t\t\t\t<div class=\"elementor-widget-container\">\n\t\t\t\t\t\t\t\t\t<p style=\"text-align: center;\">Thank you for your request. Here you will find all the availabilities of our locations as well as possible alternative dates for your planned event on the Spree.<\/p>\t\t\t\t\t\t\t\t<\/div>\n\t\t\t\t<\/div>\n\t\t\t\t\t<\/div>\n\t\t<\/div>\n\t\t\t\t\t<\/div>\n\t\t<\/section>\n\t\t\t\t<section class=\"elementor-section elementor-top-section elementor-element elementor-element-badc943 elementor-section-boxed elementor-section-height-default elementor-section-height-default\" data-id=\"badc943\" data-element_type=\"section\" data-e-type=\"section\" data-settings=\"{&quot;_ha_eqh_enable&quot;:false}\">\n\t\t\t\t\t\t<div class=\"elementor-container elementor-column-gap-default\">\n\t\t\t\t\t<div data-ha-element-link=\"{&quot;url&quot;:&quot;https:\\\/\\\/faro-gruppe.de\\\/spreespeicher\\\/&quot;,&quot;is_external&quot;:&quot;&quot;,&quot;nofollow&quot;:&quot;&quot;}\" style=\"cursor: pointer\" class=\"elementor-column elementor-col-33 elementor-top-column elementor-element elementor-element-40ae4ce6\" data-id=\"40ae4ce6\" data-element_type=\"column\" data-e-type=\"column\" data-settings=\"{&quot;background_background&quot;:&quot;gradient&quot;}\">\n\t\t\t<div class=\"elementor-widget-wrap elementor-element-populated\">\n\t\t\t\t\t\t<div class=\"elementor-element elementor-element-521b309d elementor-widget elementor-widget-image\" data-id=\"521b309d\" data-element_type=\"widget\" data-e-type=\"widget\" data-widget_type=\"image.default\">\n\t\t\t\t<div class=\"elementor-widget-container\">\n\t\t\t\t\t\t\t\t\t\t\t\t\t\t\t<img fetchpriority=\"high\" decoding=\"async\" width=\"800\" height=\"533\" src=\"https:\/\/faro-gruppe.de\/wp-content\/uploads\/2023\/03\/DJI_0796-3-min-1280x853.jpg\" class=\"attachment-large size-large wp-image-119901\" alt=\"Spreespeicher Berlin Location Exterior view with Oberbaumbr\u00fccke and Spree\" srcset=\"https:\/\/faro-gruppe.de\/wp-content\/uploads\/2023\/03\/DJI_0796-3-min-1280x853.jpg 1280w, https:\/\/faro-gruppe.de\/wp-content\/uploads\/2023\/03\/DJI_0796-3-min-768x512.jpg 768w, https:\/\/faro-gruppe.de\/wp-content\/uploads\/2023\/03\/DJI_0796-3-min-18x12.jpg 18w, https:\/\/faro-gruppe.de\/wp-content\/uploads\/2023\/03\/DJI_0796-3-min-300x200.jpg 300w\" sizes=\"(max-width: 800px) 100vw, 800px\" \/>\t\t\t\t\t\t\t\t\t\t\t\t\t\t\t<\/div>\n\t\t\t\t<\/div>\n\t\t\t\t<div class=\"elementor-element elementor-element-2d793444 elementor-widget elementor-widget-heading\" data-id=\"2d793444\" data-element_type=\"widget\" data-e-type=\"widget\" data-widget_type=\"heading.default\">\n\t\t\t\t<div class=\"elementor-widget-container\">\n\t\t\t\t\t<h2 class=\"elementor-heading-title elementor-size-default\">Spreespeicher<\/h2>\t\t\t\t<\/div>\n\t\t\t\t<\/div>\n\t\t\t\t<div class=\"elementor-element elementor-element-5c8f0d5f elementor-widget elementor-widget-text-editor\" data-id=\"5c8f0d5f\" data-element_type=\"widget\" data-e-type=\"widget\" data-widget_type=\"text-editor.default\">\n\t\t\t\t<div class=\"elementor-widget-container\">\n\t\t\t\t\t\t\t\t\t<p>The former granary in Berlin is one of Germany's most sought-after event locations, hosting around 400 events a year.<\/p>\t\t\t\t\t\t\t\t<\/div>\n\t\t\t\t<\/div>\n\t\t\t\t\t<\/div>\n\t\t<\/div>\n\t\t\t\t<div data-ha-element-link=\"{&quot;url&quot;:&quot;https:\\\/\\\/faro-gruppe.de\\\/white-spreelounge\\\/&quot;,&quot;is_external&quot;:&quot;&quot;,&quot;nofollow&quot;:&quot;&quot;}\" style=\"cursor: pointer\" class=\"elementor-column elementor-col-33 elementor-top-column elementor-element elementor-element-a9e445e\" data-id=\"a9e445e\" data-element_type=\"column\" data-e-type=\"column\" data-settings=\"{&quot;background_background&quot;:&quot;gradient&quot;}\">\n\t\t\t<div class=\"elementor-widget-wrap elementor-element-populated\">\n\t\t\t\t\t\t<div class=\"elementor-element elementor-element-5a83fb5 elementor-widget elementor-widget-image\" data-id=\"5a83fb5\" data-element_type=\"widget\" data-e-type=\"widget\" data-widget_type=\"image.default\">\n\t\t\t\t<div class=\"elementor-widget-container\">\n\t\t\t\t\t\t\t\t\t\t\t\t\t\t\t<img decoding=\"async\" width=\"800\" height=\"533\" src=\"https:\/\/faro-gruppe.de\/wp-content\/uploads\/2021\/05\/ALVA-Lounge-Terrasse-e1551975187140-1280x853.jpg\" class=\"attachment-large size-large wp-image-4348\" alt=\"\" srcset=\"https:\/\/faro-gruppe.de\/wp-content\/uploads\/2021\/05\/ALVA-Lounge-Terrasse-e1551975187140-1280x853.jpg 1280w, https:\/\/faro-gruppe.de\/wp-content\/uploads\/2021\/05\/ALVA-Lounge-Terrasse-e1551975187140-768x512.jpg 768w, https:\/\/faro-gruppe.de\/wp-content\/uploads\/2021\/05\/ALVA-Lounge-Terrasse-e1551975187140-300x200.jpg 300w, https:\/\/faro-gruppe.de\/wp-content\/uploads\/2021\/05\/ALVA-Lounge-Terrasse-e1551975187140.jpg 1950w\" sizes=\"(max-width: 800px) 100vw, 800px\" \/>\t\t\t\t\t\t\t\t\t\t\t\t\t\t\t<\/div>\n\t\t\t\t<\/div>\n\t\t\t\t<div class=\"elementor-element elementor-element-754229ff elementor-widget elementor-widget-heading\" data-id=\"754229ff\" data-element_type=\"widget\" data-e-type=\"widget\" data-widget_type=\"heading.default\">\n\t\t\t\t<div class=\"elementor-widget-container\">\n\t\t\t\t\t<h2 class=\"elementor-heading-title elementor-size-default\">White Spreelounge<\/h2>\t\t\t\t<\/div>\n\t\t\t\t<\/div>\n\t\t\t\t<div class=\"elementor-element elementor-element-7ddd7566 elementor-widget elementor-widget-text-editor\" data-id=\"7ddd7566\" data-element_type=\"widget\" data-e-type=\"widget\" data-widget_type=\"text-editor.default\">\n\t\t\t\t<div class=\"elementor-widget-container\">\n\t\t\t\t\t\t\t\t\t<p>The White Spreelounge consists of 3 individual event locations in Berlin-Obersch\u00f6neweide. A unique venue for sophisticated events.<\/p>\t\t\t\t\t\t\t\t<\/div>\n\t\t\t\t<\/div>\n\t\t\t\t\t<\/div>\n\t\t<\/div>\n\t\t\t\t<div data-ha-element-link=\"{&quot;url&quot;:&quot;https:\\\/\\\/faro-gruppe.de\\\/rivo-spreeterrassen\\\/&quot;,&quot;is_external&quot;:&quot;&quot;,&quot;nofollow&quot;:&quot;&quot;}\" style=\"cursor: pointer\" class=\"elementor-column elementor-col-33 elementor-top-column elementor-element elementor-element-46009ce9\" data-id=\"46009ce9\" data-element_type=\"column\" data-e-type=\"column\" data-settings=\"{&quot;background_background&quot;:&quot;gradient&quot;}\">\n\t\t\t<div class=\"elementor-widget-wrap elementor-element-populated\">\n\t\t\t\t\t\t<div class=\"elementor-element elementor-element-77858ea5 elementor-widget elementor-widget-image\" data-id=\"77858ea5\" data-element_type=\"widget\" data-e-type=\"widget\" data-widget_type=\"image.default\">\n\t\t\t\t<div class=\"elementor-widget-container\">\n\t\t\t\t\t\t\t\t\t\t\t\t\t\t\t<img decoding=\"async\" width=\"800\" height=\"533\" src=\"https:\/\/faro-gruppe.de\/wp-content\/uploads\/2021\/09\/20210901_RIVO_SPREETERASSEN_LOCATION_BERLIN_OFFENBLENDE-MB_186-1280x853.jpg\" class=\"attachment-large size-large wp-image-12061\" alt=\"\" srcset=\"https:\/\/faro-gruppe.de\/wp-content\/uploads\/2021\/09\/20210901_RIVO_SPREETERASSEN_LOCATION_BERLIN_OFFENBLENDE-MB_186-1280x853.jpg 1280w, https:\/\/faro-gruppe.de\/wp-content\/uploads\/2021\/09\/20210901_RIVO_SPREETERASSEN_LOCATION_BERLIN_OFFENBLENDE-MB_186-768x512.jpg 768w, https:\/\/faro-gruppe.de\/wp-content\/uploads\/2021\/09\/20210901_RIVO_SPREETERASSEN_LOCATION_BERLIN_OFFENBLENDE-MB_186-300x200.jpg 300w\" sizes=\"(max-width: 800px) 100vw, 800px\" \/>\t\t\t\t\t\t\t\t\t\t\t\t\t\t\t<\/div>\n\t\t\t\t<\/div>\n\t\t\t\t<div class=\"elementor-element elementor-element-e68a59c elementor-widget elementor-widget-heading\" data-id=\"e68a59c\" data-element_type=\"widget\" data-e-type=\"widget\" data-widget_type=\"heading.default\">\n\t\t\t\t<div class=\"elementor-widget-container\">\n\t\t\t\t\t<h2 class=\"elementor-heading-title elementor-size-default\">RIVO Spreeterrassen<\/h2>\t\t\t\t<\/div>\n\t\t\t\t<\/div>\n\t\t\t\t<div class=\"elementor-element elementor-element-2b32c000 elementor-widget elementor-widget-text-editor\" data-id=\"2b32c000\" data-element_type=\"widget\" data-e-type=\"widget\" data-widget_type=\"text-editor.default\">\n\t\t\t\t<div class=\"elementor-widget-container\">\n\t\t\t\t\t\t\t\t\t<p>The RIVO Spreeterrassen restaurant on the historic \"May-Ayim-Ufer\" landing stage offers an exclusive ambience for groups of up to 100 people.<\/p>\t\t\t\t\t\t\t\t<\/div>\n\t\t\t\t<\/div>\n\t\t\t\t\t<\/div>\n\t\t<\/div>\n\t\t\t\t\t<\/div>\n\t\t<\/section>\n\t\t\t\t<section class=\"elementor-section elementor-top-section elementor-element elementor-element-cdacbd3 elementor-section-boxed elementor-section-height-default elementor-section-height-default\" data-id=\"cdacbd3\" data-element_type=\"section\" data-e-type=\"section\" data-settings=\"{&quot;_ha_eqh_enable&quot;:false}\">\n\t\t\t\t\t\t<div class=\"elementor-container elementor-column-gap-default\">\n\t\t\t\t\t<div class=\"elementor-column elementor-col-100 elementor-top-column elementor-element elementor-element-74e9af0\" data-id=\"74e9af0\" data-element_type=\"column\" data-e-type=\"column\">\n\t\t\t<div class=\"elementor-widget-wrap elementor-element-populated\">\n\t\t\t\t\t\t<div class=\"elementor-element elementor-element-b0fd578 elementor-widget elementor-widget-html\" data-id=\"b0fd578\" data-element_type=\"widget\" data-e-type=\"widget\" data-widget_type=\"html.default\">\n\t\t\t\t<div class=\"elementor-widget-container\">\n\t\t\t\t\t<iframe src=\"https:\/\/docs.google.com\/spreadsheets\/d\/e\/2PACX-1vTNyi-HFb_SUhQ0k6XE_IJAq6tQxgSLN9Qc9jYGOTcMVTv5v8HT7GKOpug6BIoKuJ_H5lueCDtD2XmY\/pubhtml?gid=0&single=true&widget=false&headers=false\" height=\"9500\">\t\t\t\t<\/div>\n\t\t\t\t<\/div>\n\t\t\t\t\t<\/div>\n\t\t<\/div>\n\t\t\t\t\t<\/div>\n\t\t<\/section>\n\t\t\t\t<\/div>","protected":false},"excerpt":{"rendered":"<p>Raumverf\u00fcgbarkeiten Vielen Dank f\u00fcr Ihre Anfrage. Hier finden Sie alle Verf\u00fcgbarkeiten unserer Locations sowie m\u00f6gliche Alternativtermine f\u00fcr Ihre geplante Veranstaltung an der Spree. Spreespeicher Der ehemalige Getreidespeicher in Berlin geh\u00f6rt mit ca. 400 Veranstaltungen pro Jahr zu Deutschlands gefragtesten Eventlocations. White Spreelounge Die White Spreelounge besteht aus 3 einzelnen Eventlocations in Berlin-Obersch\u00f6neweide. Ein einzigartiger Ort [&hellip;]\u2026<\/p>\n","protected":false},"author":4,"featured_media":12973,"parent":2267,"menu_order":70,"comment_status":"closed","ping_status":"closed","template":"","meta":{"footnotes":""},"class_list":["post-14218","page","type-page","status-publish","has-post-thumbnail","hentry"],"_links":{"self":[{"href":"https:\/\/faro-gruppe.de\/en\/wp-json\/wp\/v2\/pages\/14218","targetHints":{"allow":["GET"]}}],"collection":[{"href":"https:\/\/faro-gruppe.de\/en\/wp-json\/wp\/v2\/pages"}],"about":[{"href":"https:\/\/faro-gruppe.de\/en\/wp-json\/wp\/v2\/types\/page"}],"author":[{"embeddable":true,"href":"https:\/\/faro-gruppe.de\/en\/wp-json\/wp\/v2\/users\/4"}],"replies":[{"embeddable":true,"href":"https:\/\/faro-gruppe.de\/en\/wp-json\/wp\/v2\/comments?post=14218"}],"version-history":[{"count":11,"href":"https:\/\/faro-gruppe.de\/en\/wp-json\/wp\/v2\/pages\/14218\/revisions"}],"predecessor-version":[{"id":143908,"href":"https:\/\/faro-gruppe.de\/en\/wp-json\/wp\/v2\/pages\/14218\/revisions\/143908"}],"up":[{"embeddable":true,"href":"https:\/\/faro-gruppe.de\/en\/wp-json\/wp\/v2\/pages\/2267"}],"wp:featuredmedia":[{"embeddable":true,"href":"https:\/\/faro-gruppe.de\/en\/wp-json\/wp\/v2\/media\/12973"}],"wp:attachment":[{"href":"https:\/\/faro-gruppe.de\/en\/wp-json\/wp\/v2\/media?parent=14218"}],"curies":[{"name":"wp","href":"https:\/\/api.w.org\/{rel}","templated":true}]}}