{"id":144045,"date":"2025-03-12T01:05:52","date_gmt":"2025-03-12T00:05:52","guid":{"rendered":"https:\/\/faro-gruppe.de\/?page_id=144045"},"modified":"2025-08-22T16:13:58","modified_gmt":"2025-08-22T14:13:58","slug":"house-rules-location-information","status":"publish","type":"page","link":"https:\/\/faro-gruppe.de\/en\/locations\/white-spreelounge\/kundenbereich\/hausordnung-locationhinweise\/","title":{"rendered":"House rules &amp; location information"},"content":{"rendered":"<div data-elementor-type=\"wp-page\" data-elementor-id=\"144045\" class=\"elementor elementor-144045\" data-elementor-settings=\"{&quot;ha_cmc_init_switcher&quot;:&quot;no&quot;}\" data-elementor-post-type=\"page\">\n\t\t\t\t\t\t<section class=\"elementor-section elementor-top-section elementor-element elementor-element-294b42c elementor-section-height-min-height elementor-section-boxed elementor-section-height-default elementor-section-items-middle\" data-id=\"294b42c\" data-element_type=\"section\" data-e-type=\"section\" data-settings=\"{&quot;background_background&quot;:&quot;classic&quot;,&quot;background_image&quot;:{&quot;url&quot;:&quot;https:\\\/\\\/faro-gruppe.de\\\/wp-content\\\/uploads\\\/2021\\\/10\\\/2019-08-14-Vitamin-B-Spreespeicher-Sommerfest-Berlin-293.jpg&quot;,&quot;id&quot;:12973,&quot;size&quot;:&quot;&quot;,&quot;alt&quot;:&quot;Spreespeicher Eventlocation Berlin Events direkt am Wasser&quot;,&quot;source&quot;:&quot;library&quot;},&quot;parallax_background_enable&quot;:&quot;yes&quot;,&quot;parallax_background_speed&quot;:{&quot;unit&quot;:&quot;px&quot;,&quot;size&quot;:1,&quot;sizes&quot;:[]},&quot;background_image_tablet&quot;:{&quot;url&quot;:&quot;&quot;,&quot;id&quot;:&quot;&quot;,&quot;size&quot;:&quot;&quot;},&quot;background_image_mobile&quot;:{&quot;url&quot;:&quot;&quot;,&quot;id&quot;:&quot;&quot;,&quot;size&quot;:&quot;&quot;},&quot;parallax_background_speed_tablet&quot;:{&quot;unit&quot;:&quot;px&quot;,&quot;size&quot;:&quot;&quot;,&quot;sizes&quot;:[]},&quot;parallax_background_speed_mobile&quot;:{&quot;unit&quot;:&quot;px&quot;,&quot;size&quot;:&quot;&quot;,&quot;sizes&quot;:[]},&quot;parallax_background_direction&quot;:&quot;down&quot;,&quot;_ha_eqh_enable&quot;:false}\">\n\t\t\t\t\t\t\t<div class=\"elementor-background-overlay\"><\/div>\n\t\t\t\t\t\t\t<div class=\"elementor-container elementor-column-gap-default\">\n\t\t\t\t\t<div class=\"elementor-column elementor-col-100 elementor-top-column elementor-element elementor-element-ca876af\" data-id=\"ca876af\" data-element_type=\"column\" data-e-type=\"column\">\n\t\t\t<div class=\"elementor-widget-wrap elementor-element-populated\">\n\t\t\t\t\t\t<div class=\"elementor-element elementor-element-2a38679 elementor-widget elementor-widget-heading\" data-id=\"2a38679\" data-element_type=\"widget\" data-e-type=\"widget\" data-widget_type=\"heading.default\">\n\t\t\t\t<div class=\"elementor-widget-container\">\n\t\t\t\t\t<h1 class=\"elementor-heading-title elementor-size-default\">House rules &amp; location information<\/h1>\t\t\t\t<\/div>\n\t\t\t\t<\/div>\n\t\t\t\t\t<\/div>\n\t\t<\/div>\n\t\t\t\t\t<\/div>\n\t\t<\/section>\n\t\t\t\t<section class=\"elementor-section elementor-top-section elementor-element elementor-element-4636131 elementor-section-boxed elementor-section-height-default elementor-section-height-default\" data-id=\"4636131\" data-element_type=\"section\" data-e-type=\"section\" data-settings=\"{&quot;_ha_eqh_enable&quot;:false}\">\n\t\t\t\t\t\t<div class=\"elementor-container elementor-column-gap-default\">\n\t\t\t\t\t<div class=\"elementor-column elementor-col-100 elementor-top-column elementor-element elementor-element-e156928\" data-id=\"e156928\" data-element_type=\"column\" data-e-type=\"column\">\n\t\t\t<div class=\"elementor-widget-wrap elementor-element-populated\">\n\t\t\t\t\t\t<div class=\"elementor-element elementor-element-c03f84c elementor-widget elementor-widget-heading\" data-id=\"c03f84c\" data-element_type=\"widget\" data-e-type=\"widget\" data-widget_type=\"heading.default\">\n\t\t\t\t<div class=\"elementor-widget-container\">\n\t\t\t\t\t<h2 class=\"elementor-heading-title elementor-size-default\">House rules<\/h2>\t\t\t\t<\/div>\n\t\t\t\t<\/div>\n\t\t\t\t<div class=\"elementor-element elementor-element-b7225f2 elementor-widget elementor-widget-text-editor\" data-id=\"b7225f2\" data-element_type=\"widget\" data-e-type=\"widget\" data-widget_type=\"text-editor.default\">\n\t\t\t\t<div class=\"elementor-widget-container\">\n\t\t\t\t\t\t\t\t\t<p>for the event rooms in the WHITE Spreelounge<\/p>\t\t\t\t\t\t\t\t<\/div>\n\t\t\t\t<\/div>\n\t\t\t\t<div class=\"elementor-element elementor-element-1e7074d elementor-widget-divider--view-line elementor-widget elementor-widget-divider\" data-id=\"1e7074d\" data-element_type=\"widget\" data-e-type=\"widget\" data-widget_type=\"divider.default\">\n\t\t\t\t<div class=\"elementor-widget-container\">\n\t\t\t\t\t\t\t<div class=\"elementor-divider\">\n\t\t\t<span class=\"elementor-divider-separator\">\n\t\t\t\t\t\t<\/span>\n\t\t<\/div>\n\t\t\t\t\t\t<\/div>\n\t\t\t\t<\/div>\n\t\t\t\t\t<\/div>\n\t\t<\/div>\n\t\t\t\t\t<\/div>\n\t\t<\/section>\n\t\t\t\t<section class=\"elementor-section elementor-top-section elementor-element elementor-element-daeb025 elementor-section-boxed elementor-section-height-default elementor-section-height-default\" data-id=\"daeb025\" data-element_type=\"section\" data-e-type=\"section\" data-settings=\"{&quot;_ha_eqh_enable&quot;:false}\">\n\t\t\t\t\t\t<div class=\"elementor-container elementor-column-gap-default\">\n\t\t\t\t\t<div class=\"elementor-column elementor-col-100 elementor-top-column elementor-element elementor-element-499c20f\" data-id=\"499c20f\" data-element_type=\"column\" data-e-type=\"column\">\n\t\t\t<div class=\"elementor-widget-wrap elementor-element-populated\">\n\t\t\t\t\t\t<div class=\"elementor-element elementor-element-edfc58f elementor-widget elementor-widget-text-editor\" data-id=\"edfc58f\" data-element_type=\"widget\" data-e-type=\"widget\" data-widget_type=\"text-editor.default\">\n\t\t\t\t<div class=\"elementor-widget-container\">\n\t\t\t\t\t\t\t\t\t<p>As the tenant of the premises, you are granted the right to use the rented rooms for the duration of the rental period. As the host, please ensure that your guests behave in such a way that the neighbours and we as the landlord have no cause for complaint, i.e:<\/p>\t\t\t\t\t\t\t\t<\/div>\n\t\t\t\t<\/div>\n\t\t\t\t<div class=\"elementor-element elementor-element-731301a elementor-widget elementor-widget-text-editor\" data-id=\"731301a\" data-element_type=\"widget\" data-e-type=\"widget\" data-widget_type=\"text-editor.default\">\n\t\t\t\t<div class=\"elementor-widget-container\">\n\t\t\t\t\t\t\t\t\t<ol style=\"font-size: 16px; color: var( --e-global-color-text ); font-family: var( --e-global-typography-text-font-family ), Sans-serif; font-weight: var( --e-global-typography-text-font-weight ); margin-top: 0cm;\" start=\"1\" type=\"1\">\n<li>All persons must behave in such a way that no one else is harmed, endangered or - more than is unavoidable under the circumstances - hindered or inconvenienced.<\/li>\n<li>From 10.00 p.m. to 6.00 a.m., noise pollution outside the building must be avoided and the windows and outside doors must be kept closed during this time.<\/li>\n<li>Bringing food and drinks is prohibited unless otherwise agreed.<\/li>\n<li>Liability for the cloakroom is only accepted if a cloakroom service has been booked.<\/li>\n<li>Live music and sound may only be played on the terrace during the day and by arrangement with the landlord.<\/li>\n<li>If the premises are heavily soiled, there may be an additional charge for cleaning costs.<\/li>\n<li>Smoking is only permitted outside the event rooms.<\/li>\n<li>Please ensure that only invited and registered guests attend the event.<\/li>\n<li>Damaged objects and other damage must be reported immediately.<\/li>\n<li>In the event of excessive alcohol consumption by guests or the host, the venue operator reserves the right to withdraw the organiser's right to use the premises. The consumption and possession of drugs is strictly prohibited.<\/li>\n<li>Dogs are permitted in our event rooms under supervision.<\/li>\n<li>Setting off a fire alarm is prohibited unless there is a reason for doing so. In the event of an unjustified triggering, the perpetrator shall bear all costs (e.g. due to smoking in the toilets or a fog machine).<\/li>\n<li>The premises must be vacated no later than half an hour after the end of the event. The only exception is if an extension of the event has been agreed.<\/li>\n<li>If you wish to use the rooms earlier, please discuss this with your contact person, as this is only possible subject to availability and at an extra charge.<\/li>\n<\/ol>\n<p style=\"background-color: transparent; color: var( --e-global-color-text ); font-family: var( --e-global-typography-text-font-family ), Sans-serif; font-weight: var( --e-global-typography-text-font-weight );\">If the tenant or his guests violate these regulations, this is an administrative offence and the service manager is authorised to exclude the tenant or his guests from further use of the event rooms by deploying law enforcement officers (police).<\/p>\n<p style=\"background-color: transparent; color: var( --e-global-color-text ); font-family: var( --e-global-typography-text-font-family ), Sans-serif; font-weight: var( --e-global-typography-text-font-weight );\">\n<\/p>\t\t\t\t\t\t\t\t<\/div>\n\t\t\t\t<\/div>\n\t\t\t\t\t<\/div>\n\t\t<\/div>\n\t\t\t\t\t<\/div>\n\t\t<\/section>\n\t\t\t\t<section class=\"elementor-section elementor-top-section elementor-element elementor-element-f3f3304 elementor-section-boxed elementor-section-height-default elementor-section-height-default\" data-id=\"f3f3304\" data-element_type=\"section\" data-e-type=\"section\" data-settings=\"{&quot;_ha_eqh_enable&quot;:false}\">\n\t\t\t\t\t\t<div class=\"elementor-container elementor-column-gap-default\">\n\t\t\t\t\t<div class=\"elementor-column elementor-col-100 elementor-top-column elementor-element elementor-element-23baaae\" data-id=\"23baaae\" data-element_type=\"column\" data-e-type=\"column\">\n\t\t\t<div class=\"elementor-widget-wrap elementor-element-populated\">\n\t\t\t\t\t\t<div class=\"elementor-element elementor-element-0114efa elementor-widget elementor-widget-heading\" data-id=\"0114efa\" data-element_type=\"widget\" data-e-type=\"widget\" data-widget_type=\"heading.default\">\n\t\t\t\t<div class=\"elementor-widget-container\">\n\t\t\t\t\t<h2 class=\"elementor-heading-title elementor-size-default\">Location hints<\/h2>\t\t\t\t<\/div>\n\t\t\t\t<\/div>\n\t\t\t\t<div class=\"elementor-element elementor-element-61ea028 elementor-widget-divider--view-line elementor-widget elementor-widget-divider\" data-id=\"61ea028\" data-element_type=\"widget\" data-e-type=\"widget\" data-widget_type=\"divider.default\">\n\t\t\t\t<div class=\"elementor-widget-container\">\n\t\t\t\t\t\t\t<div class=\"elementor-divider\">\n\t\t\t<span class=\"elementor-divider-separator\">\n\t\t\t\t\t\t<\/span>\n\t\t<\/div>\n\t\t\t\t\t\t<\/div>\n\t\t\t\t<\/div>\n\t\t\t\t\t<\/div>\n\t\t<\/div>\n\t\t\t\t\t<\/div>\n\t\t<\/section>\n\t\t\t\t<section class=\"elementor-section elementor-top-section elementor-element elementor-element-5bc724d elementor-section-boxed elementor-section-height-default elementor-section-height-default\" data-id=\"5bc724d\" data-element_type=\"section\" data-e-type=\"section\" data-settings=\"{&quot;_ha_eqh_enable&quot;:false}\">\n\t\t\t\t\t\t<div class=\"elementor-container elementor-column-gap-default\">\n\t\t\t\t\t<div class=\"elementor-column elementor-col-100 elementor-top-column elementor-element elementor-element-22174c5\" data-id=\"22174c5\" data-element_type=\"column\" data-e-type=\"column\">\n\t\t\t<div class=\"elementor-widget-wrap elementor-element-populated\">\n\t\t\t\t\t\t<div class=\"elementor-element elementor-element-82a877f elementor-widget elementor-widget-text-editor\" data-id=\"82a877f\" data-element_type=\"widget\" data-e-type=\"widget\" data-widget_type=\"text-editor.default\">\n\t\t\t\t<div class=\"elementor-widget-container\">\n\t\t\t\t\t\t\t\t\t<p><strong>Decoration:<\/strong><\/p><ul><li>Confetti, petals, rice and any kind of glitter\/powder are not permitted in our rooms or outside for reasons of sustainability and to make cleaning more difficult.<\/li><li>Burning objects (e.g. sparklers and table fireworks) are only permitted in the outdoor area after consultation and depending on the size.<\/li><li>It is prohibited to hang up your own decorations (picture frames, decorative plants on the walls, lamps).<\/li><li>The customer is responsible for organising the disposal of the decoration items after the event.<\/li><li>All helium bottles must be taken back by the customer.<\/li><li>Collection must take place between 10 am and 2 pm the next day. Sundays and public holidays on which no event is taking place are excluded.<\/li><li>Sawing work is only permitted outside after consultation and depending on the scope.<\/li><li>Foiling of any kind is not permitted.<\/li><li>We reserve the right to charge additional cleaning costs in the event of non-compliance.<\/li><\/ul><div>\u00a0<\/div><p><strong>Parcel shipments:<\/strong><\/p><ul><li>Consignments can be delivered at the earliest 2 days before the date of the event. Collection must take place no later than 2 days after the event. A longer storage period is unfortunately not possible due to the large number of events. If consignments are stored with us for longer than two days, we will charge a flat rate of \u20ac 25.00 net per day. The total volume may not exceed 1 square metre or one EURO pallet.<\/li><li>If the parcels are not collected after 7 days and we do not receive any further information, we reserve the right to dispose of the parcels for a disposal fee of \u20ac100 net.<\/li><\/ul><div>\u00a0<\/div><p><strong>Payments, price adjustments and video surveillance:<\/strong><\/p><ul><li>We endeavour to avoid price adjustments as far as possible. However, we would like to point out that in the event of unforeseeable price increases in energy, goods or labour costs, we do not wish to reduce our quality standards, which is why percentage price adjustments may occur in exceptional cases.<\/li><li>We expressly point out that the event rooms and areas are also monitored by us via video during an event in order to exercise our domiciliary rights and for the safety of the event, your participants and the rooms or areas, including your equipment in the correspondingly labelled areas. Further information on this can be found in our General Terms and Conditions.<\/li><li>Depending on the invoice amount, currency and bank company, additional costs may be incurred which will be passed on to you.<\/li><\/ul><div>\u00a0<\/div><p><strong>Advice for wedding couples:<\/strong><\/p><p><strong>Outdoor weddings:<\/strong><\/p><ul><li>If you have opted for the outdoor wedding package, your wedding ceremony will take place on the terrace of your venue. If the weather is bad, we will move your ceremony inside your venue. There will be no changes to the location. Only the \"altar\" situation will also be set up in the room.<\/li><li>For logistical planning purposes, we need to know no later than the day before the wedding ceremony whether you would like to hold the ceremony indoors or outdoors. However, to ensure the quality and smooth realisation of your wedding ceremony, WHITE Spreelounge will make the final decision on the day of the event.<\/li><li>We have no influence on external circumstances such as public events with boats on the Spree.<\/li><\/ul><div>\u00a0<\/div><p><strong>More:<\/strong><\/p><ul><li>Please bear in mind that we only have limited cooling capacity and that the cooling of wedding cakes, for example, is only possible by prior arrangement.<\/li><li>Please note the maximum buffet duration of 3 hours.<\/li><\/ul>\t\t\t\t\t\t\t\t<\/div>\n\t\t\t\t<\/div>\n\t\t\t\t\t<\/div>\n\t\t<\/div>\n\t\t\t\t\t<\/div>\n\t\t<\/section>\n\t\t\t\t<\/div>","protected":false},"excerpt":{"rendered":"<p>Hausordnung &amp; Locationhinweise Hausordnung f\u00fcr die Veranstaltungsr\u00e4ume in der WHITE Spreelounge Als Mieter der R\u00e4umlichkeiten wird Ihnen f\u00fcr die Mietdauer das Nutzungsrecht f\u00fcr die gemieteten R\u00e4ume \u00fcbertragen. Sorgen Sie bitte als Gastgeber daf\u00fcr, dass sich Ihre G\u00e4ste so verhalten, dass die Nachbarschaft sowie wir als Vermieter keinen Anlass zu Beschwerden haben, d.h.: Alle Personen haben [&hellip;]\u2026<\/p>\n","protected":false},"author":9,"featured_media":0,"parent":2781,"menu_order":0,"comment_status":"closed","ping_status":"closed","template":"","meta":{"footnotes":""},"class_list":["post-144045","page","type-page","status-publish","hentry"],"_links":{"self":[{"href":"https:\/\/faro-gruppe.de\/en\/wp-json\/wp\/v2\/pages\/144045","targetHints":{"allow":["GET"]}}],"collection":[{"href":"https:\/\/faro-gruppe.de\/en\/wp-json\/wp\/v2\/pages"}],"about":[{"href":"https:\/\/faro-gruppe.de\/en\/wp-json\/wp\/v2\/types\/page"}],"author":[{"embeddable":true,"href":"https:\/\/faro-gruppe.de\/en\/wp-json\/wp\/v2\/users\/9"}],"replies":[{"embeddable":true,"href":"https:\/\/faro-gruppe.de\/en\/wp-json\/wp\/v2\/comments?post=144045"}],"version-history":[{"count":10,"href":"https:\/\/faro-gruppe.de\/en\/wp-json\/wp\/v2\/pages\/144045\/revisions"}],"predecessor-version":[{"id":149156,"href":"https:\/\/faro-gruppe.de\/en\/wp-json\/wp\/v2\/pages\/144045\/revisions\/149156"}],"up":[{"embeddable":true,"href":"https:\/\/faro-gruppe.de\/en\/wp-json\/wp\/v2\/pages\/2781"}],"wp:attachment":[{"href":"https:\/\/faro-gruppe.de\/en\/wp-json\/wp\/v2\/media?parent=144045"}],"curies":[{"name":"wp","href":"https:\/\/api.w.org\/{rel}","templated":true}]}}