{"id":146624,"date":"2025-06-02T00:04:53","date_gmt":"2025-06-01T22:04:53","guid":{"rendered":"https:\/\/faro-gruppe.de\/?page_id=146624"},"modified":"2026-03-31T17:31:34","modified_gmt":"2026-03-31T15:31:34","slug":"one-pot-lunch","status":"publish","type":"page","link":"https:\/\/faro-gruppe.de\/en\/locations\/spreespeicher\/kundenbereich\/catering\/speisenauswahl-2\/one-pot-lunch\/","title":{"rendered":"One Pot Lunch"},"content":{"rendered":"<div data-elementor-type=\"wp-page\" data-elementor-id=\"146624\" class=\"elementor elementor-146624\" data-elementor-settings=\"{&quot;ha_cmc_init_switcher&quot;:&quot;no&quot;}\" data-elementor-post-type=\"page\">\n\t\t\t\t\t\t<section class=\"elementor-section elementor-top-section elementor-element elementor-element-b9f9092 elementor-section-height-min-height elementor-section-boxed elementor-section-height-default elementor-section-items-middle\" data-id=\"b9f9092\" data-element_type=\"section\" data-e-type=\"section\" data-settings=\"{&quot;background_background&quot;:&quot;classic&quot;,&quot;background_image&quot;:{&quot;url&quot;:&quot;https:\\\/\\\/faro-gruppe.de\\\/wp-content\\\/uploads\\\/2025\\\/07\\\/20250306-SPREESPEICHER-FOOD-OFFENBLENDE-MB-010-scaled.jpg&quot;,&quot;id&quot;:148214,&quot;size&quot;:&quot;&quot;,&quot;alt&quot;:&quot;&quot;,&quot;source&quot;:&quot;library&quot;},&quot;parallax_background_enable&quot;:&quot;yes&quot;,&quot;parallax_background_speed&quot;:{&quot;unit&quot;:&quot;px&quot;,&quot;size&quot;:1,&quot;sizes&quot;:[]},&quot;background_image_tablet&quot;:{&quot;url&quot;:&quot;&quot;,&quot;id&quot;:&quot;&quot;,&quot;size&quot;:&quot;&quot;},&quot;background_image_mobile&quot;:{&quot;url&quot;:&quot;&quot;,&quot;id&quot;:&quot;&quot;,&quot;size&quot;:&quot;&quot;},&quot;parallax_background_speed_tablet&quot;:{&quot;unit&quot;:&quot;px&quot;,&quot;size&quot;:&quot;&quot;,&quot;sizes&quot;:[]},&quot;parallax_background_speed_mobile&quot;:{&quot;unit&quot;:&quot;px&quot;,&quot;size&quot;:&quot;&quot;,&quot;sizes&quot;:[]},&quot;parallax_background_direction&quot;:&quot;down&quot;,&quot;_ha_eqh_enable&quot;:false}\">\n\t\t\t\t\t\t\t<div class=\"elementor-background-overlay\"><\/div>\n\t\t\t\t\t\t\t<div class=\"elementor-container elementor-column-gap-default\">\n\t\t\t\t\t<div class=\"elementor-column elementor-col-100 elementor-top-column elementor-element elementor-element-4540267\" data-id=\"4540267\" data-element_type=\"column\" data-e-type=\"column\">\n\t\t\t<div class=\"elementor-widget-wrap elementor-element-populated\">\n\t\t\t\t\t\t<div class=\"elementor-element elementor-element-62fe693 elementor-widget elementor-widget-theme-post-title elementor-page-title elementor-widget-heading\" data-id=\"62fe693\" data-element_type=\"widget\" data-e-type=\"widget\" data-widget_type=\"theme-post-title.default\">\n\t\t\t\t<div class=\"elementor-widget-container\">\n\t\t\t\t\t<h1 class=\"elementor-heading-title elementor-size-default\">One Pot Lunch<\/h1>\t\t\t\t<\/div>\n\t\t\t\t<\/div>\n\t\t\t\t\t<\/div>\n\t\t<\/div>\n\t\t\t\t\t<\/div>\n\t\t<\/section>\n\t\t\t\t<section class=\"elementor-section elementor-top-section elementor-element elementor-element-9fa131e elementor-section-boxed elementor-section-height-default elementor-section-height-default\" data-id=\"9fa131e\" data-element_type=\"section\" data-e-type=\"section\" data-settings=\"{&quot;_ha_eqh_enable&quot;:false}\">\n\t\t\t\t\t\t<div class=\"elementor-container elementor-column-gap-default\">\n\t\t\t\t\t<div class=\"elementor-column elementor-col-100 elementor-top-column elementor-element elementor-element-2ae9b3d\" data-id=\"2ae9b3d\" data-element_type=\"column\" data-e-type=\"column\">\n\t\t\t<div class=\"elementor-widget-wrap elementor-element-populated\">\n\t\t\t\t\t\t<div class=\"elementor-element elementor-element-afdc383 elementor-widget elementor-widget-ha-breadcrumbs happy-addon ha-breadcrumbs happy-addon-pro\" data-id=\"afdc383\" data-element_type=\"widget\" data-e-type=\"widget\" data-widget_type=\"ha-breadcrumbs.default\">\n\t\t\t\t<div class=\"elementor-widget-container\">\n\t\t\t\t\t<ul class=\"ha-breadcrumbs\"><li class=\"ha-breadcrumbs-item ha-breadcrumbs-start\"><a href=\"https:\/\/faro-gruppe.de\/en\/\" rel=\"home\"><span class=\"ha-breadcrumbs-text\"><span class=\"ha-breadcrumbs-home-icon\"><span class=\"fas fa-home\" aria-hidden=\"true\"><\/span><\/span>Homepage<\/span><\/a><\/li><\/ul>\t\t\t\t<\/div>\n\t\t\t\t<\/div>\n\t\t\t\t\t<\/div>\n\t\t<\/div>\n\t\t\t\t\t<\/div>\n\t\t<\/section>\n\t\t\t\t<section class=\"elementor-section elementor-top-section elementor-element elementor-element-3fa86ca elementor-section-boxed elementor-section-height-default elementor-section-height-default\" data-id=\"3fa86ca\" data-element_type=\"section\" data-e-type=\"section\" data-settings=\"{&quot;_ha_eqh_enable&quot;:false}\">\n\t\t\t\t\t\t<div class=\"elementor-container elementor-column-gap-default\">\n\t\t\t\t\t<div class=\"elementor-column elementor-col-100 elementor-top-column elementor-element elementor-element-bac3aa8\" data-id=\"bac3aa8\" data-element_type=\"column\" data-e-type=\"column\">\n\t\t\t<div class=\"elementor-widget-wrap elementor-element-populated\">\n\t\t\t\t\t\t<div class=\"elementor-element elementor-element-0048c70 elementor-widget elementor-widget-heading\" data-id=\"0048c70\" data-element_type=\"widget\" data-e-type=\"widget\" data-widget_type=\"heading.default\">\n\t\t\t\t<div class=\"elementor-widget-container\">\n\t\t\t\t\t<h2 class=\"elementor-heading-title elementor-size-default\">One-Pot-Lunch<\/h2>\t\t\t\t<\/div>\n\t\t\t\t<\/div>\n\t\t\t\t<div class=\"elementor-element elementor-element-6b8871a elementor-widget-divider--view-line elementor-widget elementor-widget-divider\" data-id=\"6b8871a\" data-element_type=\"widget\" data-e-type=\"widget\" data-widget_type=\"divider.default\">\n\t\t\t\t<div class=\"elementor-widget-container\">\n\t\t\t\t\t\t\t<div class=\"elementor-divider\">\n\t\t\t<span class=\"elementor-divider-separator\">\n\t\t\t\t\t\t<\/span>\n\t\t<\/div>\n\t\t\t\t\t\t<\/div>\n\t\t\t\t<\/div>\n\t\t\t\t<div class=\"elementor-element elementor-element-f8f8e2f elementor-widget elementor-widget-text-editor\" data-id=\"f8f8e2f\" data-element_type=\"widget\" data-e-type=\"widget\" data-widget_type=\"text-editor.default\">\n\t\t\t\t<div class=\"elementor-widget-container\">\n\t\t\t\t\t\t\t\t\t<p>If the break times on your conference or seminar day are short, <br \/>our One-Pot-Lunch is just the right thing for you.<\/p><p>The buffet option is also ideal if there is little or no seating in the room, <br \/>because all dishes are easy to enjoy with just a fork\/spoon.<\/p>\t\t\t\t\t\t\t\t<\/div>\n\t\t\t\t<\/div>\n\t\t\t\t\t<\/div>\n\t\t<\/div>\n\t\t\t\t\t<\/div>\n\t\t<\/section>\n\t\t\t\t<section class=\"elementor-section elementor-top-section elementor-element elementor-element-40ad1ea elementor-section-boxed elementor-section-height-default elementor-section-height-default\" data-id=\"40ad1ea\" data-element_type=\"section\" data-e-type=\"section\" data-settings=\"{&quot;_ha_eqh_enable&quot;:false}\">\n\t\t\t\t\t\t<div class=\"elementor-container elementor-column-gap-default\">\n\t\t\t\t\t<div class=\"elementor-column elementor-col-33 elementor-top-column elementor-element elementor-element-018f4f5\" data-id=\"018f4f5\" data-element_type=\"column\" data-e-type=\"column\">\n\t\t\t<div class=\"elementor-widget-wrap elementor-element-populated\">\n\t\t\t\t\t\t<div class=\"elementor-element elementor-element-a0d471c elementor-widget elementor-widget-image\" data-id=\"a0d471c\" data-element_type=\"widget\" data-e-type=\"widget\" data-widget_type=\"image.default\">\n\t\t\t\t<div class=\"elementor-widget-container\">\n\t\t\t\t\t\t\t\t\t\t\t\t\t\t\t<img fetchpriority=\"high\" decoding=\"async\" width=\"768\" height=\"451\" src=\"https:\/\/faro-gruppe.de\/wp-content\/uploads\/2025\/06\/curry-7249247_1280-768x451.jpg\" class=\"attachment-medium_16by9 size-medium_16by9 wp-image-146627\" alt=\"\" srcset=\"https:\/\/faro-gruppe.de\/wp-content\/uploads\/2025\/06\/curry-7249247_1280-768x451.jpg 768w, https:\/\/faro-gruppe.de\/wp-content\/uploads\/2025\/06\/curry-7249247_1280-18x12.jpg 18w\" sizes=\"(max-width: 768px) 100vw, 768px\" \/>\t\t\t\t\t\t\t\t\t\t\t\t\t\t\t<\/div>\n\t\t\t\t<\/div>\n\t\t\t\t<div class=\"elementor-element elementor-element-28230d9 elementor-widget elementor-widget-text-editor\" data-id=\"28230d9\" data-element_type=\"widget\" data-e-type=\"widget\" data-widget_type=\"text-editor.default\">\n\t\t\t\t<div class=\"elementor-widget-container\">\n\t\t\t\t\t\t\t\t\t<p><strong>Organic sunflower gyros<\/strong> <span class='food-badge vegan'><svg xmlns=\"http:\/\/www.w3.org\/2000\/svg\" viewbox=\"0 0 50 50\"><path d=\"M34,17.05a19.22,19.22,0,0,1-1.91,2.61A19.59,19.59,0,0,1,25.5,24.3c-2.28,1.06-4.64,1.92-6.94,2.95A29.2,29.2,0,0,0,10,32.86L9.79,33a10.73,10.73,0,0,1-1-3A12.3,12.3,0,0,1,15.05,17.4a31.45,31.45,0,0,1,7.89-2.75,74.17,74.17,0,0,0,7.31-1.79,12.82,12.82,0,0,0,6.34-4.3c.24-.3.28-.07.37.09a22.8,22.8,0,0,1,2.47,6.87,21.93,21.93,0,0,1-2.25,14.73,16.91,16.91,0,0,1-12.09,8.82,17.6,17.6,0,0,1-8.62-.23A10.93,10.93,0,0,1,14,37.77c-.26-.16-.39-.1-.58.09a19,19,0,0,0-3.16,4.4c-.39.7-.75,1.43-1.13,2.15-.08.15-.11.28-.35.21a4.88,4.88,0,0,1-2.54-1.78,1,1,0,0,1,0-1.22A31.93,31.93,0,0,1,18.42,30c2-1.08,4-2.1,6-3.18a23.74,23.74,0,0,0,6.25-4.65A19.52,19.52,0,0,0,34,17.34a.28.28,0,0,0,0-.29\"\/><\/svg><\/span><br \/>with grilled vegetables, sour cream and rice\u00a0<br \/>(9,50 \u20ac p.person)<\/p><p><strong>Coconut curry <span class='food-badge vegan'><svg xmlns=\"http:\/\/www.w3.org\/2000\/svg\" viewbox=\"0 0 50 50\"><path d=\"M34,17.05a19.22,19.22,0,0,1-1.91,2.61A19.59,19.59,0,0,1,25.5,24.3c-2.28,1.06-4.64,1.92-6.94,2.95A29.2,29.2,0,0,0,10,32.86L9.79,33a10.73,10.73,0,0,1-1-3A12.3,12.3,0,0,1,15.05,17.4a31.45,31.45,0,0,1,7.89-2.75,74.17,74.17,0,0,0,7.31-1.79,12.82,12.82,0,0,0,6.34-4.3c.24-.3.28-.07.37.09a22.8,22.8,0,0,1,2.47,6.87,21.93,21.93,0,0,1-2.25,14.73,16.91,16.91,0,0,1-12.09,8.82,17.6,17.6,0,0,1-8.62-.23A10.93,10.93,0,0,1,14,37.77c-.26-.16-.39-.1-.58.09a19,19,0,0,0-3.16,4.4c-.39.7-.75,1.43-1.13,2.15-.08.15-.11.28-.35.21a4.88,4.88,0,0,1-2.54-1.78,1,1,0,0,1,0-1.22A31.93,31.93,0,0,1,18.42,30c2-1.08,4-2.1,6-3.18a23.74,23.74,0,0,0,6.25-4.65A19.52,19.52,0,0,0,34,17.34a.28.28,0,0,0,0-.29\"\/><\/svg><\/span><\/strong><br \/>with crunchy vegetables, peanuts and rice<br \/>(9,50 \u20ac p.person)<\/p><p><strong>Vegan mush root balls<\/strong> <span class='food-badge vegan'><svg xmlns=\"http:\/\/www.w3.org\/2000\/svg\" viewbox=\"0 0 50 50\"><path d=\"M34,17.05a19.22,19.22,0,0,1-1.91,2.61A19.59,19.59,0,0,1,25.5,24.3c-2.28,1.06-4.64,1.92-6.94,2.95A29.2,29.2,0,0,0,10,32.86L9.79,33a10.73,10.73,0,0,1-1-3A12.3,12.3,0,0,1,15.05,17.4a31.45,31.45,0,0,1,7.89-2.75,74.17,74.17,0,0,0,7.31-1.79,12.82,12.82,0,0,0,6.34-4.3c.24-.3.28-.07.37.09a22.8,22.8,0,0,1,2.47,6.87,21.93,21.93,0,0,1-2.25,14.73,16.91,16.91,0,0,1-12.09,8.82,17.6,17.6,0,0,1-8.62-.23A10.93,10.93,0,0,1,14,37.77c-.26-.16-.39-.1-.58.09a19,19,0,0,0-3.16,4.4c-.39.7-.75,1.43-1.13,2.15-.08.15-.11.28-.35.21a4.88,4.88,0,0,1-2.54-1.78,1,1,0,0,1,0-1.22A31.93,31.93,0,0,1,18.42,30c2-1.08,4-2.1,6-3.18a23.74,23.74,0,0,0,6.25-4.65A19.52,19.52,0,0,0,34,17.34a.28.28,0,0,0,0-.29\"\/><\/svg><\/span><br \/>with parsley potatoes and<br \/>Cranberries <span style=\"color: #000000; font-family: Proxima Nova Rg;\"><span style=\"font-size: 10.6667px;\">(16, b, j, k)<\/span><\/span><br \/>(9,50 \u20ac p.person)<\/p>\t\t\t\t\t\t\t\t<\/div>\n\t\t\t\t<\/div>\n\t\t\t\t\t<\/div>\n\t\t<\/div>\n\t\t\t\t<div class=\"elementor-column elementor-col-33 elementor-top-column elementor-element elementor-element-75c8023\" data-id=\"75c8023\" data-element_type=\"column\" data-e-type=\"column\">\n\t\t\t<div class=\"elementor-widget-wrap elementor-element-populated\">\n\t\t\t\t\t\t<div class=\"elementor-element elementor-element-4b0bc62 elementor-widget elementor-widget-image\" data-id=\"4b0bc62\" data-element_type=\"widget\" data-e-type=\"widget\" data-widget_type=\"image.default\">\n\t\t\t\t<div class=\"elementor-widget-container\">\n\t\t\t\t\t\t\t\t\t\t\t\t\t\t\t<img decoding=\"async\" width=\"768\" height=\"451\" src=\"https:\/\/faro-gruppe.de\/wp-content\/uploads\/2025\/06\/pasta-7475756_1280-768x451.jpg\" class=\"attachment-medium_16by9 size-medium_16by9 wp-image-146626\" alt=\"\" srcset=\"https:\/\/faro-gruppe.de\/wp-content\/uploads\/2025\/06\/pasta-7475756_1280-768x451.jpg 768w, https:\/\/faro-gruppe.de\/wp-content\/uploads\/2025\/06\/pasta-7475756_1280-18x12.jpg 18w\" sizes=\"(max-width: 768px) 100vw, 768px\" \/>\t\t\t\t\t\t\t\t\t\t\t\t\t\t\t<\/div>\n\t\t\t\t<\/div>\n\t\t\t\t<div class=\"elementor-element elementor-element-c79c7bf elementor-widget elementor-widget-heading\" data-id=\"c79c7bf\" data-element_type=\"widget\" data-e-type=\"widget\" data-widget_type=\"heading.default\">\n\t\t\t\t<div class=\"elementor-widget-container\">\n\t\t\t\t\t<h2 class=\"elementor-heading-title elementor-size-default\">Main courses<\/h2>\t\t\t\t<\/div>\n\t\t\t\t<\/div>\n\t\t\t\t<div class=\"elementor-element elementor-element-b2765a7 elementor-widget elementor-widget-text-editor\" data-id=\"b2765a7\" data-element_type=\"widget\" data-e-type=\"widget\" data-widget_type=\"text-editor.default\">\n\t\t\t\t<div class=\"elementor-widget-container\">\n\t\t\t\t\t\t\t\t\t<p><strong>Pasta <span class='food-badge vegan'><svg xmlns=\"http:\/\/www.w3.org\/2000\/svg\" viewbox=\"0 0 50 50\"><path d=\"M34,17.05a19.22,19.22,0,0,1-1.91,2.61A19.59,19.59,0,0,1,25.5,24.3c-2.28,1.06-4.64,1.92-6.94,2.95A29.2,29.2,0,0,0,10,32.86L9.79,33a10.73,10.73,0,0,1-1-3A12.3,12.3,0,0,1,15.05,17.4a31.45,31.45,0,0,1,7.89-2.75,74.17,74.17,0,0,0,7.31-1.79,12.82,12.82,0,0,0,6.34-4.3c.24-.3.28-.07.37.09a22.8,22.8,0,0,1,2.47,6.87,21.93,21.93,0,0,1-2.25,14.73,16.91,16.91,0,0,1-12.09,8.82,17.6,17.6,0,0,1-8.62-.23A10.93,10.93,0,0,1,14,37.77c-.26-.16-.39-.1-.58.09a19,19,0,0,0-3.16,4.4c-.39.7-.75,1.43-1.13,2.15-.08.15-.11.28-.35.21a4.88,4.88,0,0,1-2.54-1.78,1,1,0,0,1,0-1.22A31.93,31.93,0,0,1,18.42,30c2-1.08,4-2.1,6-3.18a23.74,23.74,0,0,0,6.25-4.65A19.52,19.52,0,0,0,34,17.34a.28.28,0,0,0,0-.29\"\/><\/svg><\/span><\/strong><br \/>with vegan Bolognese sauce<br \/>(9,50 \u20ac p.person)<\/p><p><strong>Chicken fricassee<\/strong> <br \/>with asparagus, peas and rice<br \/>(9,50 \u20ac p.person)<\/p>\t\t\t\t\t\t\t\t<\/div>\n\t\t\t\t<\/div>\n\t\t\t\t\t<\/div>\n\t\t<\/div>\n\t\t\t\t<div class=\"elementor-column elementor-col-33 elementor-top-column elementor-element elementor-element-00e9c4e\" data-id=\"00e9c4e\" data-element_type=\"column\" data-e-type=\"column\">\n\t\t\t<div class=\"elementor-widget-wrap elementor-element-populated\">\n\t\t\t\t\t\t<div class=\"elementor-element elementor-element-21bb772 elementor-widget elementor-widget-image\" data-id=\"21bb772\" data-element_type=\"widget\" data-e-type=\"widget\" data-widget_type=\"image.default\">\n\t\t\t\t<div class=\"elementor-widget-container\">\n\t\t\t\t\t\t\t\t\t\t\t\t\t\t\t<img decoding=\"async\" width=\"768\" height=\"451\" src=\"https:\/\/faro-gruppe.de\/wp-content\/uploads\/2025\/06\/goulash-3502510_1280-768x451.jpg\" class=\"attachment-medium_16by9 size-medium_16by9 wp-image-146629\" alt=\"\" srcset=\"https:\/\/faro-gruppe.de\/wp-content\/uploads\/2025\/06\/goulash-3502510_1280-768x451.jpg 768w, https:\/\/faro-gruppe.de\/wp-content\/uploads\/2025\/06\/goulash-3502510_1280-18x12.jpg 18w\" sizes=\"(max-width: 768px) 100vw, 768px\" \/>\t\t\t\t\t\t\t\t\t\t\t\t\t\t\t<\/div>\n\t\t\t\t<\/div>\n\t\t\t\t<div class=\"elementor-element elementor-element-eae7b99 elementor-widget elementor-widget-heading\" data-id=\"eae7b99\" data-element_type=\"widget\" data-e-type=\"widget\" data-widget_type=\"heading.default\">\n\t\t\t\t<div class=\"elementor-widget-container\">\n\t\t\t\t\t<h2 class=\"elementor-heading-title elementor-size-default\">Sauces &amp; dips<\/h2>\t\t\t\t<\/div>\n\t\t\t\t<\/div>\n\t\t\t\t<div class=\"elementor-element elementor-element-7b0f7f6 elementor-widget elementor-widget-text-editor\" data-id=\"7b0f7f6\" data-element_type=\"widget\" data-e-type=\"widget\" data-widget_type=\"text-editor.default\">\n\t\t\t\t<div class=\"elementor-widget-container\">\n\t\t\t\t\t\t\t\t\t<p><strong>K\u00f6nigsberger meatballs<\/strong> <br \/>in caper sauce with steamed potatoes <span style=\"color: #000000; font-family: Proxima Nova Rg;\"><span style=\"font-size: 10.6667px;\">(a, a1, f, g)<\/span><\/span><br \/>(9,50 \u20ac p.person)<\/p><p><strong>Beef goulash pot<\/strong> <br \/>with spaetzle <span style=\"color: #000000; font-family: Proxima Nova Rg;\"><span style=\"font-size: 10.6667px;\">(16, a, a1, f, g, k)<\/span><\/span><br \/>(9,50 \u20ac p.person)<\/p>\t\t\t\t\t\t\t\t<\/div>\n\t\t\t\t<\/div>\n\t\t\t\t\t<\/div>\n\t\t<\/div>\n\t\t\t\t\t<\/div>\n\t\t<\/section>\n\t\t\t\t<section class=\"elementor-section elementor-top-section elementor-element elementor-element-2f52979 elementor-section-boxed elementor-section-height-default elementor-section-height-default\" data-id=\"2f52979\" data-element_type=\"section\" data-e-type=\"section\" data-settings=\"{&quot;_ha_eqh_enable&quot;:false}\">\n\t\t\t\t\t\t<div class=\"elementor-container elementor-column-gap-default\">\n\t\t\t\t\t<div class=\"elementor-column elementor-col-100 elementor-top-column elementor-element elementor-element-25f1d12\" data-id=\"25f1d12\" data-element_type=\"column\" data-e-type=\"column\">\n\t\t\t<div class=\"elementor-widget-wrap elementor-element-populated\">\n\t\t\t\t\t\t<div class=\"elementor-element elementor-element-6acac4c ee-button-group-halign-right ee-button-group-gap-default elementor-widget elementor-widget-button-group\" data-id=\"6acac4c\" data-element_type=\"widget\" data-e-type=\"widget\" data-settings=\"{&quot;trigger&quot;:&quot;mouseenter&quot;,&quot;trigger_tablet&quot;:&quot;click_target&quot;,&quot;trigger_mobile&quot;:&quot;click_target&quot;,&quot;_hide&quot;:&quot;mouseleave&quot;,&quot;_hide_tablet&quot;:&quot;click_out&quot;,&quot;_hide_mobile&quot;:&quot;click_out&quot;,&quot;position&quot;:&quot;bottom&quot;,&quot;delay_in&quot;:{&quot;unit&quot;:&quot;px&quot;,&quot;size&quot;:&quot;&quot;,&quot;sizes&quot;:[]},&quot;delay_out&quot;:{&quot;unit&quot;:&quot;px&quot;,&quot;size&quot;:&quot;&quot;,&quot;sizes&quot;:[]},&quot;duration&quot;:{&quot;unit&quot;:&quot;px&quot;,&quot;size&quot;:&quot;&quot;,&quot;sizes&quot;:[]}}\" data-widget_type=\"button-group.default\">\n\t\t\t\t<div class=\"elementor-widget-container\">\n\t\t\t\t\t<ul class=\"ee-button-group\"><li class=\"ee-button-gap elementor-repeater-item-f8cc528\">\n\t\t\t\t\t<a class=\"ee-button-wrapper\">\n\n\t\t\t\t\t\t<span class=\"ee-button ee-size-sm\" data-label=\"vegan\">\n\t\t\t\t\t\t\t<span class=\"ee-button-content-wrapper\"><span class=\"ee-button-icon ee-icon ee-icon-support--svg ee-icon--left\"><svg xmlns=\"http:\/\/www.w3.org\/2000\/svg\" viewbox=\"0 0 50 50\"><path d=\"M34,17.05a19.22,19.22,0,0,1-1.91,2.61A19.59,19.59,0,0,1,25.5,24.3c-2.28,1.06-4.64,1.92-6.94,2.95A29.2,29.2,0,0,0,10,32.86L9.79,33a10.73,10.73,0,0,1-1-3A12.3,12.3,0,0,1,15.05,17.4a31.45,31.45,0,0,1,7.89-2.75,74.17,74.17,0,0,0,7.31-1.79,12.82,12.82,0,0,0,6.34-4.3c.24-.3.28-.07.37.09a22.8,22.8,0,0,1,2.47,6.87,21.93,21.93,0,0,1-2.25,14.73,16.91,16.91,0,0,1-12.09,8.82,17.6,17.6,0,0,1-8.62-.23A10.93,10.93,0,0,1,14,37.77c-.26-.16-.39-.1-.58.09a19,19,0,0,0-3.16,4.4c-.39.7-.75,1.43-1.13,2.15-.08.15-.11.28-.35.21a4.88,4.88,0,0,1-2.54-1.78,1,1,0,0,1,0-1.22A31.93,31.93,0,0,1,18.42,30c2-1.08,4-2.1,6-3.18a23.74,23.74,0,0,0,6.25-4.65A19.52,19.52,0,0,0,34,17.34a.28.28,0,0,0,0-.29\"><\/path><\/svg><\/span><span class=\"ee-button-text\">\n\t\t\t\t\t\t\t\t\tvegan\t\t\t\t\t\t\t\t<\/span>\n\n\t\t\t\t\t\t\t\t\n\t\t\t\t\t\t\t<\/span>\n\t\t\t\t\t\t<\/span>\n\n\t\t\t\t\t<\/a>\n\t\t\t\t<\/li><li class=\"ee-button-gap elementor-repeater-item-5ee953c\">\n\t\t\t\t\t<a class=\"ee-button-wrapper\">\n\n\t\t\t\t\t\t<span class=\"ee-button ee-size-sm\" data-label=\"vegetarisch\">\n\t\t\t\t\t\t\t<span class=\"ee-button-content-wrapper\"><span class=\"ee-button-icon ee-icon ee-icon-support--svg ee-icon--left\"><svg xmlns=\"http:\/\/www.w3.org\/2000\/svg\" viewbox=\"0 0 50 50\"><path d=\"M33.12,17.66a16.66,16.66,0,0,1-1.58,2.16,16.2,16.2,0,0,1-5.47,3.86c-1.88.88-3.85,1.6-5.75,2.45a24.17,24.17,0,0,0-7.15,4.66l-.13.1a8.62,8.62,0,0,1-.84-2.54A10.21,10.21,0,0,1,17.4,18,25.72,25.72,0,0,1,24,15.67c2-.47,4.09-.82,6.07-1.49a10.74,10.74,0,0,0,5.27-3.57c.19-.25.23-.06.3.08a18.45,18.45,0,0,1,2,5.7,18.24,18.24,0,0,1-1.86,12.23,14.07,14.07,0,0,1-10,7.32,14.59,14.59,0,0,1-7.16-.19,9,9,0,0,1-2.06-.89.33.33,0,0,0-.48.07,16,16,0,0,0-2.62,3.66c-.33.58-.63,1.19-.94,1.78-.06.13-.09.24-.29.18a4,4,0,0,1-2.11-1.48.81.81,0,0,1,0-1A26.53,26.53,0,0,1,20.2,28.4c1.66-.89,3.34-1.74,5-2.64a19.83,19.83,0,0,0,5.19-3.86,16,16,0,0,0,2.71-4,.23.23,0,0,0,0-.24M49.57,25A24.57,24.57,0,1,0,25,49.57,24.6,24.6,0,0,0,49.57,25Zm-2,0A22.57,22.57,0,1,1,25,2.43,22.6,22.6,0,0,1,47.57,25Z\"><\/path><\/svg><\/span><span class=\"ee-button-text\">\n\t\t\t\t\t\t\t\t\tvegetarian\t\t\t\t\t\t\t\t<\/span>\n\n\t\t\t\t\t\t\t\t\n\t\t\t\t\t\t\t<\/span>\n\t\t\t\t\t\t<\/span>\n\n\t\t\t\t\t<\/a>\n\t\t\t\t<\/li><\/ul>\n\t\t\t\t\t\t<\/div>\n\t\t\t\t<\/div>\n\t\t\t\t<div class=\"elementor-element elementor-element-7109807 elementor-align-right elementor-widget elementor-widget-button\" data-id=\"7109807\" data-element_type=\"widget\" data-e-type=\"widget\" data-widget_type=\"button.default\">\n\t\t\t\t<div class=\"elementor-widget-container\">\n\t\t\t\t\t\t\t\t\t<div class=\"elementor-button-wrapper\">\n\t\t\t\t\t<a class=\"elementor-button elementor-button-link elementor-size-xs\" href=\"#elementor-action%3Aaction%3Dpopup%3Aopen%26settings%3DeyJpZCI6IjE1MzMyNiIsInRvZ2dsZSI6ZmFsc2V9\">\n\t\t\t\t\t\t<span class=\"elementor-button-content-wrapper\">\n\t\t\t\t\t\t\t\t\t<span class=\"elementor-button-text\">Allergen list<\/span>\n\t\t\t\t\t<\/span>\n\t\t\t\t\t<\/a>\n\t\t\t\t<\/div>\n\t\t\t\t\t\t\t\t<\/div>\n\t\t\t\t<\/div>\n\t\t\t\t\t<\/div>\n\t\t<\/div>\n\t\t\t\t\t<\/div>\n\t\t<\/section>\n\t\t\t\t<section class=\"elementor-section elementor-top-section elementor-element elementor-element-4f43e46 elementor-section-boxed elementor-section-height-default elementor-section-height-default\" data-id=\"4f43e46\" data-element_type=\"section\" data-e-type=\"section\" data-settings=\"{&quot;_ha_eqh_enable&quot;:false}\">\n\t\t\t\t\t\t<div class=\"elementor-container elementor-column-gap-default\">\n\t\t\t\t\t<div class=\"elementor-column elementor-col-100 elementor-top-column elementor-element elementor-element-5ae6e29\" data-id=\"5ae6e29\" data-element_type=\"column\" data-e-type=\"column\">\n\t\t\t<div class=\"elementor-widget-wrap elementor-element-populated\">\n\t\t\t\t\t\t<div class=\"elementor-element elementor-element-54cfa90 elementor-widget elementor-widget-text-editor\" data-id=\"54cfa90\" data-element_type=\"widget\" data-e-type=\"widget\" data-widget_type=\"text-editor.default\">\n\t\t\t\t<div class=\"elementor-widget-container\">\n\t\t\t\t\t\t\t\t\t<p><em>*Prices are subject to change at short notice. As we do not wish to reduce our quality standards in the event of unforeseeable price increases for energy, goods or personnel, the above price may be subject to percentage price adjustments. We endeavour to avoid these adjustments as far as possible.<\/em><\/p>\t\t\t\t\t\t\t\t<\/div>\n\t\t\t\t<\/div>\n\t\t\t\t\t<\/div>\n\t\t<\/div>\n\t\t\t\t\t<\/div>\n\t\t<\/section>\n\t\t\t\t<\/div>","protected":false},"excerpt":{"rendered":"<p>Startseite One-Pot-Lunch Sollten die Pausenzeiten an ihrem Konferenz- oder Seminartag knapp bemessen sein, ist unser One-Pot-Lunch f\u00fcr Sie genau das Richtige. Die Buffet-Variante ist auch ideal, wenn im Raum nur wenig oder keine Sitzgelegenheiten vorhanden sind, weil alle Gerichte bequem nur mit einer Gabel\/ einem L\u00f6ffel zu genie\u00dfen sind. Bio Sonnenblumen-Gyros mit Grillgem\u00fcse, Sour Cream [&hellip;]\u2026<\/p>\n","protected":false},"author":9,"featured_media":0,"parent":146177,"menu_order":0,"comment_status":"closed","ping_status":"closed","template":"","meta":{"footnotes":""},"class_list":["post-146624","page","type-page","status-publish","hentry"],"_links":{"self":[{"href":"https:\/\/faro-gruppe.de\/en\/wp-json\/wp\/v2\/pages\/146624","targetHints":{"allow":["GET"]}}],"collection":[{"href":"https:\/\/faro-gruppe.de\/en\/wp-json\/wp\/v2\/pages"}],"about":[{"href":"https:\/\/faro-gruppe.de\/en\/wp-json\/wp\/v2\/types\/page"}],"author":[{"embeddable":true,"href":"https:\/\/faro-gruppe.de\/en\/wp-json\/wp\/v2\/users\/9"}],"replies":[{"embeddable":true,"href":"https:\/\/faro-gruppe.de\/en\/wp-json\/wp\/v2\/comments?post=146624"}],"version-history":[{"count":10,"href":"https:\/\/faro-gruppe.de\/en\/wp-json\/wp\/v2\/pages\/146624\/revisions"}],"predecessor-version":[{"id":153432,"href":"https:\/\/faro-gruppe.de\/en\/wp-json\/wp\/v2\/pages\/146624\/revisions\/153432"}],"up":[{"embeddable":true,"href":"https:\/\/faro-gruppe.de\/en\/wp-json\/wp\/v2\/pages\/146177"}],"wp:attachment":[{"href":"https:\/\/faro-gruppe.de\/en\/wp-json\/wp\/v2\/media?parent=146624"}],"curies":[{"name":"wp","href":"https:\/\/api.w.org\/{rel}","templated":true}]}}