{"id":19277,"date":"2022-01-07T14:26:23","date_gmt":"2022-01-07T13:26:23","guid":{"rendered":"https:\/\/faro-gruppe.de\/?page_id=19277"},"modified":"2025-07-31T15:51:03","modified_gmt":"2025-07-31T13:51:03","slug":"interview-questions-for-new-employees","status":"publish","type":"page","link":"https:\/\/faro-gruppe.de\/en\/intern\/interviewfragen-an-neue-mitarbeiter\/","title":{"rendered":"Interview questions for new employees"},"content":{"rendered":"\t\t<div data-elementor-type=\"wp-page\" data-elementor-id=\"19277\" class=\"elementor elementor-19277\" data-elementor-settings=\"{&quot;ha_cmc_init_switcher&quot;:&quot;no&quot;}\" data-elementor-post-type=\"page\">\n\t\t\t\t\t\t<section class=\"elementor-section elementor-top-section elementor-element elementor-element-d3b007c elementor-section-height-min-height elementor-section-boxed elementor-section-height-default elementor-section-items-middle\" data-id=\"d3b007c\" data-element_type=\"section\" data-e-type=\"section\" data-settings=\"{&quot;background_background&quot;:&quot;classic&quot;,&quot;background_image&quot;:{&quot;url&quot;:&quot;https:\\\/\\\/faro-gruppe.de\\\/wp-content\\\/uploads\\\/2022\\\/01\\\/2019-08-14-Vitamin-B-Spreespeicher-Sommerfest-Berlin-223-1490x660-1.jpg&quot;,&quot;id&quot;:19702,&quot;size&quot;:&quot;&quot;,&quot;alt&quot;:&quot;Mitarbeiter Faro-Gruppe&quot;,&quot;source&quot;:&quot;library&quot;},&quot;parallax_background_enable&quot;:&quot;yes&quot;,&quot;parallax_background_speed&quot;:{&quot;unit&quot;:&quot;px&quot;,&quot;size&quot;:1,&quot;sizes&quot;:[]},&quot;background_image_tablet&quot;:{&quot;url&quot;:&quot;&quot;,&quot;id&quot;:&quot;&quot;,&quot;size&quot;:&quot;&quot;},&quot;background_image_mobile&quot;:{&quot;url&quot;:&quot;&quot;,&quot;id&quot;:&quot;&quot;,&quot;size&quot;:&quot;&quot;},&quot;parallax_background_speed_tablet&quot;:{&quot;unit&quot;:&quot;px&quot;,&quot;size&quot;:&quot;&quot;,&quot;sizes&quot;:[]},&quot;parallax_background_speed_mobile&quot;:{&quot;unit&quot;:&quot;px&quot;,&quot;size&quot;:&quot;&quot;,&quot;sizes&quot;:[]},&quot;parallax_background_direction&quot;:&quot;down&quot;,&quot;_ha_eqh_enable&quot;:false}\">\n\t\t\t\t\t\t\t<div class=\"elementor-background-overlay\"><\/div>\n\t\t\t\t\t\t\t<div class=\"elementor-container elementor-column-gap-default\">\n\t\t\t\t\t<div class=\"elementor-column elementor-col-100 elementor-top-column elementor-element elementor-element-e7a21c9\" data-id=\"e7a21c9\" data-element_type=\"column\" data-e-type=\"column\">\n\t\t\t<div class=\"elementor-widget-wrap elementor-element-populated\">\n\t\t\t\t\t\t<div class=\"elementor-element elementor-element-1d36765 elementor-widget elementor-widget-heading\" data-id=\"1d36765\" data-element_type=\"widget\" data-e-type=\"widget\" data-widget_type=\"heading.default\">\n\t\t\t\t<div class=\"elementor-widget-container\">\n\t\t\t\t\t<h1 class=\"elementor-heading-title elementor-size-default\">INTERVIEWFRAGEN F\u00dcR NEUE MITARBEITER<\/h1>\t\t\t\t<\/div>\n\t\t\t\t<\/div>\n\t\t\t\t\t<\/div>\n\t\t<\/div>\n\t\t\t\t\t<\/div>\n\t\t<\/section>\n\t\t\t\t<section class=\"elementor-section elementor-top-section elementor-element elementor-element-7c223ad elementor-section-boxed elementor-section-height-default elementor-section-height-default\" data-id=\"7c223ad\" data-element_type=\"section\" data-e-type=\"section\" data-settings=\"{&quot;_ha_eqh_enable&quot;:false}\">\n\t\t\t\t\t\t<div class=\"elementor-container elementor-column-gap-default\">\n\t\t\t\t\t<div class=\"elementor-column elementor-col-100 elementor-top-column elementor-element elementor-element-e17d756\" data-id=\"e17d756\" data-element_type=\"column\" data-e-type=\"column\">\n\t\t\t<div class=\"elementor-widget-wrap elementor-element-populated\">\n\t\t\t\t\t\t<section class=\"elementor-section elementor-inner-section elementor-element elementor-element-f467837 elementor-section-boxed elementor-section-height-default elementor-section-height-default\" data-id=\"f467837\" data-element_type=\"section\" data-e-type=\"section\" data-settings=\"{&quot;_ha_eqh_enable&quot;:false}\">\n\t\t\t\t\t\t<div class=\"elementor-container elementor-column-gap-default\">\n\t\t\t\t\t<div class=\"elementor-column elementor-col-100 elementor-inner-column elementor-element elementor-element-a45a25c\" data-id=\"a45a25c\" data-element_type=\"column\" data-e-type=\"column\">\n\t\t\t<div class=\"elementor-widget-wrap elementor-element-populated\">\n\t\t\t\t\t\t<div class=\"elementor-element elementor-element-303b4b8 elementor-widget elementor-widget-heading\" data-id=\"303b4b8\" data-element_type=\"widget\" data-e-type=\"widget\" data-widget_type=\"heading.default\">\n\t\t\t\t<div class=\"elementor-widget-container\">\n\t\t\t\t\t<h2 class=\"elementor-heading-title elementor-size-default\">WILLKOMMEN IM TEAM!<\/h2>\t\t\t\t<\/div>\n\t\t\t\t<\/div>\n\t\t\t\t<div class=\"elementor-element elementor-element-4c38409 elementor-widget-divider--view-line elementor-widget elementor-widget-divider\" data-id=\"4c38409\" data-element_type=\"widget\" data-e-type=\"widget\" data-widget_type=\"divider.default\">\n\t\t\t\t<div class=\"elementor-widget-container\">\n\t\t\t\t\t\t\t<div class=\"elementor-divider\">\n\t\t\t<span class=\"elementor-divider-separator\">\n\t\t\t\t\t\t<\/span>\n\t\t<\/div>\n\t\t\t\t\t\t<\/div>\n\t\t\t\t<\/div>\n\t\t\t\t<div class=\"elementor-element elementor-element-76ca79b elementor-widget elementor-widget-text-editor\" data-id=\"76ca79b\" data-element_type=\"widget\" data-e-type=\"widget\" data-widget_type=\"text-editor.default\">\n\t\t\t\t<div class=\"elementor-widget-container\">\n\t\t\t\t\t\t\t\t\t<p style=\"text-align: center;\">Um dich als unser neues Teammitglied besser kennenzulernen, m\u00f6chten wir dich bitten, uns ein bisschen von dir zu erz\u00e4hlen. Wir freuen uns auf die Zusammenarbeit.<\/p>\t\t\t\t\t\t\t\t<\/div>\n\t\t\t\t<\/div>\n\t\t\t\t\t<\/div>\n\t\t<\/div>\n\t\t\t\t\t<\/div>\n\t\t<\/section>\n\t\t\t\t\t<\/div>\n\t\t<\/div>\n\t\t\t\t\t<\/div>\n\t\t<\/section>\n\t\t\t\t<section class=\"elementor-section elementor-top-section elementor-element elementor-element-f15db33 elementor-section-boxed elementor-section-height-default elementor-section-height-default\" data-id=\"f15db33\" data-element_type=\"section\" data-e-type=\"section\" data-settings=\"{&quot;_ha_eqh_enable&quot;:false}\">\n\t\t\t\t\t\t<div class=\"elementor-container elementor-column-gap-default\">\n\t\t\t\t\t<div class=\"elementor-column elementor-col-100 elementor-top-column elementor-element elementor-element-8d04741\" data-id=\"8d04741\" data-element_type=\"column\" data-e-type=\"column\">\n\t\t\t<div class=\"elementor-widget-wrap elementor-element-populated\">\n\t\t\t\t\t\t<div class=\"elementor-element elementor-element-99f83b2 elementor-widget elementor-widget-wp-widget-frm_show_form\" data-id=\"99f83b2\" data-element_type=\"widget\" data-e-type=\"widget\" data-widget_type=\"wp-widget-frm_show_form.default\">\n\t\t\t\t<div class=\"elementor-widget-container\">\n\t\t\t\t\t<div class=\"frm_form_widget\"><link rel='stylesheet' id='formidable-css' href='https:\/\/faro-gruppe.de\/wp-content\/plugins\/formidable\/css\/formidableforms.css?ver=2191005' media='all' \/>\n<div class=\"frm_forms  with_frm_style frm_style_formidable-style-2\" id=\"frm_form_81_container\" >\n<form enctype=\"multipart\/form-data\" method=\"post\" class=\"frm-show-form  frm_pro_form \" id=\"form_nlk84\" >\n<div class=\"frm_form_fields \">\n<fieldset>\n<legend class=\"frm_screen_reader\">Interview neue Mitarbeiter <\/legend>\r\n\r\n<div class=\"frm_fields_container\">\n<input type=\"hidden\" name=\"frm_action\" value=\"create\" \/>\n<input type=\"hidden\" name=\"form_id\" value=\"81\" \/>\n<input type=\"hidden\" name=\"frm_hide_fields_81\" id=\"frm_hide_fields_81\" value=\"\" \/>\n<input type=\"hidden\" name=\"form_key\" value=\"nlk84\" \/>\n<input type=\"hidden\" name=\"item_meta[0]\" value=\"\" \/>\n<input type=\"hidden\" id=\"frm_submit_entry_81\" name=\"frm_submit_entry_81\" value=\"80e63be5c2\" \/><input type=\"hidden\" name=\"_wp_http_referer\" value=\"\/en\/wp-json\/wp\/v2\/pages\/19277\" \/><div id=\"frm_field_7548_container\" class=\"frm_form_field  frm_html_container form-field\"> <br class=\"clear\" \/>\n<\/div>\n<div id=\"frm_field_7549_container\" class=\"frm_form_field form-field  frm_required_field frm_top_container frm_full frm_first\">\r\n    <label for=\"field_mqlx4\" class=\"frm_primary_label\"><font size=\"4\">Wie hei\u00dft du?<\/font>\r\n        <span class=\"frm_required\">*<\/span>\r\n    <\/label>\r\n    <input  type=\"text\" id=\"field_mqlx4\" name=\"item_meta[7549]\" value=\"\"  data-reqmsg=\"Dieses Feld darf nicht leer sein.\" aria-required=\"true\" data-invmsg=\"Text ist ung\u00fcltig\" aria-invalid=\"false\"   \/>\r\n    \r\n    \r\n<\/div>\n<input type=\"hidden\" name=\"item_meta[7550]\" id=\"field_3bij2\" value=\"\"     \/>\n<input type=\"hidden\" name=\"item_meta[7551]\" id=\"field_ug63c\" value=\"\"     \/>\n<div id=\"frm_field_7552_container\" class=\"frm_form_field form-field  frm_required_field frm_top_container frm_full\">\r\n    <label for=\"field_4kw5r\" class=\"frm_primary_label\"><br class=\"clear\" \/> <font size=\"4\">Bitte lade ein Foto von dir hoch<\/font>\r\n        <span class=\"frm_required\">*<\/span>\r\n    <\/label>\r\n    <input type=\"hidden\"  data-reqmsg=\"Dieses Feld darf nicht leer sein.\" data-invmsg=\"Datei-Upload ist ung\u00fcltig\" aria-invalid=\"false\"   name=\"item_meta[7552]\"  data-reqmsg=\"Dieses Feld darf nicht leer sein.\"  value=\"\" data-frmfile=\"7552\" \/>\n\n<div class=\"frm_dropzone frm_single_upload frm_clearfix\" id=\"file7552_dropzone\" role=\"group\" >\n\t<div class=\"fallback\">\n\t\t<input type=\"file\" name=\"file7552\" id=\"field_4kw5r\"\n\t\t\t data-reqmsg=\"Dieses Feld darf nicht leer sein.\" data-invmsg=\"Datei-Upload ist ung\u00fcltig\" aria-invalid=\"false\"  \t\t\t\/>\n\t\t\t\t<div class=\"frm_clearfix \"><\/div>\n\t<\/div>\n\t<div class=\"dz-message needsclick\">\n\t\t\t\t<svg  viewBox=\"0 0 18 18\" class=\"frmsvg frm-svg-icon\">\n\t<path viewBox=\"0 0 18 18\" fill-rule=\"evenodd\" clip-rule=\"evenodd\" d=\"M8.2 4v8a.8.8 0 001.5 0V4l2.1 2.2A.7.7 0 1013 5L9.5 1.7a.7.7 0 00-1.1 0L5.1 5.2a.8.8 0 001 1l2.1-2zm7.6 4.3c.4 0 .7.3.7.7v6.8c0 .4-.3.7-.8.7H2.3a.8.8 0 01-.8-.8V9A.8.8 0 013 9v6h12V9c0-.4.3-.8.8-.8z\"><\/path>\n<\/svg>\t\t<span class=\"frm_upload_text\"><button type=\"button\" aria-label=\"&lt;br class=&quot;clear&quot; \/&gt; &lt;font size=&quot;4&quot;&gt;Bitte lade ein Foto von dir hoch&lt;\/font&gt;. Zum Hochladen Datei hier ablegen oder auf den Button klicken.. Maximum file size: 516MB\">Zum Hochladen Datei hier ablegen oder auf den Button klicken.<\/button><\/span>\n\t\t<span class=\"frm_compact_text\"><button type=\"button\" aria-label=\"&lt;br class=&quot;clear&quot; \/&gt; &lt;font size=&quot;4&quot;&gt;Bitte lade ein Foto von dir hoch&lt;\/font&gt;. Datei w\u00e4hlen. Maximum file size: 516MB\">Datei w\u00e4hlen<\/button><\/span>\n\t\t<div class=\"frm_small_text\">\n\t\t\t<p>Maximum file size: 516MB<\/p>\n\t\t<\/div>\n\t<\/div>\n<\/div>\n\t\r\n    \r\n    \r\n<\/div>\n<div id=\"frm_field_7553_container\" class=\"frm_form_field  frm_full frm_html_container form-field\"> <br class=\"clear\" \/>\n <br class=\"clear\" \/>\n<div style=\"text-align: left\">\n<b><font size=\"4\" face=\"Merriweather\">Es w\u00e4re echt super, wenn du ein paar unserer Fragen beantworten w\u00fcrdest. Aber keine Sorge: Welche du dir aussuchst, ist komplett dir \u00fcberlassen!<\/font><\/b>\n <br class=\"clear\" \/>\n <br class=\"clear\" \/>\n\n<\/div>\n<div id=\"frm_field_7554_container\" class=\"frm_form_field form-field  frm_top_container\">\r\n    <label for=\"field_khib1\" class=\"frm_primary_label\"><br class=\"clear\" \/> <p><font size=\"4\" >Wie lautet <i><b>dein perfektes Wochenende<\/b><\/i> einem Satz? <\/font><\/p>\r\n        <span class=\"frm_required\"><\/span>\r\n    <\/label>\r\n    <textarea name=\"item_meta[7554]\" id=\"field_khib1\" rows=\"5\"  data-invmsg=\"&lt;br class=&quot;clear&quot; \/&gt; &lt;p&gt;&lt;font size=&quot;4&quot; &gt;Wie lautet &lt;i&gt;&lt;b&gt;dein perfektes Wochenende&lt;\/b&gt;&lt;\/i&gt; einem Satz? &lt;\/font&gt;&lt;\/p&gt; is invalid\" aria-invalid=\"false\"  ><\/textarea>\r\n    \r\n    \r\n<\/div>\n<div id=\"frm_field_7555_container\" class=\"frm_form_field form-field  frm_top_container\">\r\n    <label for=\"field_4mgaa\" class=\"frm_primary_label\"><br class=\"clear\" \/> <p><font size=\"4\">Die Eventbranche ist sehr<i><b> vielseitig <\/b><\/i> - du scheinst darin einen <i> tollen Arbeitsplatz <\/i> gefunden zu haben. Aber wieso?<\/font><\/p>\r\n        <span class=\"frm_required\"><\/span>\r\n    <\/label>\r\n    <textarea name=\"item_meta[7555]\" id=\"field_4mgaa\" rows=\"5\"  data-invmsg=\"&lt;br class=&quot;clear&quot; \/&gt; &lt;p&gt;&lt;font size=&quot;4&quot;&gt;Die Eventbranche ist sehr&lt;i&gt;&lt;b&gt; vielseitig &lt;\/b&gt;&lt;\/i&gt; - du scheinst darin einen &lt;i&gt; tollen Arbeitsplatz &lt;\/i&gt; gefunden zu haben. Aber wieso?&lt;\/font&gt;&lt;\/p&gt; is invalid\" aria-invalid=\"false\"  ><\/textarea>\r\n    \r\n    \r\n<\/div>\n<div id=\"frm_field_7556_container\" class=\"frm_form_field form-field  frm_top_container\">\r\n    <label for=\"field_vzb4x\" class=\"frm_primary_label\"><br class=\"clear\" \/> <p><i><b><font size=\"4\">Berufliche Weiterentwicklung?! Etwas Neues Lernen?! Na klar! <\/b><\/i>   Aber was genau? <\/font><\/p>\r\n        <span class=\"frm_required\"><\/span>\r\n    <\/label>\r\n    <textarea name=\"item_meta[7556]\" id=\"field_vzb4x\" rows=\"5\"  data-invmsg=\"&lt;br class=&quot;clear&quot; \/&gt; &lt;p&gt;&lt;i&gt;&lt;b&gt;&lt;font size=&quot;4&quot;&gt;Berufliche Weiterentwicklung?! Etwas Neues Lernen?! Na klar! &lt;\/b&gt;&lt;\/i&gt;   Aber was genau? &lt;\/font&gt;&lt;\/p&gt; is invalid\" aria-invalid=\"false\"  ><\/textarea>\r\n    \r\n    \r\n<\/div>\n<div id=\"frm_field_7557_container\" class=\"frm_form_field form-field  frm_top_container\">\r\n    <label for=\"field_8awqq\" class=\"frm_primary_label\"><br class=\"clear\" \/> <p><b><font size=\"4\">SPORT?! <\/b><i>Furchtbar<\/i> oder doch eher <i>ein fester Bestandteil deiner Wochenplanung? <\/i>Zu welcher Aktivit\u00e4t w\u00fcrdest du uns alle einmal mitnehmen?<\/font><\/p>\r\n        <span class=\"frm_required\"><\/span>\r\n    <\/label>\r\n    <textarea name=\"item_meta[7557]\" id=\"field_8awqq\" rows=\"5\"  data-invmsg=\"&lt;br class=&quot;clear&quot; \/&gt; &lt;p&gt;&lt;b&gt;&lt;font size=&quot;4&quot;&gt;SPORT?! &lt;\/b&gt;&lt;i&gt;Furchtbar&lt;\/i&gt; oder doch eher &lt;i&gt;ein fester Bestandteil deiner Wochenplanung? &lt;\/i&gt;Zu welcher Aktivit\u00e4t w\u00fcrdest du uns alle einmal mitnehmen?&lt;\/font&gt;&lt;\/p&gt; is invalid\" aria-invalid=\"false\"  ><\/textarea>\r\n    \r\n    \r\n<\/div>\n<div id=\"frm_field_7558_container\" class=\"frm_form_field form-field  frm_top_container\">\r\n    <label for=\"field_7mwui\" class=\"frm_primary_label\"><br class=\"clear\" \/> <p><font size=\"4\"><b>\"Pack' nur das N\u00f6tigste ein\"<\/b> - Was darf bei dir im <i>Koffer f\u00fcr den n\u00e4chsten Urlaub <\/i><u><b>NICHT<\/b><\/u> fehlen? <\/font><\/p>\r\n        <span class=\"frm_required\"><\/span>\r\n    <\/label>\r\n    <textarea name=\"item_meta[7558]\" id=\"field_7mwui\" rows=\"5\"  data-invmsg=\"&lt;br class=&quot;clear&quot; \/&gt; &lt;p&gt;&lt;font size=&quot;4&quot;&gt;&lt;b&gt;&quot;Pack&#039; nur das N\u00f6tigste ein&quot;&lt;\/b&gt; - Was darf bei dir im &lt;i&gt;Koffer f\u00fcr den n\u00e4chsten Urlaub &lt;\/i&gt;&lt;u&gt;&lt;b&gt;NICHT&lt;\/b&gt;&lt;\/u&gt; fehlen? &lt;\/font&gt;&lt;\/p&gt; is invalid\" aria-invalid=\"false\"  ><\/textarea>\r\n    \r\n    \r\n<\/div>\n<div id=\"frm_field_7559_container\" class=\"frm_form_field form-field  frm_top_container\">\r\n    <label for=\"field_35a7q\" class=\"frm_primary_label\"><br class=\"clear\" \/> <p><font size=\"4\"><b>Welchen Spitznamen<\/b> tr\u00e4gst du unter Freunden?<\/font><\/p>\r\n        <span class=\"frm_required\"><\/span>\r\n    <\/label>\r\n    <textarea name=\"item_meta[7559]\" id=\"field_35a7q\" rows=\"5\"  data-invmsg=\"&lt;br class=&quot;clear&quot; \/&gt; &lt;p&gt;&lt;font size=&quot;4&quot;&gt;&lt;b&gt;Welchen Spitznamen&lt;\/b&gt; tr\u00e4gst du unter Freunden?&lt;\/font&gt;&lt;\/p&gt; is invalid\" aria-invalid=\"false\"  ><\/textarea>\r\n    \r\n    \r\n<\/div>\n<div id=\"frm_field_7560_container\" class=\"frm_form_field form-field  frm_top_container\">\r\n    <label for=\"field_dgmhp\" class=\"frm_primary_label\"><br class=\"clear\" \/> <p><b><i><font size=\"4\">Indien? Australien?<\/i><\/b> Oder doch die <b><i>Bayrischen Alpen<\/i><\/b>? Wenn du die <i>freie Wahl<\/i> h\u00e4ttest, <i>wohin<\/i> w\u00fcrdest du verreisen? <\/font><\/p>\r\n        <span class=\"frm_required\"><\/span>\r\n    <\/label>\r\n    <textarea name=\"item_meta[7560]\" id=\"field_dgmhp\" rows=\"5\"  data-invmsg=\"&lt;br class=&quot;clear&quot; \/&gt; &lt;p&gt;&lt;b&gt;&lt;i&gt;&lt;font size=&quot;4&quot;&gt;Indien? Australien?&lt;\/i&gt;&lt;\/b&gt; Oder doch die &lt;b&gt;&lt;i&gt;Bayrischen Alpen&lt;\/i&gt;&lt;\/b&gt;? Wenn du die &lt;i&gt;freie Wahl&lt;\/i&gt; h\u00e4ttest, &lt;i&gt;wohin&lt;\/i&gt; w\u00fcrdest du verreisen? &lt;\/font&gt;&lt;\/p&gt; is invalid\" aria-invalid=\"false\"  ><\/textarea>\r\n    \r\n    \r\n<\/div>\n<div id=\"frm_field_7561_container\" class=\"frm_form_field form-field  frm_top_container\">\r\n    <label for=\"field_79tij\" class=\"frm_primary_label\"><br class=\"clear\" \/> <p><font size=\"4\"><b>Club, Kino<\/b> oder <b>Couch?<\/b><\/font><\/p>\r\n        <span class=\"frm_required\"><\/span>\r\n    <\/label>\r\n    <textarea name=\"item_meta[7561]\" id=\"field_79tij\" rows=\"5\"  data-invmsg=\"&lt;br class=&quot;clear&quot; \/&gt; &lt;p&gt;&lt;font size=&quot;4&quot;&gt;&lt;b&gt;Club, Kino&lt;\/b&gt; oder &lt;b&gt;Couch?&lt;\/b&gt;&lt;\/font&gt;&lt;\/p&gt; is invalid\" aria-invalid=\"false\"  ><\/textarea>\r\n    \r\n    \r\n<\/div>\n<div id=\"frm_field_7562_container\" class=\"frm_form_field form-field  frm_top_container\">\r\n    <label for=\"field_atk2k\" class=\"frm_primary_label\"><br class=\"clear\" \/> <p><font size=\"4\"><i>Springst<\/i> du am Morgen aus dem Bett oder <i> \u201esnoooozed\u201c <\/i>du lieber noch?<\/font><\/p>\r\n        <span class=\"frm_required\"><\/span>\r\n    <\/label>\r\n    <textarea name=\"item_meta[7562]\" id=\"field_atk2k\" rows=\"5\"  data-invmsg=\"&lt;br class=&quot;clear&quot; \/&gt; &lt;p&gt;&lt;font size=&quot;4&quot;&gt;&lt;i&gt;Springst&lt;\/i&gt; du am Morgen aus dem Bett oder &lt;i&gt; \u201esnoooozed\u201c &lt;\/i&gt;du lieber noch?&lt;\/font&gt;&lt;\/p&gt; is invalid\" aria-invalid=\"false\"  ><\/textarea>\r\n    \r\n    \r\n<\/div>\n<div id=\"frm_field_7563_container\" class=\"frm_form_field form-field  frm_top_container\">\r\n    <label for=\"field_sxudc\" class=\"frm_primary_label\"><br class=\"clear\" \/> <p><font size=\"4\">Das <b>Watergate<\/b> oder die<b> alte Kantine?<\/b> Oder vielleicht doch das <b> Pearl?<\/b><\/font><\/p>\r\n        <span class=\"frm_required\"><\/span>\r\n    <\/label>\r\n    <textarea name=\"item_meta[7563]\" id=\"field_sxudc\" rows=\"5\"  data-invmsg=\"&lt;br class=&quot;clear&quot; \/&gt; &lt;p&gt;&lt;font size=&quot;4&quot;&gt;Das &lt;b&gt;Watergate&lt;\/b&gt; oder die&lt;b&gt; alte Kantine?&lt;\/b&gt; Oder vielleicht doch das &lt;b&gt; Pearl?&lt;\/b&gt;&lt;\/font&gt;&lt;\/p&gt; is invalid\" aria-invalid=\"false\"  ><\/textarea>\r\n    \r\n    \r\n<\/div>\n<div id=\"frm_field_7564_container\" class=\"frm_form_field form-field  frm_top_container\">\r\n    <label for=\"field_kxzm7\" class=\"frm_primary_label\"><br class=\"clear\" \/> <p><i><b><font size=\"4\">Superman <\/b><\/i> oder<i><b>  Batman?<\/b><\/i><\/p>\r\n        <span class=\"frm_required\"><\/span>\r\n    <\/label>\r\n    <textarea name=\"item_meta[7564]\" id=\"field_kxzm7\" rows=\"5\"  data-invmsg=\"&lt;br class=&quot;clear&quot; \/&gt; &lt;p&gt;&lt;i&gt;&lt;b&gt;&lt;font size=&quot;4&quot;&gt;Superman &lt;\/b&gt;&lt;\/i&gt; oder&lt;i&gt;&lt;b&gt;  Batman?&lt;\/b&gt;&lt;\/i&gt;&lt;\/p&gt; is invalid\" aria-invalid=\"false\"  ><\/textarea>\r\n    \r\n    \r\n<\/div>\n<div id=\"frm_field_7565_container\" class=\"frm_form_field form-field  frm_top_container\">\r\n    <label for=\"field_13xn9\" class=\"frm_primary_label\"><br class=\"clear\" \/> <p><font size=\"4\">Was kannst du uns noch <i>von dir<\/i> erz\u00e4hlen? <\/font><\/p>\r\n        <span class=\"frm_required\"><\/span>\r\n    <\/label>\r\n    <textarea name=\"item_meta[7565]\" id=\"field_13xn9\" rows=\"5\"  data-invmsg=\"&lt;br class=&quot;clear&quot; \/&gt; &lt;p&gt;&lt;font size=&quot;4&quot;&gt;Was kannst du uns noch &lt;i&gt;von dir&lt;\/i&gt; erz\u00e4hlen? &lt;\/font&gt;&lt;\/p&gt; is invalid\" aria-invalid=\"false\"  ><\/textarea>\r\n    \r\n    \r\n<\/div>\n<div id=\"frm_field_7566_container\" class=\"frm_form_field form-field  frm_top_container\">\r\n    <label for=\"field_2ky36\" class=\"frm_primary_label\"><br class=\"clear\" \/> <p><font size=\"4\"> Hast du Lust deine Kollegen auch auf Social Media kennenzulernen? Dann verrate uns hier gerne deinen Instagram-Namen:  <\/p>\r\n        <span class=\"frm_required\"><\/span>\r\n    <\/label>\r\n    <textarea name=\"item_meta[7566]\" id=\"field_2ky36\" rows=\"5\"  data-invmsg=\"&lt;br class=&quot;clear&quot; \/&gt; &lt;p&gt;&lt;font size=&quot;4&quot;&gt; Hast du Lust deine Kollegen auch auf Social Media kennenzulernen? Dann verrate uns hier gerne deinen Instagram-Namen:  &lt;\/p&gt; is invalid\" aria-invalid=\"false\"  ><\/textarea>\r\n    \r\n    \r\n<\/div>\n\t<input type=\"hidden\" name=\"item_key\" value=\"\" \/>\n\t\t\t<div id=\"frm_field_17301_container\">\n\t\t\t<label for=\"field_sac70\" >\n\t\t\t\tIf you are human, leave this field blank.\t\t\t<\/label>\n\t\t\t<input  id=\"field_sac70\" type=\"text\" class=\"frm_form_field form-field frm_verify\" name=\"item_meta[17301]\" value=\"\"  \/>\n\t\t<\/div>\n\t\t<input name=\"frm_state\" type=\"hidden\" value=\"AGSLyrCb3bBE34iIkd6mifn3O2O1JavNJpGTCMPlF1Ax0RRtoDdWCt1YGYsUYXlK\" \/><div class=\"frm_submit\">\r\n\r\n<button class=\"frm_button_submit frm_final_submit\" type=\"submit\"  >Senden!<\/button>\r\n\r\n<\/div><\/div>\n<\/fieldset>\n<\/div>\n\n<\/form>\n<\/div>\n<\/div>\t\t\t\t<\/div>\n\t\t\t\t<\/div>\n\t\t\t\t\t<\/div>\n\t\t<\/div>\n\t\t\t\t\t<\/div>\n\t\t<\/section>\n\t\t\t\t<\/div>\n\t\t","protected":false},"excerpt":{"rendered":"<p>INTERVIEWFRAGEN F\u00dcR NEUE MITARBEITER WILLKOMMEN IM TEAM! Um dich als unser neues Teammitglied besser kennenzulernen, m\u00f6chten wir dich bitten, uns ein bisschen von dir zu erz\u00e4hlen. Wir freuen uns auf die Zusammenarbeit.<\/p>","protected":false},"author":9,"featured_media":0,"parent":4332,"menu_order":32,"comment_status":"closed","ping_status":"closed","template":"","meta":{"footnotes":""},"class_list":["post-19277","page","type-page","status-publish","hentry"],"_links":{"self":[{"href":"https:\/\/faro-gruppe.de\/en\/wp-json\/wp\/v2\/pages\/19277","targetHints":{"allow":["GET"]}}],"collection":[{"href":"https:\/\/faro-gruppe.de\/en\/wp-json\/wp\/v2\/pages"}],"about":[{"href":"https:\/\/faro-gruppe.de\/en\/wp-json\/wp\/v2\/types\/page"}],"author":[{"embeddable":true,"href":"https:\/\/faro-gruppe.de\/en\/wp-json\/wp\/v2\/users\/9"}],"replies":[{"embeddable":true,"href":"https:\/\/faro-gruppe.de\/en\/wp-json\/wp\/v2\/comments?post=19277"}],"version-history":[{"count":10,"href":"https:\/\/faro-gruppe.de\/en\/wp-json\/wp\/v2\/pages\/19277\/revisions"}],"predecessor-version":[{"id":148584,"href":"https:\/\/faro-gruppe.de\/en\/wp-json\/wp\/v2\/pages\/19277\/revisions\/148584"}],"up":[{"embeddable":true,"href":"https:\/\/faro-gruppe.de\/en\/wp-json\/wp\/v2\/pages\/4332"}],"wp:attachment":[{"href":"https:\/\/faro-gruppe.de\/en\/wp-json\/wp\/v2\/media?parent=19277"}],"curies":[{"name":"wp","href":"https:\/\/api.w.org\/{rel}","templated":true}]}}