{"id":24555,"date":"2022-02-15T14:03:13","date_gmt":"2022-02-15T13:03:13","guid":{"rendered":"https:\/\/faro-gruppe.de\/?page_id=24555"},"modified":"2025-06-20T15:29:15","modified_gmt":"2025-06-20T13:29:15","slug":"arrival-visit","status":"publish","type":"page","link":"https:\/\/faro-gruppe.de\/en\/locations\/rivo-spreeterrassen\/kundenbereich\/anreise-besichtigung\/","title":{"rendered":"Arrival Sightseeing - Rivo Spreeterrassen"},"content":{"rendered":"<div data-elementor-type=\"wp-page\" data-elementor-id=\"24555\" class=\"elementor elementor-24555\" data-elementor-settings=\"{&quot;ha_cmc_init_switcher&quot;:&quot;no&quot;}\" data-elementor-post-type=\"page\">\n\t\t\t\t\t\t<section class=\"elementor-section elementor-top-section elementor-element elementor-element-376c02c elementor-section-height-min-height elementor-section-boxed elementor-section-height-default elementor-section-items-middle\" data-id=\"376c02c\" data-element_type=\"section\" data-e-type=\"section\" data-settings=\"{&quot;background_background&quot;:&quot;classic&quot;,&quot;background_image&quot;:{&quot;url&quot;:&quot;https:\\\/\\\/faro-gruppe.de\\\/wp-content\\\/uploads\\\/2021\\\/08\\\/spreespeicher-osthafen-winter-scaled.jpg&quot;,&quot;id&quot;:9840,&quot;size&quot;:&quot;&quot;,&quot;alt&quot;:&quot;&quot;,&quot;source&quot;:&quot;library&quot;},&quot;parallax_background_enable&quot;:&quot;yes&quot;,&quot;parallax_background_speed&quot;:{&quot;unit&quot;:&quot;px&quot;,&quot;size&quot;:1,&quot;sizes&quot;:[]},&quot;background_image_tablet&quot;:{&quot;url&quot;:&quot;&quot;,&quot;id&quot;:&quot;&quot;,&quot;size&quot;:&quot;&quot;},&quot;background_image_mobile&quot;:{&quot;url&quot;:&quot;&quot;,&quot;id&quot;:&quot;&quot;,&quot;size&quot;:&quot;&quot;},&quot;parallax_background_speed_tablet&quot;:{&quot;unit&quot;:&quot;px&quot;,&quot;size&quot;:&quot;&quot;,&quot;sizes&quot;:[]},&quot;parallax_background_speed_mobile&quot;:{&quot;unit&quot;:&quot;px&quot;,&quot;size&quot;:&quot;&quot;,&quot;sizes&quot;:[]},&quot;parallax_background_direction&quot;:&quot;down&quot;,&quot;_ha_eqh_enable&quot;:false}\">\n\t\t\t\t\t\t\t<div class=\"elementor-background-overlay\"><\/div>\n\t\t\t\t\t\t\t<div class=\"elementor-container elementor-column-gap-default\">\n\t\t\t\t\t<div class=\"elementor-column elementor-col-100 elementor-top-column elementor-element elementor-element-6a99045\" data-id=\"6a99045\" data-element_type=\"column\" data-e-type=\"column\">\n\t\t\t<div class=\"elementor-widget-wrap elementor-element-populated\">\n\t\t\t\t\t\t<div class=\"elementor-element elementor-element-185fac8 elementor-widget elementor-widget-heading\" data-id=\"185fac8\" data-element_type=\"widget\" data-e-type=\"widget\" data-widget_type=\"heading.default\">\n\t\t\t\t<div class=\"elementor-widget-container\">\n\t\t\t\t\t<h1 class=\"elementor-heading-title elementor-size-default\">Arrival RIVO Spreeterrassen<\/h1>\t\t\t\t<\/div>\n\t\t\t\t<\/div>\n\t\t\t\t\t<\/div>\n\t\t<\/div>\n\t\t\t\t\t<\/div>\n\t\t<\/section>\n\t\t\t\t<section class=\"elementor-section elementor-top-section elementor-element elementor-element-327ae63 elementor-section-boxed elementor-section-height-default elementor-section-height-default\" data-id=\"327ae63\" data-element_type=\"section\" data-e-type=\"section\" data-settings=\"{&quot;_ha_eqh_enable&quot;:false}\">\n\t\t\t\t\t\t<div class=\"elementor-container elementor-column-gap-default\">\n\t\t\t\t\t<div class=\"elementor-column elementor-col-100 elementor-top-column elementor-element elementor-element-bb81756\" data-id=\"bb81756\" data-element_type=\"column\" data-e-type=\"column\">\n\t\t\t<div class=\"elementor-widget-wrap elementor-element-populated\">\n\t\t\t\t\t\t<div class=\"elementor-element elementor-element-41d9923 elementor-widget elementor-widget-heading\" data-id=\"41d9923\" data-element_type=\"widget\" data-e-type=\"widget\" data-widget_type=\"heading.default\">\n\t\t\t\t<div class=\"elementor-widget-container\">\n\t\t\t\t\t<h2 class=\"elementor-heading-title elementor-size-default\">DIRECTIONS<\/h2>\t\t\t\t<\/div>\n\t\t\t\t<\/div>\n\t\t\t\t<div class=\"elementor-element elementor-element-fe12f98 elementor-widget-divider--view-line elementor-widget elementor-widget-divider\" data-id=\"fe12f98\" data-element_type=\"widget\" data-e-type=\"widget\" data-widget_type=\"divider.default\">\n\t\t\t\t<div class=\"elementor-widget-container\">\n\t\t\t\t\t\t\t<div class=\"elementor-divider\">\n\t\t\t<span class=\"elementor-divider-separator\">\n\t\t\t\t\t\t<\/span>\n\t\t<\/div>\n\t\t\t\t\t\t<\/div>\n\t\t\t\t<\/div>\n\t\t\t\t\t<\/div>\n\t\t<\/div>\n\t\t\t\t\t<\/div>\n\t\t<\/section>\n\t\t\t\t<section class=\"elementor-section elementor-top-section elementor-element elementor-element-fdfba73 elementor-section-boxed elementor-section-height-default elementor-section-height-default\" data-id=\"fdfba73\" data-element_type=\"section\" data-e-type=\"section\" data-settings=\"{&quot;_ha_eqh_enable&quot;:false}\">\n\t\t\t\t\t\t<div class=\"elementor-container elementor-column-gap-default\">\n\t\t\t\t\t<div class=\"elementor-column elementor-col-50 elementor-top-column elementor-element elementor-element-82f14e8\" data-id=\"82f14e8\" data-element_type=\"column\" data-e-type=\"column\">\n\t\t\t<div class=\"elementor-widget-wrap elementor-element-populated\">\n\t\t\t\t\t\t<div class=\"elementor-element elementor-element-9b017b6 ha-has-bg-overlay elementor-widget elementor-widget-heading\" data-id=\"9b017b6\" data-element_type=\"widget\" data-e-type=\"widget\" data-widget_type=\"heading.default\">\n\t\t\t\t<div class=\"elementor-widget-container\">\n\t\t\t\t\t<h3 class=\"elementor-heading-title elementor-size-default\">Address<\/h3>\t\t\t\t<\/div>\n\t\t\t\t<\/div>\n\t\t\t\t<div class=\"elementor-element elementor-element-d8c89fb elementor-widget elementor-widget-text-editor\" data-id=\"d8c89fb\" data-element_type=\"widget\" data-e-type=\"widget\" data-widget_type=\"text-editor.default\">\n\t\t\t\t<div class=\"elementor-widget-container\">\n\t\t\t\t\t\t\t\t\t<p>May-Ayim-Ufer 9, 10997 Berlin<span style=\"color: var( --e-global-color-text ); font-family: var( --e-global-typography-text-font-family ), Sans-serif; font-size: 1rem; font-weight: var( --e-global-typography-text-font-weight );\">\u00a0<\/span><\/p>\t\t\t\t\t\t\t\t<\/div>\n\t\t\t\t<\/div>\n\t\t\t\t<div class=\"elementor-element elementor-element-3b71c8f ha-has-bg-overlay elementor-widget elementor-widget-heading\" data-id=\"3b71c8f\" data-element_type=\"widget\" data-e-type=\"widget\" data-widget_type=\"heading.default\">\n\t\t\t\t<div class=\"elementor-widget-container\">\n\t\t\t\t\t<h3 class=\"elementor-heading-title elementor-size-default\">Parking spaces<\/h3>\t\t\t\t<\/div>\n\t\t\t\t<\/div>\n\t\t\t\t<div class=\"elementor-element elementor-element-e181167 elementor-widget elementor-widget-text-editor\" data-id=\"e181167\" data-element_type=\"widget\" data-e-type=\"widget\" data-widget_type=\"text-editor.default\">\n\t\t\t\t<div class=\"elementor-widget-container\">\n\t\t\t\t\t\t\t\t\t<p>During the day, we recommend using the parking spaces at K\u00f6penicker Stra\u00dfe 11 or the underground car park of the neighbouring Hotel nhow-Berlin. Otherwise, you can also use the parking spaces across the street from the Spreespeicher in the Naglerstra\u00dfe or Ehrenbergstra\u00dfe parking zone.<\/p>\t\t\t\t\t\t\t\t<\/div>\n\t\t\t\t<\/div>\n\t\t\t\t<div class=\"elementor-element elementor-element-d731ec5 ha-has-bg-overlay elementor-widget elementor-widget-heading\" data-id=\"d731ec5\" data-element_type=\"widget\" data-e-type=\"widget\" data-widget_type=\"heading.default\">\n\t\t\t\t<div class=\"elementor-widget-container\">\n\t\t\t\t\t<h3 class=\"elementor-heading-title elementor-size-default\">Public transport<\/h3>\t\t\t\t<\/div>\n\t\t\t\t<\/div>\n\t\t\t\t<div class=\"elementor-element elementor-element-d1133c6 elementor-widget elementor-widget-text-editor\" data-id=\"d1133c6\" data-element_type=\"widget\" data-e-type=\"widget\" data-widget_type=\"text-editor.default\">\n\t\t\t\t<div class=\"elementor-widget-container\">\n\t\t\t\t\t\t\t\t\t<p>All public transport options are within a radius of only 600 metres. The S+U station \"Warschauer Stra\u00dfe\" is served by the S-Bahn and U-Bahn as well as the M10 tram. If you are travelling from Berlin Hauptbahnhof or Berlin Ostbahnhof, you can use the S-Bahn. The bus stop \"Oberbaumbr\u00fccke\" is located directly at the corner of Stralauer Allee and Warschauer Stra\u00dfe. The underground station Schlesisches Tor is also in the immediate vicinity.<\/p>\t\t\t\t\t\t\t\t<\/div>\n\t\t\t\t<\/div>\n\t\t\t\t\t<\/div>\n\t\t<\/div>\n\t\t\t\t<div class=\"elementor-column elementor-col-50 elementor-top-column elementor-element elementor-element-04d946d\" data-id=\"04d946d\" data-element_type=\"column\" data-e-type=\"column\">\n\t\t\t<div class=\"elementor-widget-wrap elementor-element-populated\">\n\t\t\t\t\t\t<div class=\"elementor-element elementor-element-99c7f66 ha-has-bg-overlay elementor-widget elementor-widget-heading\" data-id=\"99c7f66\" data-element_type=\"widget\" data-e-type=\"widget\" data-widget_type=\"heading.default\">\n\t\t\t\t<div class=\"elementor-widget-container\">\n\t\t\t\t\t<h3 class=\"elementor-heading-title elementor-size-default\">Deutsche Bahn event ticket (100% green electricity)<\/h3>\t\t\t\t<\/div>\n\t\t\t\t<\/div>\n\t\t\t\t<div class=\"elementor-element elementor-element-66e77a8 elementor-widget elementor-widget-text-editor\" data-id=\"66e77a8\" data-element_type=\"widget\" data-e-type=\"widget\" data-widget_type=\"text-editor.default\">\n\t\t\t\t<div class=\"elementor-widget-container\">\n\t\t\t\t\t\t\t\t\t<p><img decoding=\"async\" class=\"wp-image-26394 alignleft\" src=\"https:\/\/faro-gruppe.de\/wp-content\/uploads\/2022\/03\/deutsche-bahn-logo.png\" alt=\"\" width=\"73\" height=\"52\" \/><\/p><p>Book your journey with the Best Price at a fixed price. Round trip for \u20ac109.90.<\/p>\t\t\t\t\t\t\t\t<\/div>\n\t\t\t\t<\/div>\n\t\t\t\t<section class=\"elementor-section elementor-inner-section elementor-element elementor-element-03f440e elementor-section-boxed elementor-section-height-default elementor-section-height-default\" data-id=\"03f440e\" data-element_type=\"section\" data-e-type=\"section\" data-settings=\"{&quot;_ha_eqh_enable&quot;:false}\">\n\t\t\t\t\t\t<div class=\"elementor-container elementor-column-gap-default\">\n\t\t\t\t\t<div class=\"elementor-column elementor-col-100 elementor-inner-column elementor-element elementor-element-481384d\" data-id=\"481384d\" data-element_type=\"column\" data-e-type=\"column\">\n\t\t\t<div class=\"elementor-widget-wrap elementor-element-populated\">\n\t\t\t\t\t\t<div class=\"elementor-element elementor-element-3ebd400 elementor-widget elementor-widget-text-editor\" data-id=\"3ebd400\" data-element_type=\"widget\" data-e-type=\"widget\" data-widget_type=\"text-editor.default\">\n\t\t\t\t<div class=\"elementor-widget-container\">\n\t\t\t\t\t\t\t\t\t<p>Search for a connection now:<br \/>www.spreespeicher-events.de\/veranstaltungsticket<\/p>\t\t\t\t\t\t\t\t<\/div>\n\t\t\t\t<\/div>\n\t\t\t\t\t<\/div>\n\t\t<\/div>\n\t\t\t\t\t<\/div>\n\t\t<\/section>\n\t\t\t\t<div class=\"elementor-element elementor-element-5927609 ha-has-bg-overlay elementor-widget elementor-widget-heading\" data-id=\"5927609\" data-element_type=\"widget\" data-e-type=\"widget\" data-widget_type=\"heading.default\">\n\t\t\t\t<div class=\"elementor-widget-container\">\n\t\t\t\t\t<h3 class=\"elementor-heading-title elementor-size-default\">Arrival from the airport<\/h3>\t\t\t\t<\/div>\n\t\t\t\t<\/div>\n\t\t\t\t<div class=\"elementor-element elementor-element-f312fd4 elementor-widget elementor-widget-text-editor\" data-id=\"f312fd4\" data-element_type=\"widget\" data-e-type=\"widget\" data-widget_type=\"text-editor.default\">\n\t\t\t\t<div class=\"elementor-widget-container\">\n\t\t\t\t\t\t\t\t\t<p>From BER airport, take the S9 in the direction of Spandaus Bhf and get off at Warschauer Stra\u00dfe. From there, walk up Warschauer Stra\u00dfe towards the Spree and you will be with us in less than 10 minutes.<\/p>\t\t\t\t\t\t\t\t<\/div>\n\t\t\t\t<\/div>\n\t\t\t\t\t<\/div>\n\t\t<\/div>\n\t\t\t\t\t<\/div>\n\t\t<\/section>\n\t\t\t\t<section class=\"elementor-section elementor-top-section elementor-element elementor-element-bde006a elementor-section-boxed elementor-section-height-default elementor-section-height-default\" data-id=\"bde006a\" data-element_type=\"section\" data-e-type=\"section\" data-settings=\"{&quot;_ha_eqh_enable&quot;:false}\">\n\t\t\t\t\t\t<div class=\"elementor-container elementor-column-gap-default\">\n\t\t\t\t\t<div class=\"elementor-column elementor-col-100 elementor-top-column elementor-element elementor-element-e2aaadb\" data-id=\"e2aaadb\" data-element_type=\"column\" data-e-type=\"column\">\n\t\t\t<div class=\"elementor-widget-wrap elementor-element-populated\">\n\t\t\t\t\t\t<div class=\"elementor-element elementor-element-13393d9 elementor-widget-divider--view-line elementor-widget elementor-widget-divider\" data-id=\"13393d9\" data-element_type=\"widget\" data-e-type=\"widget\" data-widget_type=\"divider.default\">\n\t\t\t\t<div class=\"elementor-widget-container\">\n\t\t\t\t\t\t\t<div class=\"elementor-divider\">\n\t\t\t<span class=\"elementor-divider-separator\">\n\t\t\t\t\t\t<\/span>\n\t\t<\/div>\n\t\t\t\t\t\t<\/div>\n\t\t\t\t<\/div>\n\t\t\t\t\t<\/div>\n\t\t<\/div>\n\t\t\t\t\t<\/div>\n\t\t<\/section>\n\t\t\t\t<section class=\"elementor-section elementor-top-section elementor-element elementor-element-3981113 elementor-section-full_width elementor-section-height-default elementor-section-height-default\" data-id=\"3981113\" data-element_type=\"section\" data-e-type=\"section\" data-settings=\"{&quot;_ha_eqh_enable&quot;:false}\">\n\t\t\t\t\t\t<div class=\"elementor-container elementor-column-gap-default\">\n\t\t\t\t\t<div class=\"elementor-column elementor-col-100 elementor-top-column elementor-element elementor-element-aa9a4bd\" data-id=\"aa9a4bd\" data-element_type=\"column\" data-e-type=\"column\">\n\t\t\t<div class=\"elementor-widget-wrap elementor-element-populated\">\n\t\t\t\t\t\t<div class=\"elementor-element elementor-element-420e2db elementor-widget elementor-widget-heading\" data-id=\"420e2db\" data-element_type=\"widget\" data-e-type=\"widget\" data-widget_type=\"heading.default\">\n\t\t\t\t<div class=\"elementor-widget-container\">\n\t\t\t\t\t<h2 class=\"elementor-heading-title elementor-size-default\">Arrival with Google Maps<\/h2>\t\t\t\t<\/div>\n\t\t\t\t<\/div>\n\t\t\t\t<div class=\"elementor-element elementor-element-d5dd957 elementor-widget elementor-widget-google_maps\" data-id=\"d5dd957\" data-element_type=\"widget\" data-e-type=\"widget\" data-widget_type=\"google_maps.default\">\n\t\t\t\t<div class=\"elementor-widget-container\">\n\t\t\t\t\t\t\t<div class=\"elementor-custom-embed\">\n\t\t\t<iframe loading=\"lazy\"\n\t\t\t\t\tsrc=\"https:\/\/maps.google.com\/maps?q=rivo%20spreeterrassen&#038;t=m&#038;z=14&#038;output=embed&#038;iwloc=near\"\n\t\t\t\t\ttitle=\"rivo spreeterrassen\"\n\t\t\t\t\taria-label=\"rivo spreeterrassen\"\n\t\t\t><\/iframe>\n\t\t<\/div>\n\t\t\t\t\t\t<\/div>\n\t\t\t\t<\/div>\n\t\t\t\t\t<\/div>\n\t\t<\/div>\n\t\t\t\t\t<\/div>\n\t\t<\/section>\n\t\t\t\t<\/div>","protected":false},"excerpt":{"rendered":"<p>Anreise RIVO Spreeterrassen WEGBESCHREIBUNG Anschrift May-Ayim-Ufer 9, 10997 Berlin\u00a0 Parkpl\u00e4tze Tags\u00fcber empfehlen wir Ihnen die Parkpl\u00e4tze in der K\u00f6penicker Stra\u00dfe 11 oder die Tiefgarage des benachbarten Hotels nhow-Berlin. Ansonsten k\u00f6nne Sie auch die auf der gegen\u00fcberliegenden Stra\u00dfenseite des Spreespeichers liegenden Parkpl\u00e4tze in der Parkzone Naglerstra\u00dfe oder Ehrenbergstra\u00dfe nutzen. \u00d6ffentliche Verkehrsmittel Im Umkreis von nur 600 [&hellip;]\u2026<\/p>\n","protected":false},"author":9,"featured_media":0,"parent":58971,"menu_order":34,"comment_status":"closed","ping_status":"closed","template":"","meta":{"footnotes":""},"class_list":["post-24555","page","type-page","status-publish","hentry"],"_links":{"self":[{"href":"https:\/\/faro-gruppe.de\/en\/wp-json\/wp\/v2\/pages\/24555","targetHints":{"allow":["GET"]}}],"collection":[{"href":"https:\/\/faro-gruppe.de\/en\/wp-json\/wp\/v2\/pages"}],"about":[{"href":"https:\/\/faro-gruppe.de\/en\/wp-json\/wp\/v2\/types\/page"}],"author":[{"embeddable":true,"href":"https:\/\/faro-gruppe.de\/en\/wp-json\/wp\/v2\/users\/9"}],"replies":[{"embeddable":true,"href":"https:\/\/faro-gruppe.de\/en\/wp-json\/wp\/v2\/comments?post=24555"}],"version-history":[{"count":11,"href":"https:\/\/faro-gruppe.de\/en\/wp-json\/wp\/v2\/pages\/24555\/revisions"}],"predecessor-version":[{"id":147151,"href":"https:\/\/faro-gruppe.de\/en\/wp-json\/wp\/v2\/pages\/24555\/revisions\/147151"}],"up":[{"embeddable":true,"href":"https:\/\/faro-gruppe.de\/en\/wp-json\/wp\/v2\/pages\/58971"}],"wp:attachment":[{"href":"https:\/\/faro-gruppe.de\/en\/wp-json\/wp\/v2\/media?parent=24555"}],"curies":[{"name":"wp","href":"https:\/\/api.w.org\/{rel}","templated":true}]}}