{"id":59483,"date":"2022-06-23T00:14:48","date_gmt":"2022-06-22T22:14:48","guid":{"rendered":"https:\/\/faro-gruppe.de\/?page_id=59483"},"modified":"2023-04-25T13:53:59","modified_gmt":"2023-04-25T11:53:59","slug":"buffet-maritime","status":"publish","type":"page","link":"https:\/\/faro-gruppe.de\/en\/locations\/rivo-spreeterrassen\/kundenbereich\/catering\/speisenauswahl-3\/buffet-maritim\/","title":{"rendered":"Buffet Maritime"},"content":{"rendered":"<div data-elementor-type=\"wp-page\" data-elementor-id=\"59483\" class=\"elementor elementor-59483\" data-elementor-settings=\"{&quot;ha_cmc_init_switcher&quot;:&quot;no&quot;}\" data-elementor-post-type=\"page\">\n\t\t\t\t\t\t<section class=\"elementor-section elementor-top-section elementor-element elementor-element-82a5a97 elementor-section-height-min-height elementor-section-boxed elementor-section-height-default elementor-section-items-middle\" data-id=\"82a5a97\" data-element_type=\"section\" data-e-type=\"section\" data-settings=\"{&quot;background_background&quot;:&quot;classic&quot;,&quot;background_image&quot;:{&quot;url&quot;:&quot;https:\\\/\\\/faro-gruppe.de\\\/wp-content\\\/uploads\\\/2022\\\/06\\\/rivo-burrata.jpg&quot;,&quot;id&quot;:62848,&quot;size&quot;:&quot;&quot;,&quot;alt&quot;:&quot;&quot;,&quot;source&quot;:&quot;library&quot;},&quot;parallax_background_enable&quot;:&quot;yes&quot;,&quot;parallax_background_speed&quot;:{&quot;unit&quot;:&quot;px&quot;,&quot;size&quot;:1,&quot;sizes&quot;:[]},&quot;background_image_tablet&quot;:{&quot;url&quot;:&quot;&quot;,&quot;id&quot;:&quot;&quot;,&quot;size&quot;:&quot;&quot;},&quot;background_image_mobile&quot;:{&quot;url&quot;:&quot;&quot;,&quot;id&quot;:&quot;&quot;,&quot;size&quot;:&quot;&quot;},&quot;parallax_background_speed_tablet&quot;:{&quot;unit&quot;:&quot;px&quot;,&quot;size&quot;:&quot;&quot;,&quot;sizes&quot;:[]},&quot;parallax_background_speed_mobile&quot;:{&quot;unit&quot;:&quot;px&quot;,&quot;size&quot;:&quot;&quot;,&quot;sizes&quot;:[]},&quot;parallax_background_direction&quot;:&quot;down&quot;,&quot;_ha_eqh_enable&quot;:false}\">\n\t\t\t\t\t\t\t<div class=\"elementor-background-overlay\"><\/div>\n\t\t\t\t\t\t\t<div class=\"elementor-container elementor-column-gap-default\">\n\t\t\t\t\t<div class=\"elementor-column elementor-col-100 elementor-top-column elementor-element elementor-element-c82008e\" data-id=\"c82008e\" data-element_type=\"column\" data-e-type=\"column\">\n\t\t\t<div class=\"elementor-widget-wrap elementor-element-populated\">\n\t\t\t\t\t\t<div class=\"elementor-element elementor-element-c30caf3 elementor-widget elementor-widget-theme-post-title elementor-page-title elementor-widget-heading\" data-id=\"c30caf3\" data-element_type=\"widget\" data-e-type=\"widget\" data-widget_type=\"theme-post-title.default\">\n\t\t\t\t<div class=\"elementor-widget-container\">\n\t\t\t\t\t<h1 class=\"elementor-heading-title elementor-size-default\">Buffet Maritime<\/h1>\t\t\t\t<\/div>\n\t\t\t\t<\/div>\n\t\t\t\t\t<\/div>\n\t\t<\/div>\n\t\t\t\t\t<\/div>\n\t\t<\/section>\n\t\t\t\t<section class=\"elementor-section elementor-top-section elementor-element elementor-element-57a3551 elementor-section-boxed elementor-section-height-default elementor-section-height-default\" data-id=\"57a3551\" data-element_type=\"section\" data-e-type=\"section\" data-settings=\"{&quot;_ha_eqh_enable&quot;:false}\">\n\t\t\t\t\t\t<div class=\"elementor-container elementor-column-gap-default\">\n\t\t\t\t\t<div class=\"elementor-column elementor-col-100 elementor-top-column elementor-element elementor-element-8766985\" data-id=\"8766985\" data-element_type=\"column\" data-e-type=\"column\">\n\t\t\t<div class=\"elementor-widget-wrap\">\n\t\t\t\t\t\t\t<\/div>\n\t\t<\/div>\n\t\t\t\t\t<\/div>\n\t\t<\/section>\n\t\t\t\t<section class=\"elementor-section elementor-top-section elementor-element elementor-element-315f215 elementor-section-boxed elementor-section-height-default elementor-section-height-default\" data-id=\"315f215\" data-element_type=\"section\" data-e-type=\"section\" data-settings=\"{&quot;_ha_eqh_enable&quot;:false}\">\n\t\t\t\t\t\t<div class=\"elementor-container elementor-column-gap-default\">\n\t\t\t\t\t<div class=\"elementor-column elementor-col-100 elementor-top-column elementor-element elementor-element-91cee63\" data-id=\"91cee63\" data-element_type=\"column\" data-e-type=\"column\">\n\t\t\t<div class=\"elementor-widget-wrap elementor-element-populated\">\n\t\t\t\t\t\t<div class=\"elementor-element elementor-element-94276c6 elementor-widget elementor-widget-heading\" data-id=\"94276c6\" data-element_type=\"widget\" data-e-type=\"widget\" data-widget_type=\"heading.default\">\n\t\t\t\t<div class=\"elementor-widget-container\">\n\t\t\t\t\t<h2 class=\"elementor-heading-title elementor-size-default\">Discover our \"Maritime\" buffet<\/h2>\t\t\t\t<\/div>\n\t\t\t\t<\/div>\n\t\t\t\t<div class=\"elementor-element elementor-element-bf7f457 elementor-widget elementor-widget-text-editor\" data-id=\"bf7f457\" data-element_type=\"widget\" data-e-type=\"widget\" data-widget_type=\"text-editor.default\">\n\t\t\t\t<div class=\"elementor-widget-container\">\n\t\t\t\t\t\t\t\t\t<p style=\"text-align: center;\">Feel free to let us know your final selection in person or via the digital event planner.<\/p>\t\t\t\t\t\t\t\t<\/div>\n\t\t\t\t<\/div>\n\t\t\t\t\t<\/div>\n\t\t<\/div>\n\t\t\t\t\t<\/div>\n\t\t<\/section>\n\t\t\t\t<section class=\"elementor-section elementor-top-section elementor-element elementor-element-8aa24ac elementor-section-boxed elementor-section-height-default elementor-section-height-default\" data-id=\"8aa24ac\" data-element_type=\"section\" data-e-type=\"section\" data-settings=\"{&quot;_ha_eqh_enable&quot;:false}\">\n\t\t\t\t\t\t<div class=\"elementor-container elementor-column-gap-default\">\n\t\t\t\t\t<div class=\"elementor-column elementor-col-100 elementor-top-column elementor-element elementor-element-c008da6\" data-id=\"c008da6\" data-element_type=\"column\" data-e-type=\"column\">\n\t\t\t<div class=\"elementor-widget-wrap elementor-element-populated\">\n\t\t\t\t\t\t<div class=\"elementor-element elementor-element-23bc8ad elementor-widget elementor-widget-template\" data-id=\"23bc8ad\" data-element_type=\"widget\" data-e-type=\"widget\" data-widget_type=\"template.default\">\n\t\t\t\t<div class=\"elementor-widget-container\">\n\t\t\t\t\t\t\t<div class=\"elementor-template\">\n\t\t\t\t\t<div data-elementor-type=\"section\" data-elementor-id=\"116495\" class=\"elementor elementor-116495\" data-elementor-settings=\"{&quot;ha_cmc_init_switcher&quot;:&quot;no&quot;}\" data-elementor-post-type=\"elementor_library\">\n\t\t\t\t\t<section class=\"elementor-section elementor-top-section elementor-element elementor-element-581184c elementor-section-boxed elementor-section-height-default elementor-section-height-default\" data-id=\"581184c\" data-element_type=\"section\" data-e-type=\"section\" data-settings=\"{&quot;_ha_eqh_enable&quot;:false}\">\n\t\t\t\t\t\t<div class=\"elementor-container elementor-column-gap-default\">\n\t\t\t\t\t<div class=\"elementor-column elementor-col-100 elementor-top-column elementor-element elementor-element-26404459\" data-id=\"26404459\" data-element_type=\"column\" data-e-type=\"column\">\n\t\t\t<div class=\"elementor-widget-wrap elementor-element-populated\">\n\t\t\t\t\t\t<div class=\"elementor-element elementor-element-4ff7d913 elementor-widget elementor-widget-heading\" data-id=\"4ff7d913\" data-element_type=\"widget\" data-e-type=\"widget\" data-widget_type=\"heading.default\">\n\t\t\t\t<div class=\"elementor-widget-container\">\n\t\t\t\t\t<p class=\"elementor-heading-title elementor-size-default\">Only the best for your guests<\/p>\t\t\t\t<\/div>\n\t\t\t\t<\/div>\n\t\t\t\t<div class=\"elementor-element elementor-element-1e498c0e elementor-widget-divider--view-line elementor-widget elementor-widget-divider\" data-id=\"1e498c0e\" data-element_type=\"widget\" data-e-type=\"widget\" data-widget_type=\"divider.default\">\n\t\t\t\t<div class=\"elementor-widget-container\">\n\t\t\t\t\t\t\t<div class=\"elementor-divider\">\n\t\t\t<span class=\"elementor-divider-separator\">\n\t\t\t\t\t\t<\/span>\n\t\t<\/div>\n\t\t\t\t\t\t<\/div>\n\t\t\t\t<\/div>\n\t\t\t\t<div class=\"elementor-element elementor-element-5e78836 elementor-widget elementor-widget-text-editor\" data-id=\"5e78836\" data-element_type=\"widget\" data-e-type=\"widget\" data-widget_type=\"text-editor.default\">\n\t\t\t\t<div class=\"elementor-widget-container\">\n\t\t\t\t\t\t\t\t\t<p style=\"text-align: center;\"><b>Our recommendation:<\/b> <b>Decide in advance on our \"<span style=\"text-decoration: underline;\">Starter<\/span>\u201e.<br><\/b><b> <br><\/b>It is ideal to shorten the waiting time for your guests between arrival and the start of the buffet or menu and is a very popular choice with our customers. It consists of a lightly flavoured selection of bread and is served with three selected seasonal dips.<br>Price: 6,50\u20ac net p. person<\/p>\t\t\t\t\t\t\t\t<\/div>\n\t\t\t\t<\/div>\n\t\t\t\t\t<\/div>\n\t\t<\/div>\n\t\t\t\t\t<\/div>\n\t\t<\/section>\n\t\t\t\t<\/div>\n\t\t\t\t<\/div>\n\t\t\t\t\t\t<\/div>\n\t\t\t\t<\/div>\n\t\t\t\t\t<\/div>\n\t\t<\/div>\n\t\t\t\t\t<\/div>\n\t\t<\/section>\n\t\t\t\t<section class=\"elementor-section elementor-top-section elementor-element elementor-element-627e63e elementor-section-boxed elementor-section-height-default elementor-section-height-default\" data-id=\"627e63e\" data-element_type=\"section\" data-e-type=\"section\" data-settings=\"{&quot;_ha_eqh_enable&quot;:false}\">\n\t\t\t\t\t\t<div class=\"elementor-container elementor-column-gap-default\">\n\t\t\t\t\t<div class=\"elementor-column elementor-col-33 elementor-top-column elementor-element elementor-element-7449c57\" data-id=\"7449c57\" data-element_type=\"column\" data-e-type=\"column\">\n\t\t\t<div class=\"elementor-widget-wrap elementor-element-populated\">\n\t\t\t\t\t\t<div class=\"elementor-element elementor-element-40f01c7 elementor-hidden-desktop elementor-hidden-tablet elementor-hidden-mobile elementor-widget elementor-widget-image\" data-id=\"40f01c7\" data-element_type=\"widget\" data-e-type=\"widget\" data-widget_type=\"image.default\">\n\t\t\t\t<div class=\"elementor-widget-container\">\n\t\t\t\t\t\t\t\t\t\t\t\t\t\t\t<img fetchpriority=\"high\" decoding=\"async\" width=\"768\" height=\"451\" src=\"https:\/\/faro-gruppe.de\/wp-content\/uploads\/2021\/04\/salat-auf-holzbrett-27253593_m-_5-768x451.jpg\" class=\"attachment-medium_16by9 size-medium_16by9 wp-image-1692\" alt=\"\" \/>\t\t\t\t\t\t\t\t\t\t\t\t\t\t\t<\/div>\n\t\t\t\t<\/div>\n\t\t\t\t<div class=\"elementor-element elementor-element-c32edc4 elementor-widget elementor-widget-heading\" data-id=\"c32edc4\" data-element_type=\"widget\" data-e-type=\"widget\" data-widget_type=\"heading.default\">\n\t\t\t\t<div class=\"elementor-widget-container\">\n\t\t\t\t\t<h2 class=\"elementor-heading-title elementor-size-default\">Starters<\/h2>\t\t\t\t<\/div>\n\t\t\t\t<\/div>\n\t\t\t\t<div class=\"elementor-element elementor-element-b4e0466 elementor-widget elementor-widget-text-editor\" data-id=\"b4e0466\" data-element_type=\"widget\" data-e-type=\"widget\" data-widget_type=\"text-editor.default\">\n\t\t\t\t<div class=\"elementor-widget-container\">\n\t\t\t\t\t\t\t\t\t<p><strong>Fish soup<\/strong><br \/>with aioli | challah bread<\/p><p><strong>Salmon tartare<\/strong><br \/>with coloured radish | blackberry<\/p><p><strong>Duck<\/strong><br \/>with avocado | hoisin | BBQ tomato<\/p><p><strong>Spinach salad\u00a0<\/strong>\u00a0<span class='food-badge vegan'><svg xmlns=\"http:\/\/www.w3.org\/2000\/svg\" viewbox=\"0 0 50 50\"><path d=\"M34,17.05a19.22,19.22,0,0,1-1.91,2.61A19.59,19.59,0,0,1,25.5,24.3c-2.28,1.06-4.64,1.92-6.94,2.95A29.2,29.2,0,0,0,10,32.86L9.79,33a10.73,10.73,0,0,1-1-3A12.3,12.3,0,0,1,15.05,17.4a31.45,31.45,0,0,1,7.89-2.75,74.17,74.17,0,0,0,7.31-1.79,12.82,12.82,0,0,0,6.34-4.3c.24-.3.28-.07.37.09a22.8,22.8,0,0,1,2.47,6.87,21.93,21.93,0,0,1-2.25,14.73,16.91,16.91,0,0,1-12.09,8.82,17.6,17.6,0,0,1-8.62-.23A10.93,10.93,0,0,1,14,37.77c-.26-.16-.39-.1-.58.09a19,19,0,0,0-3.16,4.4c-.39.7-.75,1.43-1.13,2.15-.08.15-.11.28-.35.21a4.88,4.88,0,0,1-2.54-1.78,1,1,0,0,1,0-1.22A31.93,31.93,0,0,1,18.42,30c2-1.08,4-2.1,6-3.18a23.74,23.74,0,0,0,6.25-4.65A19.52,19.52,0,0,0,34,17.34a.28.28,0,0,0,0-.29\"\/><\/svg><\/span><br \/>with garden tomatoes | crispy tofu<\/p>\t\t\t\t\t\t\t\t<\/div>\n\t\t\t\t<\/div>\n\t\t\t\t\t<\/div>\n\t\t<\/div>\n\t\t\t\t<div class=\"elementor-column elementor-col-33 elementor-top-column elementor-element elementor-element-f6fcac5\" data-id=\"f6fcac5\" data-element_type=\"column\" data-e-type=\"column\">\n\t\t\t<div class=\"elementor-widget-wrap elementor-element-populated\">\n\t\t\t\t\t\t<div class=\"elementor-element elementor-element-afd53a9 elementor-hidden-desktop elementor-hidden-tablet elementor-hidden-mobile elementor-widget elementor-widget-image\" data-id=\"afd53a9\" data-element_type=\"widget\" data-e-type=\"widget\" data-widget_type=\"image.default\">\n\t\t\t\t<div class=\"elementor-widget-container\">\n\t\t\t\t\t\t\t\t\t\t\t\t\t\t\t<img decoding=\"async\" src=\"https:\/\/faro-gruppe.de\/wp-content\/uploads\/elementor\/thumbs\/23055772_m-bulgursalat-p639n1vxq1x17ef3cme7g8punid9xl5hck40gg8rhq.jpg\" title=\"23055772_m bulgur salad\" alt=\"23055772_m bulgur salad\" loading=\"lazy\" \/>\t\t\t\t\t\t\t\t\t\t\t\t\t\t\t<\/div>\n\t\t\t\t<\/div>\n\t\t\t\t<div class=\"elementor-element elementor-element-d4b9ca7 elementor-widget elementor-widget-heading\" data-id=\"d4b9ca7\" data-element_type=\"widget\" data-e-type=\"widget\" data-widget_type=\"heading.default\">\n\t\t\t\t<div class=\"elementor-widget-container\">\n\t\t\t\t\t<h2 class=\"elementor-heading-title elementor-size-default\">Main courses<\/h2>\t\t\t\t<\/div>\n\t\t\t\t<\/div>\n\t\t\t\t<div class=\"elementor-element elementor-element-9ab8f52 elementor-widget elementor-widget-text-editor\" data-id=\"9ab8f52\" data-element_type=\"widget\" data-e-type=\"widget\" data-widget_type=\"text-editor.default\">\n\t\t\t\t<div class=\"elementor-widget-container\">\n\t\t\t\t\t\t\t\t\t<p><strong>Cod<\/strong><br \/>with Chinese Broccoli |Podgett Cream<\/p><p><strong>Grilled entrec\u00f4te<\/strong><br \/>with baked vegetables | sweet potato mash<\/p><p><strong>Beetroot dumplings\u00a0<\/strong>\u00a0<span class='food-badge vegetarisch'><svg xmlns=\"http:\/\/www.w3.org\/2000\/svg\" viewbox=\"0 0 50 50\"><path d=\"M33.12,17.66a16.66,16.66,0,0,1-1.58,2.16,16.2,16.2,0,0,1-5.47,3.86c-1.88.88-3.85,1.6-5.75,2.45a24.17,24.17,0,0,0-7.15,4.66l-.13.1a8.62,8.62,0,0,1-.84-2.54A10.21,10.21,0,0,1,17.4,18,25.72,25.72,0,0,1,24,15.67c2-.47,4.09-.82,6.07-1.49a10.74,10.74,0,0,0,5.27-3.57c.19-.25.23-.06.3.08a18.45,18.45,0,0,1,2,5.7,18.24,18.24,0,0,1-1.86,12.23,14.07,14.07,0,0,1-10,7.32,14.59,14.59,0,0,1-7.16-.19,9,9,0,0,1-2.06-.89.33.33,0,0,0-.48.07,16,16,0,0,0-2.62,3.66c-.33.58-.63,1.19-.94,1.78-.06.13-.09.24-.29.18a4,4,0,0,1-2.11-1.48.81.81,0,0,1,0-1A26.53,26.53,0,0,1,20.2,28.4c1.66-.89,3.34-1.74,5-2.64a19.83,19.83,0,0,0,5.19-3.86,16,16,0,0,0,2.71-4,.23.23,0,0,0,0-.24M49.57,25A24.57,24.57,0,1,0,25,49.57,24.6,24.6,0,0,0,49.57,25Zm-2,0A22.57,22.57,0,1,1,25,2.43,22.6,22.6,0,0,1,47.57,25Z\"\/><\/svg><\/span><br \/>with chestnut crisp | parmesan foam<\/p>\t\t\t\t\t\t\t\t<\/div>\n\t\t\t\t<\/div>\n\t\t\t\t\t<\/div>\n\t\t<\/div>\n\t\t\t\t<div class=\"elementor-column elementor-col-33 elementor-top-column elementor-element elementor-element-763d400\" data-id=\"763d400\" data-element_type=\"column\" data-e-type=\"column\">\n\t\t\t<div class=\"elementor-widget-wrap elementor-element-populated\">\n\t\t\t\t\t\t<div class=\"elementor-element elementor-element-e00586d elementor-hidden-desktop elementor-hidden-tablet elementor-hidden-mobile elementor-widget elementor-widget-image\" data-id=\"e00586d\" data-element_type=\"widget\" data-e-type=\"widget\" data-widget_type=\"image.default\">\n\t\t\t\t<div class=\"elementor-widget-container\">\n\t\t\t\t\t\t\t\t\t\t\t\t\t\t\t<img decoding=\"async\" width=\"768\" height=\"451\" src=\"https:\/\/faro-gruppe.de\/wp-content\/uploads\/2021\/04\/12616249_m-schokomousse-768x451.jpg\" class=\"attachment-medium_16by9 size-medium_16by9 wp-image-1738\" alt=\"\" \/>\t\t\t\t\t\t\t\t\t\t\t\t\t\t\t<\/div>\n\t\t\t\t<\/div>\n\t\t\t\t<div class=\"elementor-element elementor-element-18b0096 elementor-widget elementor-widget-heading\" data-id=\"18b0096\" data-element_type=\"widget\" data-e-type=\"widget\" data-widget_type=\"heading.default\">\n\t\t\t\t<div class=\"elementor-widget-container\">\n\t\t\t\t\t<h2 class=\"elementor-heading-title elementor-size-default\">Desserts<\/h2>\t\t\t\t<\/div>\n\t\t\t\t<\/div>\n\t\t\t\t<div class=\"elementor-element elementor-element-640f9ca elementor-widget elementor-widget-text-editor\" data-id=\"640f9ca\" data-element_type=\"widget\" data-e-type=\"widget\" data-widget_type=\"text-editor.default\">\n\t\t\t\t<div class=\"elementor-widget-container\">\n\t\t\t\t\t\t\t\t\t<p><strong>Cr\u00e8me br\u00fbl\u00e9e&nbsp;<\/strong>&nbsp;<span class='food-badge vegan'><svg xmlns=\"http:\/\/www.w3.org\/2000\/svg\" viewbox=\"0 0 50 50\"><path d=\"M34,17.05a19.22,19.22,0,0,1-1.91,2.61A19.59,19.59,0,0,1,25.5,24.3c-2.28,1.06-4.64,1.92-6.94,2.95A29.2,29.2,0,0,0,10,32.86L9.79,33a10.73,10.73,0,0,1-1-3A12.3,12.3,0,0,1,15.05,17.4a31.45,31.45,0,0,1,7.89-2.75,74.17,74.17,0,0,0,7.31-1.79,12.82,12.82,0,0,0,6.34-4.3c.24-.3.28-.07.37.09a22.8,22.8,0,0,1,2.47,6.87,21.93,21.93,0,0,1-2.25,14.73,16.91,16.91,0,0,1-12.09,8.82,17.6,17.6,0,0,1-8.62-.23A10.93,10.93,0,0,1,14,37.77c-.26-.16-.39-.1-.58.09a19,19,0,0,0-3.16,4.4c-.39.7-.75,1.43-1.13,2.15-.08.15-.11.28-.35.21a4.88,4.88,0,0,1-2.54-1.78,1,1,0,0,1,0-1.22A31.93,31.93,0,0,1,18.42,30c2-1.08,4-2.1,6-3.18a23.74,23.74,0,0,0,6.25-4.65A19.52,19.52,0,0,0,34,17.34a.28.28,0,0,0,0-.29\"\/><\/svg><\/span><br>with Thaiti Vanilla | Berries<\/p>\n<p><strong>Nemesis Chocolate Cake&nbsp;<\/strong>&nbsp;<span class='food-badge vegan'><svg xmlns=\"http:\/\/www.w3.org\/2000\/svg\" viewbox=\"0 0 50 50\"><path d=\"M34,17.05a19.22,19.22,0,0,1-1.91,2.61A19.59,19.59,0,0,1,25.5,24.3c-2.28,1.06-4.64,1.92-6.94,2.95A29.2,29.2,0,0,0,10,32.86L9.79,33a10.73,10.73,0,0,1-1-3A12.3,12.3,0,0,1,15.05,17.4a31.45,31.45,0,0,1,7.89-2.75,74.17,74.17,0,0,0,7.31-1.79,12.82,12.82,0,0,0,6.34-4.3c.24-.3.28-.07.37.09a22.8,22.8,0,0,1,2.47,6.87,21.93,21.93,0,0,1-2.25,14.73,16.91,16.91,0,0,1-12.09,8.82,17.6,17.6,0,0,1-8.62-.23A10.93,10.93,0,0,1,14,37.77c-.26-.16-.39-.1-.58.09a19,19,0,0,0-3.16,4.4c-.39.7-.75,1.43-1.13,2.15-.08.15-.11.28-.35.21a4.88,4.88,0,0,1-2.54-1.78,1,1,0,0,1,0-1.22A31.93,31.93,0,0,1,18.42,30c2-1.08,4-2.1,6-3.18a23.74,23.74,0,0,0,6.25-4.65A19.52,19.52,0,0,0,34,17.34a.28.28,0,0,0,0-.29\"\/><\/svg><\/span><br>with berry grits<\/p>\t\t\t\t\t\t\t\t<\/div>\n\t\t\t\t<\/div>\n\t\t\t\t\t<\/div>\n\t\t<\/div>\n\t\t\t\t\t<\/div>\n\t\t<\/section>\n\t\t\t\t<section class=\"elementor-section elementor-top-section elementor-element elementor-element-b5b805b elementor-section-boxed elementor-section-height-default elementor-section-height-default\" data-id=\"b5b805b\" data-element_type=\"section\" data-e-type=\"section\" data-settings=\"{&quot;_ha_eqh_enable&quot;:false}\">\n\t\t\t\t\t\t<div class=\"elementor-container elementor-column-gap-default\">\n\t\t\t\t\t<div class=\"elementor-column elementor-col-100 elementor-top-column elementor-element elementor-element-3ae80d8\" data-id=\"3ae80d8\" data-element_type=\"column\" data-e-type=\"column\">\n\t\t\t<div class=\"elementor-widget-wrap\">\n\t\t\t\t\t\t\t<\/div>\n\t\t<\/div>\n\t\t\t\t\t<\/div>\n\t\t<\/section>\n\t\t\t\t<section class=\"elementor-section elementor-top-section elementor-element elementor-element-4003765 elementor-section-content-middle elementor-section-boxed elementor-section-height-default elementor-section-height-default\" data-id=\"4003765\" data-element_type=\"section\" data-e-type=\"section\" data-settings=\"{&quot;background_background&quot;:&quot;classic&quot;,&quot;background_image&quot;:{&quot;url&quot;:&quot;&quot;,&quot;id&quot;:&quot;&quot;,&quot;size&quot;:&quot;&quot;},&quot;background_image_tablet&quot;:{&quot;url&quot;:&quot;&quot;,&quot;id&quot;:&quot;&quot;,&quot;size&quot;:&quot;&quot;},&quot;background_image_mobile&quot;:{&quot;url&quot;:&quot;&quot;,&quot;id&quot;:&quot;&quot;,&quot;size&quot;:&quot;&quot;},&quot;_ha_eqh_enable&quot;:false}\">\n\t\t\t\t\t\t<div class=\"elementor-container elementor-column-gap-default\">\n\t\t\t\t\t<div class=\"elementor-column elementor-col-66 elementor-top-column elementor-element elementor-element-8013a87\" data-id=\"8013a87\" data-element_type=\"column\" data-e-type=\"column\" data-settings=\"{&quot;background_background&quot;:&quot;classic&quot;}\">\n\t\t\t<div class=\"elementor-widget-wrap elementor-element-populated\">\n\t\t\t\t\t\t<div class=\"elementor-element elementor-element-b9ed7fa elementor-widget__width-auto elementor-widget elementor-widget-heading\" data-id=\"b9ed7fa\" data-element_type=\"widget\" data-e-type=\"widget\" data-widget_type=\"heading.default\">\n\t\t\t\t<div class=\"elementor-widget-container\">\n\t\t\t\t\t<p class=\"elementor-heading-title elementor-size-large\">Price per person: <\/p>\t\t\t\t<\/div>\n\t\t\t\t<\/div>\n\t\t\t\t<div class=\"elementor-element elementor-element-fcb6a2b elementor-widget__width-auto elementor-widget elementor-widget-heading\" data-id=\"fcb6a2b\" data-element_type=\"widget\" data-e-type=\"widget\" data-widget_type=\"heading.default\">\n\t\t\t\t<div class=\"elementor-widget-container\">\n\t\t\t\t\t<p class=\"elementor-heading-title elementor-size-large\">from 64,00\u20ac net<\/p>\t\t\t\t<\/div>\n\t\t\t\t<\/div>\n\t\t\t\t<div class=\"elementor-element elementor-element-2271e21 elementor-widget elementor-widget-heading\" data-id=\"2271e21\" data-element_type=\"widget\" data-e-type=\"widget\" data-widget_type=\"heading.default\">\n\t\t\t\t<div class=\"elementor-widget-container\">\n\t\t\t\t\t<p class=\"elementor-heading-title elementor-size-default\">including crockery, cutlery, staff &amp; equipment<\/p>\t\t\t\t<\/div>\n\t\t\t\t<\/div>\n\t\t\t\t<div class=\"elementor-element elementor-element-5245a43 elementor-widget elementor-widget-heading\" data-id=\"5245a43\" data-element_type=\"widget\" data-e-type=\"widget\" data-widget_type=\"heading.default\">\n\t\t\t\t<div class=\"elementor-widget-container\">\n\t\t\t\t\t<p class=\"elementor-heading-title elementor-size-default\">Status: 01.01.2023*<\/p>\t\t\t\t<\/div>\n\t\t\t\t<\/div>\n\t\t\t\t\t<\/div>\n\t\t<\/div>\n\t\t\t\t<div class=\"elementor-column elementor-col-33 elementor-top-column elementor-element elementor-element-24643e9\" data-id=\"24643e9\" data-element_type=\"column\" data-e-type=\"column\" data-settings=\"{&quot;background_background&quot;:&quot;classic&quot;}\">\n\t\t\t<div class=\"elementor-widget-wrap\">\n\t\t\t\t\t\t\t<\/div>\n\t\t<\/div>\n\t\t\t\t\t<\/div>\n\t\t<\/section>\n\t\t\t\t<section class=\"elementor-section elementor-top-section elementor-element elementor-element-a6b6454 elementor-section-boxed elementor-section-height-default elementor-section-height-default\" data-id=\"a6b6454\" data-element_type=\"section\" data-e-type=\"section\" data-settings=\"{&quot;_ha_eqh_enable&quot;:false}\">\n\t\t\t\t\t\t<div class=\"elementor-container elementor-column-gap-default\">\n\t\t\t\t\t<div class=\"elementor-column elementor-col-100 elementor-top-column elementor-element elementor-element-169bbc1\" data-id=\"169bbc1\" data-element_type=\"column\" data-e-type=\"column\">\n\t\t\t<div class=\"elementor-widget-wrap elementor-element-populated\">\n\t\t\t\t\t\t<div class=\"elementor-element elementor-element-68e4c99 elementor-widget elementor-widget-text-editor\" data-id=\"68e4c99\" data-element_type=\"widget\" data-e-type=\"widget\" data-widget_type=\"text-editor.default\">\n\t\t\t\t<div class=\"elementor-widget-container\">\n\t\t\t\t\t\t\t\t\t<p><em>*Prices are subject to change at short notice. As we do not wish to reduce our quality standards in the event of unforeseeable price increases for energy, goods or personnel, the above price may be subject to percentage price adjustments. We endeavour to avoid these adjustments as far as possible.<\/em><\/p>\t\t\t\t\t\t\t\t<\/div>\n\t\t\t\t<\/div>\n\t\t\t\t\t<\/div>\n\t\t<\/div>\n\t\t\t\t\t<\/div>\n\t\t<\/section>\n\t\t\t\t<\/div>","protected":false},"excerpt":{"rendered":"<p>Price per person: from \u20ac64.00 net<br \/>\nincluding bread selection, crockery, cutlery, staff &amp; equipment<\/p>","protected":false},"author":9,"featured_media":62848,"parent":59111,"menu_order":205,"comment_status":"closed","ping_status":"closed","template":"","meta":{"footnotes":""},"class_list":["post-59483","page","type-page","status-publish","has-post-thumbnail","hentry"],"_links":{"self":[{"href":"https:\/\/faro-gruppe.de\/en\/wp-json\/wp\/v2\/pages\/59483","targetHints":{"allow":["GET"]}}],"collection":[{"href":"https:\/\/faro-gruppe.de\/en\/wp-json\/wp\/v2\/pages"}],"about":[{"href":"https:\/\/faro-gruppe.de\/en\/wp-json\/wp\/v2\/types\/page"}],"author":[{"embeddable":true,"href":"https:\/\/faro-gruppe.de\/en\/wp-json\/wp\/v2\/users\/9"}],"replies":[{"embeddable":true,"href":"https:\/\/faro-gruppe.de\/en\/wp-json\/wp\/v2\/comments?post=59483"}],"version-history":[{"count":10,"href":"https:\/\/faro-gruppe.de\/en\/wp-json\/wp\/v2\/pages\/59483\/revisions"}],"predecessor-version":[{"id":121404,"href":"https:\/\/faro-gruppe.de\/en\/wp-json\/wp\/v2\/pages\/59483\/revisions\/121404"}],"up":[{"embeddable":true,"href":"https:\/\/faro-gruppe.de\/en\/wp-json\/wp\/v2\/pages\/59111"}],"wp:featuredmedia":[{"embeddable":true,"href":"https:\/\/faro-gruppe.de\/en\/wp-json\/wp\/v2\/media\/62848"}],"wp:attachment":[{"href":"https:\/\/faro-gruppe.de\/en\/wp-json\/wp\/v2\/media?parent=59483"}],"curies":[{"name":"wp","href":"https:\/\/api.w.org\/{rel}","templated":true}]}}