{"id":75688,"date":"2022-07-17T21:40:37","date_gmt":"2022-07-17T19:40:37","guid":{"rendered":"https:\/\/faro-gruppe.de\/?page_id=75688"},"modified":"2025-07-08T22:54:03","modified_gmt":"2025-07-08T20:54:03","slug":"fingerfood","status":"publish","type":"page","link":"https:\/\/faro-gruppe.de\/en\/locations\/rivo-spreeterrassen\/kundenbereich\/catering\/speisenauswahl-3\/fingerfood\/","title":{"rendered":"Finger food"},"content":{"rendered":"<div data-elementor-type=\"wp-page\" data-elementor-id=\"75688\" class=\"elementor elementor-75688\" data-elementor-settings=\"{&quot;ha_cmc_init_switcher&quot;:&quot;no&quot;}\" data-elementor-post-type=\"page\">\n\t\t\t\t\t\t<section class=\"elementor-section elementor-top-section elementor-element elementor-element-9c09c64 elementor-section-height-min-height elementor-section-boxed elementor-section-height-default elementor-section-items-middle\" data-id=\"9c09c64\" data-element_type=\"section\" data-e-type=\"section\" data-settings=\"{&quot;background_background&quot;:&quot;classic&quot;,&quot;background_image&quot;:{&quot;id&quot;:62848,&quot;url&quot;:&quot;https:\\\/\\\/faro-gruppe.de\\\/wp-content\\\/uploads\\\/2022\\\/06\\\/rivo-burrata.jpg&quot;},&quot;parallax_background_enable&quot;:&quot;yes&quot;,&quot;parallax_background_speed&quot;:{&quot;unit&quot;:&quot;px&quot;,&quot;size&quot;:1,&quot;sizes&quot;:[]},&quot;background_image_tablet&quot;:{&quot;url&quot;:&quot;&quot;,&quot;id&quot;:&quot;&quot;,&quot;size&quot;:&quot;&quot;},&quot;background_image_mobile&quot;:{&quot;url&quot;:&quot;&quot;,&quot;id&quot;:&quot;&quot;,&quot;size&quot;:&quot;&quot;},&quot;parallax_background_speed_tablet&quot;:{&quot;unit&quot;:&quot;px&quot;,&quot;size&quot;:&quot;&quot;,&quot;sizes&quot;:[]},&quot;parallax_background_speed_mobile&quot;:{&quot;unit&quot;:&quot;px&quot;,&quot;size&quot;:&quot;&quot;,&quot;sizes&quot;:[]},&quot;parallax_background_direction&quot;:&quot;down&quot;,&quot;_ha_eqh_enable&quot;:false}\">\n\t\t\t\t\t\t\t<div class=\"elementor-background-overlay\"><\/div>\n\t\t\t\t\t\t\t<div class=\"elementor-container elementor-column-gap-default\">\n\t\t\t\t\t<div class=\"elementor-column elementor-col-100 elementor-top-column elementor-element elementor-element-402f9ed8\" data-id=\"402f9ed8\" data-element_type=\"column\" data-e-type=\"column\">\n\t\t\t<div class=\"elementor-widget-wrap elementor-element-populated\">\n\t\t\t\t\t\t<div class=\"elementor-element elementor-element-409b0f2 elementor-widget elementor-widget-theme-post-title elementor-page-title elementor-widget-heading\" data-id=\"409b0f2\" data-element_type=\"widget\" data-e-type=\"widget\" data-widget_type=\"theme-post-title.default\">\n\t\t\t\t<div class=\"elementor-widget-container\">\n\t\t\t\t\t<h1 class=\"elementor-heading-title elementor-size-default\">Finger food<\/h1>\t\t\t\t<\/div>\n\t\t\t\t<\/div>\n\t\t\t\t\t<\/div>\n\t\t<\/div>\n\t\t\t\t\t<\/div>\n\t\t<\/section>\n\t\t\t\t<section class=\"elementor-section elementor-top-section elementor-element elementor-element-447b517 elementor-section-boxed elementor-section-height-default elementor-section-height-default\" data-id=\"447b517\" data-element_type=\"section\" data-e-type=\"section\" data-settings=\"{&quot;_ha_eqh_enable&quot;:false}\">\n\t\t\t\t\t\t<div class=\"elementor-container elementor-column-gap-default\">\n\t\t\t\t\t<div class=\"elementor-column elementor-col-100 elementor-top-column elementor-element elementor-element-a5d40f0\" data-id=\"a5d40f0\" data-element_type=\"column\" data-e-type=\"column\">\n\t\t\t<div class=\"elementor-widget-wrap elementor-element-populated\">\n\t\t\t\t\t\t<div class=\"elementor-element elementor-element-da69ca7 elementor-widget elementor-widget-ha-breadcrumbs happy-addon ha-breadcrumbs happy-addon-pro\" data-id=\"da69ca7\" data-element_type=\"widget\" data-e-type=\"widget\" data-widget_type=\"ha-breadcrumbs.default\">\n\t\t\t\t<div class=\"elementor-widget-container\">\n\t\t\t\t\t<ul class=\"ha-breadcrumbs\"><li class=\"ha-breadcrumbs-item ha-breadcrumbs-start\"><a href=\"https:\/\/faro-gruppe.de\/en\/\" rel=\"home\"><span class=\"ha-breadcrumbs-text\"><span class=\"ha-breadcrumbs-home-icon\"><span class=\"fas fa-home\" aria-hidden=\"true\"><\/span><\/span>Homepage<\/span><\/a><\/li><\/ul>\t\t\t\t<\/div>\n\t\t\t\t<\/div>\n\t\t\t\t\t<\/div>\n\t\t<\/div>\n\t\t\t\t\t<\/div>\n\t\t<\/section>\n\t\t\t\t<section class=\"elementor-section elementor-top-section elementor-element elementor-element-ac433a2 elementor-section-boxed elementor-section-height-default elementor-section-height-default\" data-id=\"ac433a2\" data-element_type=\"section\" data-e-type=\"section\" data-settings=\"{&quot;_ha_eqh_enable&quot;:false}\">\n\t\t\t\t\t\t<div class=\"elementor-container elementor-column-gap-default\">\n\t\t\t\t\t<div class=\"elementor-column elementor-col-100 elementor-top-column elementor-element elementor-element-da3175c\" data-id=\"da3175c\" data-element_type=\"column\" data-e-type=\"column\">\n\t\t\t<div class=\"elementor-widget-wrap elementor-element-populated\">\n\t\t\t\t\t\t<div class=\"elementor-element elementor-element-8f34cc4 elementor-widget elementor-widget-heading\" data-id=\"8f34cc4\" data-element_type=\"widget\" data-e-type=\"widget\" data-widget_type=\"heading.default\">\n\t\t\t\t<div class=\"elementor-widget-container\">\n\t\t\t\t\t<h2 class=\"elementor-heading-title elementor-size-default\">Finger food<\/h2>\t\t\t\t<\/div>\n\t\t\t\t<\/div>\n\t\t\t\t<div class=\"elementor-element elementor-element-97dea3c elementor-widget elementor-widget-text-editor\" data-id=\"97dea3c\" data-element_type=\"widget\" data-e-type=\"widget\" data-widget_type=\"text-editor.default\">\n\t\t\t\t<div class=\"elementor-widget-container\">\n\t\t\t\t\t\t\t\t\t<p>15,00\u20ac net per person (3 parts per person)<br>Please select a maximum of 3 different options.<\/p>\t\t\t\t\t\t\t\t<\/div>\n\t\t\t\t<\/div>\n\t\t\t\t<div class=\"elementor-element elementor-element-915cf09 elementor-widget-divider--view-line elementor-widget elementor-widget-divider\" data-id=\"915cf09\" data-element_type=\"widget\" data-e-type=\"widget\" data-widget_type=\"divider.default\">\n\t\t\t\t<div class=\"elementor-widget-container\">\n\t\t\t\t\t\t\t<div class=\"elementor-divider\">\n\t\t\t<span class=\"elementor-divider-separator\">\n\t\t\t\t\t\t<\/span>\n\t\t<\/div>\n\t\t\t\t\t\t<\/div>\n\t\t\t\t<\/div>\n\t\t\t\t\t<\/div>\n\t\t<\/div>\n\t\t\t\t\t<\/div>\n\t\t<\/section>\n\t\t\t\t<section class=\"elementor-section elementor-top-section elementor-element elementor-element-256f4b3 elementor-section-boxed elementor-section-height-default elementor-section-height-default\" data-id=\"256f4b3\" data-element_type=\"section\" data-e-type=\"section\" data-settings=\"{&quot;_ha_eqh_enable&quot;:false}\">\n\t\t\t\t\t\t<div class=\"elementor-container elementor-column-gap-default\">\n\t\t\t\t\t<div class=\"elementor-column elementor-col-33 elementor-top-column elementor-element elementor-element-38015d3\" data-id=\"38015d3\" data-element_type=\"column\" data-e-type=\"column\">\n\t\t\t<div class=\"elementor-widget-wrap elementor-element-populated\">\n\t\t\t\t\t\t<div class=\"elementor-element elementor-element-a428f1d elementor-widget elementor-widget-heading\" data-id=\"a428f1d\" data-element_type=\"widget\" data-e-type=\"widget\" data-widget_type=\"heading.default\">\n\t\t\t\t<div class=\"elementor-widget-container\">\n\t\t\t\t\t<h2 class=\"elementor-heading-title elementor-size-default\">Veggie<\/h2>\t\t\t\t<\/div>\n\t\t\t\t<\/div>\n\t\t\t\t<div class=\"elementor-element elementor-element-ed469c0 elementor-widget elementor-widget-text-editor\" data-id=\"ed469c0\" data-element_type=\"widget\" data-e-type=\"widget\" data-widget_type=\"text-editor.default\">\n\t\t\t\t<div class=\"elementor-widget-container\">\n\t\t\t\t\t\t\t\t\t<p><strong>Pea and sweet potato falafel <span class='food-badge vegan'><svg xmlns=\"http:\/\/www.w3.org\/2000\/svg\" viewbox=\"0 0 50 50\"><path d=\"M34,17.05a19.22,19.22,0,0,1-1.91,2.61A19.59,19.59,0,0,1,25.5,24.3c-2.28,1.06-4.64,1.92-6.94,2.95A29.2,29.2,0,0,0,10,32.86L9.79,33a10.73,10.73,0,0,1-1-3A12.3,12.3,0,0,1,15.05,17.4a31.45,31.45,0,0,1,7.89-2.75,74.17,74.17,0,0,0,7.31-1.79,12.82,12.82,0,0,0,6.34-4.3c.24-.3.28-.07.37.09a22.8,22.8,0,0,1,2.47,6.87,21.93,21.93,0,0,1-2.25,14.73,16.91,16.91,0,0,1-12.09,8.82,17.6,17.6,0,0,1-8.62-.23A10.93,10.93,0,0,1,14,37.77c-.26-.16-.39-.1-.58.09a19,19,0,0,0-3.16,4.4c-.39.7-.75,1.43-1.13,2.15-.08.15-.11.28-.35.21a4.88,4.88,0,0,1-2.54-1.78,1,1,0,0,1,0-1.22A31.93,31.93,0,0,1,18.42,30c2-1.08,4-2.1,6-3.18a23.74,23.74,0,0,0,6.25-4.65A19.52,19.52,0,0,0,34,17.34a.28.28,0,0,0,0-.29\"\/><\/svg><\/span><br \/><\/strong>Mint yoghurt | Hummus\u00a0<\/p><p><strong>Baked aubergine<\/strong> <span class='food-badge vegan'><svg xmlns=\"http:\/\/www.w3.org\/2000\/svg\" viewbox=\"0 0 50 50\"><path d=\"M34,17.05a19.22,19.22,0,0,1-1.91,2.61A19.59,19.59,0,0,1,25.5,24.3c-2.28,1.06-4.64,1.92-6.94,2.95A29.2,29.2,0,0,0,10,32.86L9.79,33a10.73,10.73,0,0,1-1-3A12.3,12.3,0,0,1,15.05,17.4a31.45,31.45,0,0,1,7.89-2.75,74.17,74.17,0,0,0,7.31-1.79,12.82,12.82,0,0,0,6.34-4.3c.24-.3.28-.07.37.09a22.8,22.8,0,0,1,2.47,6.87,21.93,21.93,0,0,1-2.25,14.73,16.91,16.91,0,0,1-12.09,8.82,17.6,17.6,0,0,1-8.62-.23A10.93,10.93,0,0,1,14,37.77c-.26-.16-.39-.1-.58.09a19,19,0,0,0-3.16,4.4c-.39.7-.75,1.43-1.13,2.15-.08.15-.11.28-.35.21a4.88,4.88,0,0,1-2.54-1.78,1,1,0,0,1,0-1.22A31.93,31.93,0,0,1,18.42,30c2-1.08,4-2.1,6-3.18a23.74,23.74,0,0,0,6.25-4.65A19.52,19.52,0,0,0,34,17.34a.28.28,0,0,0,0-.29\"\/><\/svg><\/span>\u00a0<br \/>Muhamara\u00a0<\/p><p><strong>Cauliflower tahini soup\u00a0<\/strong><\/p>\t\t\t\t\t\t\t\t<\/div>\n\t\t\t\t<\/div>\n\t\t\t\t\t<\/div>\n\t\t<\/div>\n\t\t\t\t<div class=\"elementor-column elementor-col-33 elementor-top-column elementor-element elementor-element-09d08b4\" data-id=\"09d08b4\" data-element_type=\"column\" data-e-type=\"column\">\n\t\t\t<div class=\"elementor-widget-wrap elementor-element-populated\">\n\t\t\t\t\t\t<div class=\"elementor-element elementor-element-1074ff1 elementor-widget elementor-widget-heading\" data-id=\"1074ff1\" data-element_type=\"widget\" data-e-type=\"widget\" data-widget_type=\"heading.default\">\n\t\t\t\t<div class=\"elementor-widget-container\">\n\t\t\t\t\t<h2 class=\"elementor-heading-title elementor-size-default\">Fish<\/h2>\t\t\t\t<\/div>\n\t\t\t\t<\/div>\n\t\t\t\t<div class=\"elementor-element elementor-element-c47f79b elementor-widget elementor-widget-text-editor\" data-id=\"c47f79b\" data-element_type=\"widget\" data-e-type=\"widget\" data-widget_type=\"text-editor.default\">\n\t\t\t\t<div class=\"elementor-widget-container\">\n\t\t\t\t\t\t\t\t\t<p><strong>Gebeitzer salmon<br \/><\/strong><span style=\"font-size: 1rem;\">Wakame salad |\u00a0<\/span><span style=\"font-size: 1rem;\">Miso mayo<\/span><\/p><p><strong>Shrimp<br \/><\/strong>Pomegranate | Lemon aioli<\/p><p><strong>Tuna sashimi<br \/><\/strong>Cucumber salad | Crispy chilli oil<\/p>\t\t\t\t\t\t\t\t<\/div>\n\t\t\t\t<\/div>\n\t\t\t\t\t<\/div>\n\t\t<\/div>\n\t\t\t\t<div class=\"elementor-column elementor-col-33 elementor-top-column elementor-element elementor-element-75af1b4\" data-id=\"75af1b4\" data-element_type=\"column\" data-e-type=\"column\">\n\t\t\t<div class=\"elementor-widget-wrap elementor-element-populated\">\n\t\t\t\t\t\t<div class=\"elementor-element elementor-element-7ad7160 elementor-widget elementor-widget-heading\" data-id=\"7ad7160\" data-element_type=\"widget\" data-e-type=\"widget\" data-widget_type=\"heading.default\">\n\t\t\t\t<div class=\"elementor-widget-container\">\n\t\t\t\t\t<h2 class=\"elementor-heading-title elementor-size-default\">Meat<\/h2>\t\t\t\t<\/div>\n\t\t\t\t<\/div>\n\t\t\t\t<div class=\"elementor-element elementor-element-164825f elementor-widget elementor-widget-text-editor\" data-id=\"164825f\" data-element_type=\"widget\" data-e-type=\"widget\" data-widget_type=\"text-editor.default\">\n\t\t\t\t<div class=\"elementor-widget-container\">\n\t\t\t\t\t\t\t\t\t<p><strong>Korean fried chicken<\/strong><br \/>Pointed cabbage | coriander<\/p><p><strong>Beef Tataki<\/strong><br \/>Melted tomatoes | Spring onions<\/p><p><strong>Tatar crustini<\/strong><br \/>Egg yolk confit | chives | mustard caviar<\/p>\t\t\t\t\t\t\t\t<\/div>\n\t\t\t\t<\/div>\n\t\t\t\t\t<\/div>\n\t\t<\/div>\n\t\t\t\t\t<\/div>\n\t\t<\/section>\n\t\t\t\t<section class=\"elementor-section elementor-top-section elementor-element elementor-element-a8c5dbb elementor-section-boxed elementor-section-height-default elementor-section-height-default\" data-id=\"a8c5dbb\" data-element_type=\"section\" data-e-type=\"section\" data-settings=\"{&quot;_ha_eqh_enable&quot;:false}\">\n\t\t\t\t\t\t<div class=\"elementor-container elementor-column-gap-default\">\n\t\t\t\t\t<div class=\"elementor-column elementor-col-100 elementor-top-column elementor-element elementor-element-6cc8e70\" data-id=\"6cc8e70\" data-element_type=\"column\" data-e-type=\"column\">\n\t\t\t<div class=\"elementor-widget-wrap elementor-element-populated\">\n\t\t\t\t\t\t<div class=\"elementor-element elementor-element-18d26bb ee-button-group-halign-right ee-button-group-gap-default elementor-widget elementor-widget-button-group\" data-id=\"18d26bb\" data-element_type=\"widget\" data-e-type=\"widget\" data-settings=\"{&quot;trigger&quot;:&quot;mouseenter&quot;,&quot;trigger_tablet&quot;:&quot;click_target&quot;,&quot;trigger_mobile&quot;:&quot;click_target&quot;,&quot;_hide&quot;:&quot;mouseleave&quot;,&quot;_hide_tablet&quot;:&quot;click_out&quot;,&quot;_hide_mobile&quot;:&quot;click_out&quot;,&quot;position&quot;:&quot;bottom&quot;,&quot;delay_in&quot;:{&quot;unit&quot;:&quot;px&quot;,&quot;size&quot;:&quot;&quot;,&quot;sizes&quot;:[]},&quot;delay_out&quot;:{&quot;unit&quot;:&quot;px&quot;,&quot;size&quot;:&quot;&quot;,&quot;sizes&quot;:[]},&quot;duration&quot;:{&quot;unit&quot;:&quot;px&quot;,&quot;size&quot;:&quot;&quot;,&quot;sizes&quot;:[]}}\" data-widget_type=\"button-group.default\">\n\t\t\t\t<div class=\"elementor-widget-container\">\n\t\t\t\t\t<ul class=\"ee-button-group\"><li class=\"ee-button-gap elementor-repeater-item-f8cc528\">\n\t\t\t\t\t<a class=\"ee-button-wrapper\">\n\n\t\t\t\t\t\t<span class=\"ee-button ee-size-sm\" data-label=\"vegan\">\n\t\t\t\t\t\t\t<span class=\"ee-button-content-wrapper\"><span class=\"ee-button-icon ee-icon ee-icon-support--svg ee-icon--left\"><svg xmlns=\"http:\/\/www.w3.org\/2000\/svg\" viewbox=\"0 0 50 50\"><path d=\"M34,17.05a19.22,19.22,0,0,1-1.91,2.61A19.59,19.59,0,0,1,25.5,24.3c-2.28,1.06-4.64,1.92-6.94,2.95A29.2,29.2,0,0,0,10,32.86L9.79,33a10.73,10.73,0,0,1-1-3A12.3,12.3,0,0,1,15.05,17.4a31.45,31.45,0,0,1,7.89-2.75,74.17,74.17,0,0,0,7.31-1.79,12.82,12.82,0,0,0,6.34-4.3c.24-.3.28-.07.37.09a22.8,22.8,0,0,1,2.47,6.87,21.93,21.93,0,0,1-2.25,14.73,16.91,16.91,0,0,1-12.09,8.82,17.6,17.6,0,0,1-8.62-.23A10.93,10.93,0,0,1,14,37.77c-.26-.16-.39-.1-.58.09a19,19,0,0,0-3.16,4.4c-.39.7-.75,1.43-1.13,2.15-.08.15-.11.28-.35.21a4.88,4.88,0,0,1-2.54-1.78,1,1,0,0,1,0-1.22A31.93,31.93,0,0,1,18.42,30c2-1.08,4-2.1,6-3.18a23.74,23.74,0,0,0,6.25-4.65A19.52,19.52,0,0,0,34,17.34a.28.28,0,0,0,0-.29\"><\/path><\/svg><\/span><span class=\"ee-button-text\">\n\t\t\t\t\t\t\t\t\tvegan\t\t\t\t\t\t\t\t<\/span>\n\n\t\t\t\t\t\t\t\t\n\t\t\t\t\t\t\t<\/span>\n\t\t\t\t\t\t<\/span>\n\n\t\t\t\t\t<\/a>\n\t\t\t\t<\/li><li class=\"ee-button-gap elementor-repeater-item-5ee953c\">\n\t\t\t\t\t<a class=\"ee-button-wrapper\">\n\n\t\t\t\t\t\t<span class=\"ee-button ee-size-sm\" data-label=\"vegetarisch\">\n\t\t\t\t\t\t\t<span class=\"ee-button-content-wrapper\"><span class=\"ee-button-icon ee-icon ee-icon-support--svg ee-icon--left\"><svg xmlns=\"http:\/\/www.w3.org\/2000\/svg\" viewbox=\"0 0 50 50\"><path d=\"M33.12,17.66a16.66,16.66,0,0,1-1.58,2.16,16.2,16.2,0,0,1-5.47,3.86c-1.88.88-3.85,1.6-5.75,2.45a24.17,24.17,0,0,0-7.15,4.66l-.13.1a8.62,8.62,0,0,1-.84-2.54A10.21,10.21,0,0,1,17.4,18,25.72,25.72,0,0,1,24,15.67c2-.47,4.09-.82,6.07-1.49a10.74,10.74,0,0,0,5.27-3.57c.19-.25.23-.06.3.08a18.45,18.45,0,0,1,2,5.7,18.24,18.24,0,0,1-1.86,12.23,14.07,14.07,0,0,1-10,7.32,14.59,14.59,0,0,1-7.16-.19,9,9,0,0,1-2.06-.89.33.33,0,0,0-.48.07,16,16,0,0,0-2.62,3.66c-.33.58-.63,1.19-.94,1.78-.06.13-.09.24-.29.18a4,4,0,0,1-2.11-1.48.81.81,0,0,1,0-1A26.53,26.53,0,0,1,20.2,28.4c1.66-.89,3.34-1.74,5-2.64a19.83,19.83,0,0,0,5.19-3.86,16,16,0,0,0,2.71-4,.23.23,0,0,0,0-.24M49.57,25A24.57,24.57,0,1,0,25,49.57,24.6,24.6,0,0,0,49.57,25Zm-2,0A22.57,22.57,0,1,1,25,2.43,22.6,22.6,0,0,1,47.57,25Z\"><\/path><\/svg><\/span><span class=\"ee-button-text\">\n\t\t\t\t\t\t\t\t\tvegetarian\t\t\t\t\t\t\t\t<\/span>\n\n\t\t\t\t\t\t\t\t\n\t\t\t\t\t\t\t<\/span>\n\t\t\t\t\t\t<\/span>\n\n\t\t\t\t\t<\/a>\n\t\t\t\t<\/li><\/ul>\n\t\t\t\t\t\t<\/div>\n\t\t\t\t<\/div>\n\t\t\t\t<div class=\"elementor-element elementor-element-e14d6f2 elementor-align-right elementor-widget elementor-widget-button\" data-id=\"e14d6f2\" data-element_type=\"widget\" data-e-type=\"widget\" data-widget_type=\"button.default\">\n\t\t\t\t<div class=\"elementor-widget-container\">\n\t\t\t\t\t\t\t\t\t<div class=\"elementor-button-wrapper\">\n\t\t\t\t\t<a class=\"elementor-button elementor-button-link elementor-size-xs\" href=\"#elementor-action%3Aaction%3Dpopup%3Aopen%26settings%3DeyJpZCI6IjEzMTAxMyIsInRvZ2dsZSI6ZmFsc2V9\">\n\t\t\t\t\t\t<span class=\"elementor-button-content-wrapper\">\n\t\t\t\t\t\t\t\t\t<span class=\"elementor-button-text\">Allergen list<\/span>\n\t\t\t\t\t<\/span>\n\t\t\t\t\t<\/a>\n\t\t\t\t<\/div>\n\t\t\t\t\t\t\t\t<\/div>\n\t\t\t\t<\/div>\n\t\t\t\t\t<\/div>\n\t\t<\/div>\n\t\t\t\t\t<\/div>\n\t\t<\/section>\n\t\t\t\t<section class=\"elementor-section elementor-top-section elementor-element elementor-element-50aebf8 elementor-section-boxed elementor-section-height-default elementor-section-height-default\" data-id=\"50aebf8\" data-element_type=\"section\" data-e-type=\"section\" data-settings=\"{&quot;_ha_eqh_enable&quot;:false}\">\n\t\t\t\t\t\t<div class=\"elementor-container elementor-column-gap-default\">\n\t\t\t\t\t<div class=\"elementor-column elementor-col-100 elementor-top-column elementor-element elementor-element-e1221c3\" data-id=\"e1221c3\" data-element_type=\"column\" data-e-type=\"column\">\n\t\t\t<div class=\"elementor-widget-wrap elementor-element-populated\">\n\t\t\t\t\t\t<div class=\"elementor-element elementor-element-6944f41 elementor-widget elementor-widget-text-editor\" data-id=\"6944f41\" data-element_type=\"widget\" data-e-type=\"widget\" data-widget_type=\"text-editor.default\">\n\t\t\t\t<div class=\"elementor-widget-container\">\n\t\t\t\t\t\t\t\t\t<p><em><strong>Hint:<\/strong> Prices are subject to change at short notice. As we do not wish to reduce our quality standards in the event of unforeseeable price increases for energy, goods or personnel, the above price may be subject to percentage price adjustments. We endeavour to avoid these adjustments as far as possible.<\/em><\/p>\t\t\t\t\t\t\t\t<\/div>\n\t\t\t\t<\/div>\n\t\t\t\t\t<\/div>\n\t\t<\/div>\n\t\t\t\t\t<\/div>\n\t\t<\/section>\n\t\t\t\t<\/div>","protected":false},"excerpt":{"rendered":"<p>Startseite Fingerfood 15,00\u20ac netto p. Person (3 Teile pro Person)Bitte w\u00e4hlen Sie maximal 3 verschiedene Optionen. Veggie Erbsen-S\u00fc\u00dfkartoffel-Falafel Minzjoghurt | Hummus\u00a0 Gebackene Aubergine \u00a0Muhamara\u00a0 Blumenkohl Tahini S\u00fcppchen\u00a0 Fisch Gebeitzer LachsWakame Salat |\u00a0Miso Mayo GarneleGranatapfel | Zitronenaioli Sashimi vom ThunfischGurkensalat | Crispy Chili\u00f6l Fleisch Korean Fried ChickenSpitzkohl | Koriander Beef TatakiGeschmolzene Tomaten | Fr\u00fchlingszwiebeln Tatar CrustiniEigelbconfit [&hellip;]\u2026<\/p>\n","protected":false},"author":9,"featured_media":62848,"parent":59111,"menu_order":111,"comment_status":"closed","ping_status":"closed","template":"","meta":{"footnotes":""},"class_list":["post-75688","page","type-page","status-publish","has-post-thumbnail","hentry"],"_links":{"self":[{"href":"https:\/\/faro-gruppe.de\/en\/wp-json\/wp\/v2\/pages\/75688","targetHints":{"allow":["GET"]}}],"collection":[{"href":"https:\/\/faro-gruppe.de\/en\/wp-json\/wp\/v2\/pages"}],"about":[{"href":"https:\/\/faro-gruppe.de\/en\/wp-json\/wp\/v2\/types\/page"}],"author":[{"embeddable":true,"href":"https:\/\/faro-gruppe.de\/en\/wp-json\/wp\/v2\/users\/9"}],"replies":[{"embeddable":true,"href":"https:\/\/faro-gruppe.de\/en\/wp-json\/wp\/v2\/comments?post=75688"}],"version-history":[{"count":10,"href":"https:\/\/faro-gruppe.de\/en\/wp-json\/wp\/v2\/pages\/75688\/revisions"}],"predecessor-version":[{"id":147895,"href":"https:\/\/faro-gruppe.de\/en\/wp-json\/wp\/v2\/pages\/75688\/revisions\/147895"}],"up":[{"embeddable":true,"href":"https:\/\/faro-gruppe.de\/en\/wp-json\/wp\/v2\/pages\/59111"}],"wp:featuredmedia":[{"embeddable":true,"href":"https:\/\/faro-gruppe.de\/en\/wp-json\/wp\/v2\/media\/62848"}],"wp:attachment":[{"href":"https:\/\/faro-gruppe.de\/en\/wp-json\/wp\/v2\/media?parent=75688"}],"curies":[{"name":"wp","href":"https:\/\/api.w.org\/{rel}","templated":true}]}}